{"id":401972,"date":"2026-01-08T09:08:49","date_gmt":"2026-01-08T14:08:49","guid":{"rendered":"https:\/\/www.avenuedesigncanada.com\/product\/buffet-dharkan\/"},"modified":"2026-02-12T10:50:29","modified_gmt":"2026-02-12T15:50:29","slug":"buffet-dharkan","status":"publish","type":"product","link":"https:\/\/www.avenuedesigncanada.com\/fr\/product\/buffet-dharkan\/","title":{"rendered":"Buffet Dharkan"},"content":{"rendered":"<p><em>Le buffet Dharkan pr\u00e9sente les caract\u00e9ristiques suivantes :<\/em><br \/>\nDeux ouvertures \u00e0 l&rsquo;arri\u00e8re pour la gestion des cordons pour l&rsquo;utilisation des m\u00e9dias<br \/>\nDeux \u00e9tag\u00e8res int\u00e9rieures offrant un espace de rangement g\u00e9n\u00e9reux<br \/>\nFabriqu\u00e9 \u00e0 la main par des artisans qualifi\u00e9s en Inde<br \/>\nVariations naturelles c\u00e9l\u00e9br\u00e9es dans la couleur, la texture et la forme<br \/>\nChaque pi\u00e8ce est vraiment unique.<\/p>\n<p>Vous avez des questions sur ce produit ? Nos concepteurs sont l\u00e0 pour vous aider. Appelez-nous au (514) 340-9351  <\/p>\n","protected":false},"excerpt":{"rendered":"<p>Avec ses magnifiques bosquets et ses d\u00e9tails artisanaux de pointe, le buffet Dharkan attire tous les regards. Fabriqu\u00e9 de main de ma\u00eetre en fer avec des portes plaqu\u00e9es aluminium, ce buffet sera certainement une pi\u00e8ce dont les visiteurs parleront pendant des ann\u00e9es. <\/p>\n","protected":false},"featured_media":399088,"template":"","meta":{"_kad_blocks_custom_css":"","_kad_blocks_head_custom_js":"","_kad_blocks_body_custom_js":"","_kad_blocks_footer_custom_js":"","_kad_post_transparent":"","_kad_post_title":"","_kad_post_layout":"","_kad_post_sidebar_id":"","_kad_post_content_style":"","_kad_post_vertical_padding":"","_kad_post_feature":"","_kad_post_feature_position":"","_kad_post_header":false,"_kad_post_footer":false,"_kad_post_classname":""},"product_brand":[],"product_cat":[1854,1303],"product_tag":[1824],"class_list":{"0":"post-401972","1":"product","2":"type-product","3":"status-publish","4":"has-post-thumbnail","6":"product_cat-buffets-fr","7":"product_cat-buffets","8":"product_tag-sol-fr","10":"first","11":"instock","12":"taxable","13":"shipping-taxable","14":"product-type-simple","15":"entry","16":"content-bg","17":"loop-entry"},"taxonomy_info":{"product_cat":[{"value":1854,"label":"Buffets"},{"value":1303,"label":"Buffets"}],"product_tag":[{"value":1824,"label":"SOL"}]},"featured_image_src_large":["https:\/\/www.avenuedesigncanada.com\/wp-content\/uploads\/2026\/01\/Dharkan-main-1024x1024.jpg",1024,1024,true],"author_info":[],"comment_info":"","_links":{"self":[{"href":"https:\/\/www.avenuedesigncanada.com\/fr\/wp-json\/wp\/v2\/product\/401972","targetHints":{"allow":["GET"]}}],"collection":[{"href":"https:\/\/www.avenuedesigncanada.com\/fr\/wp-json\/wp\/v2\/product"}],"about":[{"href":"https:\/\/www.avenuedesigncanada.com\/fr\/wp-json\/wp\/v2\/types\/product"}],"wp:featuredmedia":[{"embeddable":true,"href":"https:\/\/www.avenuedesigncanada.com\/fr\/wp-json\/wp\/v2\/media\/399088"}],"wp:attachment":[{"href":"https:\/\/www.avenuedesigncanada.com\/fr\/wp-json\/wp\/v2\/media?parent=401972"}],"wp:term":[{"taxonomy":"product_brand","embeddable":true,"href":"https:\/\/www.avenuedesigncanada.com\/fr\/wp-json\/wp\/v2\/product_brand?post=401972"},{"taxonomy":"product_cat","embeddable":true,"href":"https:\/\/www.avenuedesigncanada.com\/fr\/wp-json\/wp\/v2\/product_cat?post=401972"},{"taxonomy":"product_tag","embeddable":true,"href":"https:\/\/www.avenuedesigncanada.com\/fr\/wp-json\/wp\/v2\/product_tag?post=401972"}],"curies":[{"name":"wp","href":"https:\/\/api.w.org\/{rel}","templated":true}]}}