{"id":401973,"date":"2026-01-08T09:08:38","date_gmt":"2026-01-08T14:08:38","guid":{"rendered":"https:\/\/www.avenuedesigncanada.com\/product\/buffet-banyan\/"},"modified":"2026-02-12T10:50:29","modified_gmt":"2026-02-12T15:50:29","slug":"buffet-banyan","status":"publish","type":"product","link":"https:\/\/www.avenuedesigncanada.com\/fr\/product\/buffet-banyan\/","title":{"rendered":"Buffet Banyan"},"content":{"rendered":"<p><em>Le buffet Banyan pr\u00e9sente les caract\u00e9ristiques suivantes :<\/em><br \/>\nCourbes arrondies et bords sculpt\u00e9s<br \/>\nDessus en marbre cr\u00e8me avec rev\u00eatement protecteur en PU<br \/>\nBase en placage de bois de ch\u00eane massif<br \/>\nPortes avant \u00e0 ouverture par pression pour un acc\u00e8s transparent<br \/>\n\u00c9tag\u00e8res int\u00e9rieures pour un rangement g\u00e9n\u00e9reux<br \/>\nOuvertures de gestion du cordon \u00e0 l&rsquo;arri\u00e8re pour l&rsquo;utilisation de m\u00e9dias<br \/>\nVeinage de marbre naturel et variation organique du grain du bois<br \/>\nChaque pi\u00e8ce est finie de fa\u00e7on unique.<\/p>\n<p>Vous avez des questions sur ce produit ? Nos concepteurs sont l\u00e0 pour vous aider. Appelez-nous au (514) 340-9351  <\/p>\n","protected":false},"excerpt":{"rendered":"<p>Le buffet Banyan allie des courbes sculpt\u00e9es et un plateau en marbre cr\u00e8me \u00e0 un placage en ch\u00eane massif, mettant en valeur des textures organiques et des veines naturelles. Les portes \u00e0 ouverture par pression cr\u00e9ent un aspect homog\u00e8ne, r\u00e9v\u00e9lant de vastes \u00e9tag\u00e8res int\u00e9rieures et un syst\u00e8me de gestion des cordons \u00e0 l&rsquo;arri\u00e8re pour les m\u00e9dias. Chaque pi\u00e8ce est finie de mani\u00e8re unique, offrant une combinaison unique d&rsquo;artisanat et d&rsquo;\u00e9l\u00e9gance.  <\/p>\n","protected":false},"featured_media":399010,"template":"","meta":{"_kad_blocks_custom_css":"","_kad_blocks_head_custom_js":"","_kad_blocks_body_custom_js":"","_kad_blocks_footer_custom_js":"","_kad_post_transparent":"","_kad_post_title":"","_kad_post_layout":"","_kad_post_sidebar_id":"","_kad_post_content_style":"","_kad_post_vertical_padding":"","_kad_post_feature":"","_kad_post_feature_position":"","_kad_post_header":false,"_kad_post_footer":false,"_kad_post_classname":""},"product_brand":[],"product_cat":[1303,1854],"product_tag":[1824],"class_list":{"0":"post-401973","1":"product","2":"type-product","3":"status-publish","4":"has-post-thumbnail","6":"product_cat-buffets","7":"product_cat-buffets-fr","8":"product_tag-sol-fr","10":"first","11":"instock","12":"taxable","13":"shipping-taxable","14":"product-type-simple","15":"entry","16":"content-bg","17":"loop-entry"},"taxonomy_info":{"product_cat":[{"value":1303,"label":"Buffets"},{"value":1854,"label":"Buffets"}],"product_tag":[{"value":1824,"label":"SOL"}]},"featured_image_src_large":["https:\/\/www.avenuedesigncanada.com\/wp-content\/uploads\/2026\/01\/Banyan-main-1024x1024.jpg",1024,1024,true],"author_info":[],"comment_info":"","_links":{"self":[{"href":"https:\/\/www.avenuedesigncanada.com\/fr\/wp-json\/wp\/v2\/product\/401973","targetHints":{"allow":["GET"]}}],"collection":[{"href":"https:\/\/www.avenuedesigncanada.com\/fr\/wp-json\/wp\/v2\/product"}],"about":[{"href":"https:\/\/www.avenuedesigncanada.com\/fr\/wp-json\/wp\/v2\/types\/product"}],"wp:featuredmedia":[{"embeddable":true,"href":"https:\/\/www.avenuedesigncanada.com\/fr\/wp-json\/wp\/v2\/media\/399010"}],"wp:attachment":[{"href":"https:\/\/www.avenuedesigncanada.com\/fr\/wp-json\/wp\/v2\/media?parent=401973"}],"wp:term":[{"taxonomy":"product_brand","embeddable":true,"href":"https:\/\/www.avenuedesigncanada.com\/fr\/wp-json\/wp\/v2\/product_brand?post=401973"},{"taxonomy":"product_cat","embeddable":true,"href":"https:\/\/www.avenuedesigncanada.com\/fr\/wp-json\/wp\/v2\/product_cat?post=401973"},{"taxonomy":"product_tag","embeddable":true,"href":"https:\/\/www.avenuedesigncanada.com\/fr\/wp-json\/wp\/v2\/product_tag?post=401973"}],"curies":[{"name":"wp","href":"https:\/\/api.w.org\/{rel}","templated":true}]}}