{"id":401976,"date":"2026-01-08T09:08:54","date_gmt":"2026-01-08T14:08:54","guid":{"rendered":"https:\/\/www.avenuedesigncanada.com\/product\/buffet-fauna\/"},"modified":"2026-02-12T10:50:30","modified_gmt":"2026-02-12T15:50:30","slug":"buffet-fauna","status":"publish","type":"product","link":"https:\/\/www.avenuedesigncanada.com\/fr\/product\/buffet-fauna\/","title":{"rendered":"Buffet Fauna"},"content":{"rendered":"<p><em>Le buffet Fauna pr\u00e9sente les caract\u00e9ristiques suivantes :<\/em><br \/>\nPlacage de ch\u00eane taill\u00e9 en hu\u00eetre appliqu\u00e9 \u00e0 la main, mettant en valeur les motifs naturels uniques du grain final<br \/>\nDesign polyvalent pouvant servir de console multim\u00e9dia<br \/>\nDeux ouvertures pour le passage des c\u00e2bles<br \/>\nQuatre \u00e9tag\u00e8res int\u00e9rieures r\u00e9glables pour un rangement flexible<br \/>\nPortes avant sans poign\u00e9e pour un acc\u00e8s propre et sans heurts<br \/>\nFabriqu\u00e9 \u00e0 la main avec des variations de forme, de motif et de couleur c\u00e9l\u00e9br\u00e9es<br \/>\nLes variations naturelles du bois, y compris les fissures subtiles, les n\u0153uds et les loupes, ajoutent du caract\u00e8re<br \/>\nChaque pi\u00e8ce est finie de mani\u00e8re unique.<\/p>\n<p>Vous avez des questions sur ce produit ? Nos concepteurs sont l\u00e0 pour vous aider. Appelez-nous au (514) 340-9351  <\/p>\n","protected":false},"excerpt":{"rendered":"<p>Magnifiquement fabriqu\u00e9 en ch\u00eane massif, le buffet Fauna est un v\u00e9ritable d\u00e9lice. Une \u00e9tonnante mosa\u00efque de placage de ch\u00eane taill\u00e9 en hu\u00eetre est joliment assembl\u00e9e sur les fa\u00e7ades des armoires pour cr\u00e9er un motif distinct qui attire l&rsquo;attention. <\/p>\n","protected":false},"featured_media":399133,"template":"","meta":{"_kad_blocks_custom_css":"","_kad_blocks_head_custom_js":"","_kad_blocks_body_custom_js":"","_kad_blocks_footer_custom_js":"","_kad_post_transparent":"","_kad_post_title":"","_kad_post_layout":"","_kad_post_sidebar_id":"","_kad_post_content_style":"","_kad_post_vertical_padding":"","_kad_post_feature":"","_kad_post_feature_position":"","_kad_post_header":false,"_kad_post_footer":false,"_kad_post_classname":""},"product_brand":[],"product_cat":[1303,1854],"product_tag":[1824],"class_list":{"0":"post-401976","1":"product","2":"type-product","3":"status-publish","4":"has-post-thumbnail","6":"product_cat-buffets","7":"product_cat-buffets-fr","8":"product_tag-sol-fr","10":"first","11":"instock","12":"taxable","13":"shipping-taxable","14":"product-type-simple","15":"entry","16":"content-bg","17":"loop-entry"},"taxonomy_info":{"product_cat":[{"value":1303,"label":"Buffets"},{"value":1854,"label":"Buffets"}],"product_tag":[{"value":1824,"label":"SOL"}]},"featured_image_src_large":["https:\/\/www.avenuedesigncanada.com\/wp-content\/uploads\/2026\/01\/Fauna-main-1024x1024.jpg",1024,1024,true],"author_info":[],"comment_info":"","_links":{"self":[{"href":"https:\/\/www.avenuedesigncanada.com\/fr\/wp-json\/wp\/v2\/product\/401976","targetHints":{"allow":["GET"]}}],"collection":[{"href":"https:\/\/www.avenuedesigncanada.com\/fr\/wp-json\/wp\/v2\/product"}],"about":[{"href":"https:\/\/www.avenuedesigncanada.com\/fr\/wp-json\/wp\/v2\/types\/product"}],"wp:featuredmedia":[{"embeddable":true,"href":"https:\/\/www.avenuedesigncanada.com\/fr\/wp-json\/wp\/v2\/media\/399133"}],"wp:attachment":[{"href":"https:\/\/www.avenuedesigncanada.com\/fr\/wp-json\/wp\/v2\/media?parent=401976"}],"wp:term":[{"taxonomy":"product_brand","embeddable":true,"href":"https:\/\/www.avenuedesigncanada.com\/fr\/wp-json\/wp\/v2\/product_brand?post=401976"},{"taxonomy":"product_cat","embeddable":true,"href":"https:\/\/www.avenuedesigncanada.com\/fr\/wp-json\/wp\/v2\/product_cat?post=401976"},{"taxonomy":"product_tag","embeddable":true,"href":"https:\/\/www.avenuedesigncanada.com\/fr\/wp-json\/wp\/v2\/product_tag?post=401976"}],"curies":[{"name":"wp","href":"https:\/\/api.w.org\/{rel}","templated":true}]}}