{"id":401978,"date":"2026-01-08T09:08:50","date_gmt":"2026-01-08T14:08:50","guid":{"rendered":"https:\/\/www.avenuedesigncanada.com\/product\/buffet-dorada\/"},"modified":"2026-02-12T10:50:31","modified_gmt":"2026-02-12T15:50:31","slug":"buffet-dorada","status":"publish","type":"product","link":"https:\/\/www.avenuedesigncanada.com\/fr\/product\/buffet-dorada\/","title":{"rendered":"Buffet Dorada"},"content":{"rendered":"<p><em>Le buffet Dorada pr\u00e9sente les caract\u00e9ristiques suivantes :<\/em><br \/>\nUn design contemporain \u00e9l\u00e9gant avec des d\u00e9tails raffin\u00e9s<br \/>\nDes proportions \u00e9quilibr\u00e9es pour la salle \u00e0 manger ou le salon<br \/>\nFabriqu\u00e9 pour offrir \u00e0 la fois style et rangement<br \/>\nUne esth\u00e9tique polyvalente adapt\u00e9e aux int\u00e9rieurs modernes<\/p>\n<p>Vous avez des questions sur ce produit ? Nos concepteurs sont l\u00e0 pour vous aider. Appelez-nous au (514) 340-9351  <\/p>\n","protected":false},"excerpt":{"rendered":"<p>D&rsquo;une modernit\u00e9 sans faille et d&rsquo;une silhouette raffin\u00e9e, ce buffet impressionnant ajoutera du style \u00e0 n&rsquo;importe quel espace. Fabriqu\u00e9 \u00e0 partir d&rsquo;un cadre en bois avec une finition grise brillante. Il comprend trois armoires au design lin\u00e9aire. Il est compl\u00e9t\u00e9 par des ferrures en acier inoxydable dor\u00e9.    Le bois \u00e9tant un mat\u00e9riau organique et poreux, ces pi\u00e8ces pr\u00e9sentent des variations naturelles de texture et peuvent \u00e9galement pr\u00e9senter de fines indentations et fissures. Les pi\u00e8ces de bois pr\u00e9sentent \u00e9galement une disparit\u00e9 de couleur et de grain, ainsi que des n\u0153uds et des loupes visibles qui ajoutent au caract\u00e8re de chaque pi\u00e8ce.<\/p>\n","protected":false},"featured_media":399097,"template":"","meta":{"_kad_blocks_custom_css":"","_kad_blocks_head_custom_js":"","_kad_blocks_body_custom_js":"","_kad_blocks_footer_custom_js":"","_kad_post_transparent":"","_kad_post_title":"","_kad_post_layout":"","_kad_post_sidebar_id":"","_kad_post_content_style":"","_kad_post_vertical_padding":"","_kad_post_feature":"","_kad_post_feature_position":"","_kad_post_header":false,"_kad_post_footer":false,"_kad_post_classname":""},"product_brand":[],"product_cat":[1303,1854],"product_tag":[1824],"class_list":{"0":"post-401978","1":"product","2":"type-product","3":"status-publish","4":"has-post-thumbnail","6":"product_cat-buffets","7":"product_cat-buffets-fr","8":"product_tag-sol-fr","10":"first","11":"instock","12":"taxable","13":"shipping-taxable","14":"product-type-simple","15":"entry","16":"content-bg","17":"loop-entry"},"taxonomy_info":{"product_cat":[{"value":1303,"label":"Buffets"},{"value":1854,"label":"Buffets"}],"product_tag":[{"value":1824,"label":"SOL"}]},"featured_image_src_large":["https:\/\/www.avenuedesigncanada.com\/wp-content\/uploads\/2026\/01\/Dorara-main-1024x1024.jpg",1024,1024,true],"author_info":[],"comment_info":"","_links":{"self":[{"href":"https:\/\/www.avenuedesigncanada.com\/fr\/wp-json\/wp\/v2\/product\/401978","targetHints":{"allow":["GET"]}}],"collection":[{"href":"https:\/\/www.avenuedesigncanada.com\/fr\/wp-json\/wp\/v2\/product"}],"about":[{"href":"https:\/\/www.avenuedesigncanada.com\/fr\/wp-json\/wp\/v2\/types\/product"}],"wp:featuredmedia":[{"embeddable":true,"href":"https:\/\/www.avenuedesigncanada.com\/fr\/wp-json\/wp\/v2\/media\/399097"}],"wp:attachment":[{"href":"https:\/\/www.avenuedesigncanada.com\/fr\/wp-json\/wp\/v2\/media?parent=401978"}],"wp:term":[{"taxonomy":"product_brand","embeddable":true,"href":"https:\/\/www.avenuedesigncanada.com\/fr\/wp-json\/wp\/v2\/product_brand?post=401978"},{"taxonomy":"product_cat","embeddable":true,"href":"https:\/\/www.avenuedesigncanada.com\/fr\/wp-json\/wp\/v2\/product_cat?post=401978"},{"taxonomy":"product_tag","embeddable":true,"href":"https:\/\/www.avenuedesigncanada.com\/fr\/wp-json\/wp\/v2\/product_tag?post=401978"}],"curies":[{"name":"wp","href":"https:\/\/api.w.org\/{rel}","templated":true}]}}