{"id":401979,"date":"2026-01-08T09:08:33","date_gmt":"2026-01-08T14:08:33","guid":{"rendered":"https:\/\/www.avenuedesigncanada.com\/product\/buffet-arezza\/"},"modified":"2026-02-12T10:50:31","modified_gmt":"2026-02-12T15:50:31","slug":"buffet-arezza","status":"publish","type":"product","link":"https:\/\/www.avenuedesigncanada.com\/fr\/product\/buffet-arezza\/","title":{"rendered":"Buffet Arezza"},"content":{"rendered":"<p><em>Le buffet Arezza pr\u00e9sente les caract\u00e9ristiques suivantes :<\/em><br \/>\nCadre en bois de ch\u00eane clair au grain naturel visible<br \/>\nFa\u00e7ades droites et incurv\u00e9es<br \/>\nDesign contemporain d&rsquo;inspiration scandinave<br \/>\nVariations naturelles de la texture, du grain et de la couleur<br \/>\nCaract\u00e9ristiques organiques comprenant des n\u0153uds, des loupes et de fines marques de surface<br \/>\nChaque pi\u00e8ce est finie de mani\u00e8re unique.<\/p>\n<p>Vous avez des questions sur ce produit ? Nos concepteurs sont l\u00e0 pour vous aider. Appelez-nous au (514) 340-9351  <\/p>\n","protected":false},"excerpt":{"rendered":"<p>Ce buffet au design scandinave rafra\u00eechissant est un excellent compl\u00e9ment \u00e0 toute salle \u00e0 manger ou salle de s\u00e9jour. Il se compose d&rsquo;un cadre en bois de ch\u00eane lav\u00e9 clair tr\u00e8s convoit\u00e9, avec des veinures visibles et des fa\u00e7ades d&rsquo;armoires \u00e0 bords droits et courb\u00e9s compl\u00e9mentaires.  Le bois \u00e9tant un mat\u00e9riau organique et poreux, ces pi\u00e8ces pr\u00e9sentent des variations naturelles de texture et peuvent \u00e9galement pr\u00e9senter de fines indentations et fissures. Les pi\u00e8ces de bois pr\u00e9sentent \u00e9galement une disparit\u00e9 de couleur et de grain, ainsi que des n\u0153uds et des loupes visibles qui ajoutent au caract\u00e8re de chaque pi\u00e8ce.<\/p>\n","protected":false},"featured_media":398995,"template":"","meta":{"_kad_blocks_custom_css":"","_kad_blocks_head_custom_js":"","_kad_blocks_body_custom_js":"","_kad_blocks_footer_custom_js":"","_kad_post_transparent":"","_kad_post_title":"","_kad_post_layout":"","_kad_post_sidebar_id":"","_kad_post_content_style":"","_kad_post_vertical_padding":"","_kad_post_feature":"","_kad_post_feature_position":"","_kad_post_header":false,"_kad_post_footer":false,"_kad_post_classname":""},"product_brand":[],"product_cat":[1303,1854],"product_tag":[1824],"class_list":{"0":"post-401979","1":"product","2":"type-product","3":"status-publish","4":"has-post-thumbnail","6":"product_cat-buffets","7":"product_cat-buffets-fr","8":"product_tag-sol-fr","10":"first","11":"instock","12":"taxable","13":"shipping-taxable","14":"product-type-simple","15":"entry","16":"content-bg","17":"loop-entry"},"taxonomy_info":{"product_cat":[{"value":1303,"label":"Buffets"},{"value":1854,"label":"Buffets"}],"product_tag":[{"value":1824,"label":"SOL"}]},"featured_image_src_large":["https:\/\/www.avenuedesigncanada.com\/wp-content\/uploads\/2026\/01\/Arezza-Main-1024x1024.jpg",1024,1024,true],"author_info":[],"comment_info":"","_links":{"self":[{"href":"https:\/\/www.avenuedesigncanada.com\/fr\/wp-json\/wp\/v2\/product\/401979","targetHints":{"allow":["GET"]}}],"collection":[{"href":"https:\/\/www.avenuedesigncanada.com\/fr\/wp-json\/wp\/v2\/product"}],"about":[{"href":"https:\/\/www.avenuedesigncanada.com\/fr\/wp-json\/wp\/v2\/types\/product"}],"wp:featuredmedia":[{"embeddable":true,"href":"https:\/\/www.avenuedesigncanada.com\/fr\/wp-json\/wp\/v2\/media\/398995"}],"wp:attachment":[{"href":"https:\/\/www.avenuedesigncanada.com\/fr\/wp-json\/wp\/v2\/media?parent=401979"}],"wp:term":[{"taxonomy":"product_brand","embeddable":true,"href":"https:\/\/www.avenuedesigncanada.com\/fr\/wp-json\/wp\/v2\/product_brand?post=401979"},{"taxonomy":"product_cat","embeddable":true,"href":"https:\/\/www.avenuedesigncanada.com\/fr\/wp-json\/wp\/v2\/product_cat?post=401979"},{"taxonomy":"product_tag","embeddable":true,"href":"https:\/\/www.avenuedesigncanada.com\/fr\/wp-json\/wp\/v2\/product_tag?post=401979"}],"curies":[{"name":"wp","href":"https:\/\/api.w.org\/{rel}","templated":true}]}}