{"id":401981,"date":"2026-01-08T09:08:53","date_gmt":"2026-01-08T14:08:53","guid":{"rendered":"https:\/\/www.avenuedesigncanada.com\/product\/buffet-fable\/"},"modified":"2026-02-12T10:50:32","modified_gmt":"2026-02-12T15:50:32","slug":"buffet-fable","status":"publish","type":"product","link":"https:\/\/www.avenuedesigncanada.com\/fr\/product\/buffet-fable\/","title":{"rendered":"Buffet Fable"},"content":{"rendered":"<p><em>Le buffet Fable pr\u00e9sente les caract\u00e9ristiques suivantes :<\/em><br \/>\nDeux ouvertures de gestion des cordons \u00e0 l&rsquo;arri\u00e8re pour une organisation facile<br \/>\nPortes de placard \u00e0 fermeture souple pour un fonctionnement en douceur<br \/>\nFabriqu\u00e9 \u00e0 la main par des artisans qualifi\u00e9s en Inde<br \/>\nImperfections uniques telles que des fissures, des marques et des variations de couleur et de forme Texture naturelle du bois avec des indentations et des fissures subtiles, et des variations de couleur et de forme<br \/>\nTexture naturelle du bois avec des indentations et des fissures subtiles<br \/>\nLa disparit\u00e9 des couleurs et du grain, les n\u0153uds et les loupes visibles renforcent le caract\u00e8re<br \/>\nFabriqu\u00e9 en travertin, il pr\u00e9sente des veines naturelles, des piq\u00fbres et des microfissures<br \/>\nLe travertin provient de carri\u00e8res distingu\u00e9es en Turquie.<\/p>\n<p>Vous avez des questions sur ce produit ? Nos concepteurs sont l\u00e0 pour vous aider. Appelez-nous au (514) 340-9351  <\/p>\n","protected":false},"excerpt":{"rendered":"<p>M\u00e9ticuleusement con\u00e7u avec une silhouette sinueuse et une fonctionnalit\u00e9 sans faille, le buffet Fable ne manquera pas de faire parler de lui. Sa forme l\u00e9g\u00e8rement incurv\u00e9e est fabriqu\u00e9e en bois de ch\u00eane massif richement grain\u00e9 et couronn\u00e9e d&rsquo;un plateau en travertin qui apporte un contraste organique dans le ton et la texture. <\/p>\n","protected":false},"featured_media":399124,"template":"","meta":{"_kad_blocks_custom_css":"","_kad_blocks_head_custom_js":"","_kad_blocks_body_custom_js":"","_kad_blocks_footer_custom_js":"","_kad_post_transparent":"","_kad_post_title":"","_kad_post_layout":"","_kad_post_sidebar_id":"","_kad_post_content_style":"","_kad_post_vertical_padding":"","_kad_post_feature":"","_kad_post_feature_position":"","_kad_post_header":false,"_kad_post_footer":false,"_kad_post_classname":""},"product_brand":[],"product_cat":[1303,1854],"product_tag":[1824],"class_list":{"0":"post-401981","1":"product","2":"type-product","3":"status-publish","4":"has-post-thumbnail","6":"product_cat-buffets","7":"product_cat-buffets-fr","8":"product_tag-sol-fr","10":"first","11":"instock","12":"taxable","13":"shipping-taxable","14":"product-type-simple","15":"entry","16":"content-bg","17":"loop-entry"},"taxonomy_info":{"product_cat":[{"value":1303,"label":"Buffets"},{"value":1854,"label":"Buffets"}],"product_tag":[{"value":1824,"label":"SOL"}]},"featured_image_src_large":["https:\/\/www.avenuedesigncanada.com\/wp-content\/uploads\/2026\/01\/Fable-Main-1024x1024.jpg",1024,1024,true],"author_info":[],"comment_info":"","_links":{"self":[{"href":"https:\/\/www.avenuedesigncanada.com\/fr\/wp-json\/wp\/v2\/product\/401981","targetHints":{"allow":["GET"]}}],"collection":[{"href":"https:\/\/www.avenuedesigncanada.com\/fr\/wp-json\/wp\/v2\/product"}],"about":[{"href":"https:\/\/www.avenuedesigncanada.com\/fr\/wp-json\/wp\/v2\/types\/product"}],"wp:featuredmedia":[{"embeddable":true,"href":"https:\/\/www.avenuedesigncanada.com\/fr\/wp-json\/wp\/v2\/media\/399124"}],"wp:attachment":[{"href":"https:\/\/www.avenuedesigncanada.com\/fr\/wp-json\/wp\/v2\/media?parent=401981"}],"wp:term":[{"taxonomy":"product_brand","embeddable":true,"href":"https:\/\/www.avenuedesigncanada.com\/fr\/wp-json\/wp\/v2\/product_brand?post=401981"},{"taxonomy":"product_cat","embeddable":true,"href":"https:\/\/www.avenuedesigncanada.com\/fr\/wp-json\/wp\/v2\/product_cat?post=401981"},{"taxonomy":"product_tag","embeddable":true,"href":"https:\/\/www.avenuedesigncanada.com\/fr\/wp-json\/wp\/v2\/product_tag?post=401981"}],"curies":[{"name":"wp","href":"https:\/\/api.w.org\/{rel}","templated":true}]}}