{"id":401983,"date":"2026-01-08T09:08:51","date_gmt":"2026-01-08T14:08:51","guid":{"rendered":"https:\/\/www.avenuedesigncanada.com\/product\/buffet-dresden\/"},"modified":"2026-02-12T10:50:32","modified_gmt":"2026-02-12T15:50:32","slug":"buffet-dresden","status":"publish","type":"product","link":"https:\/\/www.avenuedesigncanada.com\/fr\/product\/buffet-dresden\/","title":{"rendered":"Buffet Dresden"},"content":{"rendered":"<p><em>Le buffet Dresden pr\u00e9sente les caract\u00e9ristiques suivantes :<\/em><br \/>\nQuatre \u00e9tag\u00e8res int\u00e9rieures spacieuses pour un rangement g\u00e9n\u00e9reux<br \/>\nPlacage de ch\u00eane s\u00e9lectionn\u00e9 pour mettre en valeur le grain naturel<br \/>\nFaux cuir cognac Milliken con\u00e7u pour la durabilit\u00e9 et l&rsquo;utilisation quotidienne<br \/>\nFaux cuir exempt de compos\u00e9s volatils nocifs<br \/>\nVariations naturelles de la texture, du grain et de la couleur du bois<br \/>\nLes marques organiques du faux cuir renforcent son aspect authentique<br \/>\nChaque pi\u00e8ce est finie de mani\u00e8re unique.<\/p>\n<p>Vous avez des questions sur ce produit ? Nos concepteurs sont l\u00e0 pour vous aider. Appelez-nous au (514) 340-9351  <\/p>\n","protected":false},"excerpt":{"rendered":"<p>Le style du milieu du si\u00e8cle et l&rsquo;expertise artisanale donnent au buffet Dresden une forme \u00e9l\u00e9gante. Fabriqu\u00e9 en placage de ch\u00eane gris fum\u00e9 avec du faux cuir cognac milliken sur les portes pour un look intriguant. Les poign\u00e9es circulaires textur\u00e9es en bois de ch\u00eane massif ajoutent une touche mondiale.  <\/p>\n","protected":false},"featured_media":399106,"template":"","meta":{"_kad_blocks_custom_css":"","_kad_blocks_head_custom_js":"","_kad_blocks_body_custom_js":"","_kad_blocks_footer_custom_js":"","_kad_post_transparent":"","_kad_post_title":"","_kad_post_layout":"","_kad_post_sidebar_id":"","_kad_post_content_style":"","_kad_post_vertical_padding":"","_kad_post_feature":"","_kad_post_feature_position":"","_kad_post_header":false,"_kad_post_footer":false,"_kad_post_classname":""},"product_brand":[],"product_cat":[1303,1854],"product_tag":[1824],"class_list":{"0":"post-401983","1":"product","2":"type-product","3":"status-publish","4":"has-post-thumbnail","6":"product_cat-buffets","7":"product_cat-buffets-fr","8":"product_tag-sol-fr","10":"first","11":"instock","12":"taxable","13":"shipping-taxable","14":"product-type-simple","15":"entry","16":"content-bg","17":"loop-entry"},"taxonomy_info":{"product_cat":[{"value":1303,"label":"Buffets"},{"value":1854,"label":"Buffets"}],"product_tag":[{"value":1824,"label":"SOL"}]},"featured_image_src_large":["https:\/\/www.avenuedesigncanada.com\/wp-content\/uploads\/2026\/01\/dresden-main-1024x1024.jpg",1024,1024,true],"author_info":[],"comment_info":"","_links":{"self":[{"href":"https:\/\/www.avenuedesigncanada.com\/fr\/wp-json\/wp\/v2\/product\/401983","targetHints":{"allow":["GET"]}}],"collection":[{"href":"https:\/\/www.avenuedesigncanada.com\/fr\/wp-json\/wp\/v2\/product"}],"about":[{"href":"https:\/\/www.avenuedesigncanada.com\/fr\/wp-json\/wp\/v2\/types\/product"}],"wp:featuredmedia":[{"embeddable":true,"href":"https:\/\/www.avenuedesigncanada.com\/fr\/wp-json\/wp\/v2\/media\/399106"}],"wp:attachment":[{"href":"https:\/\/www.avenuedesigncanada.com\/fr\/wp-json\/wp\/v2\/media?parent=401983"}],"wp:term":[{"taxonomy":"product_brand","embeddable":true,"href":"https:\/\/www.avenuedesigncanada.com\/fr\/wp-json\/wp\/v2\/product_brand?post=401983"},{"taxonomy":"product_cat","embeddable":true,"href":"https:\/\/www.avenuedesigncanada.com\/fr\/wp-json\/wp\/v2\/product_cat?post=401983"},{"taxonomy":"product_tag","embeddable":true,"href":"https:\/\/www.avenuedesigncanada.com\/fr\/wp-json\/wp\/v2\/product_tag?post=401983"}],"curies":[{"name":"wp","href":"https:\/\/api.w.org\/{rel}","templated":true}]}}