{"id":401985,"date":"2026-01-08T09:08:52","date_gmt":"2026-01-08T14:08:52","guid":{"rendered":"https:\/\/www.avenuedesigncanada.com\/product\/buffet-ewan\/"},"modified":"2026-02-12T10:50:35","modified_gmt":"2026-02-12T15:50:35","slug":"buffet-ewan","status":"publish","type":"product","link":"https:\/\/www.avenuedesigncanada.com\/fr\/product\/buffet-ewan\/","title":{"rendered":"Buffet Ewan"},"content":{"rendered":"<p><em>Le buffet Ewan pr\u00e9sente les caract\u00e9ristiques suivantes :<\/em><br \/>\nCon\u00e7u pour \u00eatre utilis\u00e9 comme buffet ou console multim\u00e9dia<br \/>\nOuvertures de gestion des c\u00e2bles \u00e0 l&rsquo;arri\u00e8re pour un rangement organis\u00e9 des c\u00e2bles<br \/>\nPortes avant sans poign\u00e9e pour un aspect propre et homog\u00e8ne<br \/>\nQuatre \u00e9tag\u00e8res int\u00e9rieures r\u00e9glables pour un rangement flexible<br \/>\nPortes avant fabriqu\u00e9es \u00e0 partir de placage de poutre de ch\u00eane recycl\u00e9<br \/>\nVariations naturelles du grain, de la texture et de la couleur du bois<br \/>\nChaque pi\u00e8ce pr\u00e9sente un caract\u00e8re unique.<\/p>\n<p>Vous avez des questions sur ce produit ? Nos concepteurs sont l\u00e0 pour vous aider. Appelez-nous au (514) 340-9351  <\/p>\n","protected":false},"excerpt":{"rendered":"<p>La beaut\u00e9 des deux tons des finitions ch\u00eane chaud et ch\u00eane moka fait du buffet Ewan un exemple frappant de sobri\u00e9t\u00e9 moderne. Le grain riche et les n\u0153uds distincts du bois de ch\u00eane massif et du placage de ch\u00eane sauvage s&rsquo;unissent dans un design qui allie harmonieusement beaut\u00e9 organique et fonctionnalit\u00e9. <\/p>\n","protected":false},"featured_media":399115,"template":"","meta":{"_kad_blocks_custom_css":"","_kad_blocks_head_custom_js":"","_kad_blocks_body_custom_js":"","_kad_blocks_footer_custom_js":"","_kad_post_transparent":"","_kad_post_title":"","_kad_post_layout":"","_kad_post_sidebar_id":"","_kad_post_content_style":"","_kad_post_vertical_padding":"","_kad_post_feature":"","_kad_post_feature_position":"","_kad_post_header":false,"_kad_post_footer":false,"_kad_post_classname":""},"product_brand":[],"product_cat":[1854,1303],"product_tag":[1824],"class_list":{"0":"post-401985","1":"product","2":"type-product","3":"status-publish","4":"has-post-thumbnail","6":"product_cat-buffets-fr","7":"product_cat-buffets","8":"product_tag-sol-fr","10":"first","11":"instock","12":"taxable","13":"shipping-taxable","14":"product-type-simple","15":"entry","16":"content-bg","17":"loop-entry"},"taxonomy_info":{"product_cat":[{"value":1854,"label":"Buffets"},{"value":1303,"label":"Buffets"}],"product_tag":[{"value":1824,"label":"SOL"}]},"featured_image_src_large":["https:\/\/www.avenuedesigncanada.com\/wp-content\/uploads\/2026\/01\/Ewan-Main-1024x1024.jpg",1024,1024,true],"author_info":[],"comment_info":"","_links":{"self":[{"href":"https:\/\/www.avenuedesigncanada.com\/fr\/wp-json\/wp\/v2\/product\/401985","targetHints":{"allow":["GET"]}}],"collection":[{"href":"https:\/\/www.avenuedesigncanada.com\/fr\/wp-json\/wp\/v2\/product"}],"about":[{"href":"https:\/\/www.avenuedesigncanada.com\/fr\/wp-json\/wp\/v2\/types\/product"}],"wp:featuredmedia":[{"embeddable":true,"href":"https:\/\/www.avenuedesigncanada.com\/fr\/wp-json\/wp\/v2\/media\/399115"}],"wp:attachment":[{"href":"https:\/\/www.avenuedesigncanada.com\/fr\/wp-json\/wp\/v2\/media?parent=401985"}],"wp:term":[{"taxonomy":"product_brand","embeddable":true,"href":"https:\/\/www.avenuedesigncanada.com\/fr\/wp-json\/wp\/v2\/product_brand?post=401985"},{"taxonomy":"product_cat","embeddable":true,"href":"https:\/\/www.avenuedesigncanada.com\/fr\/wp-json\/wp\/v2\/product_cat?post=401985"},{"taxonomy":"product_tag","embeddable":true,"href":"https:\/\/www.avenuedesigncanada.com\/fr\/wp-json\/wp\/v2\/product_tag?post=401985"}],"curies":[{"name":"wp","href":"https:\/\/api.w.org\/{rel}","templated":true}]}}