{"id":401992,"date":"2026-01-08T09:08:44","date_gmt":"2026-01-08T14:08:44","guid":{"rendered":"https:\/\/www.avenuedesigncanada.com\/product\/buffet-cataldi\/"},"modified":"2026-02-12T10:50:36","modified_gmt":"2026-02-12T15:50:36","slug":"buffet-cataldi","status":"publish","type":"product","link":"https:\/\/www.avenuedesigncanada.com\/fr\/product\/buffet-cataldi\/","title":{"rendered":"Buffet Cataldi"},"content":{"rendered":"<p><em>Le buffet Cataldi pr\u00e9sente les caract\u00e9ristiques suivantes :<\/em><br \/>\n\u00c9tag\u00e8res int\u00e9rieures r\u00e9glables pour un rangement g\u00e9n\u00e9reux<br \/>\nDos fini pour un placement flexible dans la pi\u00e8ce<br \/>\nDessus en marbre cr\u00e8me poli soulignant les caract\u00e9ristiques naturelles<br \/>\nVeines, fissures et variations de couleur du marbre naturel<br \/>\nD\u00e9tails en similicuir con\u00e7us pour refl\u00e9ter l&rsquo;aspect du cuir v\u00e9ritable<br \/>\nVariations naturelles de la texture et des marques du similicuir<br \/>\nChaque pi\u00e8ce est finie de mani\u00e8re unique.<\/p>\n<p>Vous avez des questions sur ce produit ? Nos concepteurs sont l\u00e0 pour vous aider. Appelez-nous au (514) 340-9351  <\/p>\n","protected":false},"excerpt":{"rendered":"<p>Le buffet Cataldi d\u00e9finit l&rsquo;\u00e9l\u00e9gance moderne. Luxueusement con\u00e7u avec un plateau en marbre cappuccino, des portes gain\u00e9es de similicuir taupe et une base en acier inoxydable dor\u00e9 bross\u00e9, ce meuble d\u00e9gage un style raffin\u00e9 gr\u00e2ce \u00e0 son m\u00e9lange \u00e9tonnant de textures et de finitions. <\/p>\n","protected":false},"featured_media":399045,"template":"","meta":{"_kad_blocks_custom_css":"","_kad_blocks_head_custom_js":"","_kad_blocks_body_custom_js":"","_kad_blocks_footer_custom_js":"","_kad_post_transparent":"","_kad_post_title":"","_kad_post_layout":"","_kad_post_sidebar_id":"","_kad_post_content_style":"","_kad_post_vertical_padding":"","_kad_post_feature":"","_kad_post_feature_position":"","_kad_post_header":false,"_kad_post_footer":false,"_kad_post_classname":""},"product_brand":[],"product_cat":[1303,1854],"product_tag":[1824],"class_list":{"0":"post-401992","1":"product","2":"type-product","3":"status-publish","4":"has-post-thumbnail","6":"product_cat-buffets","7":"product_cat-buffets-fr","8":"product_tag-sol-fr","10":"first","11":"instock","12":"taxable","13":"shipping-taxable","14":"product-type-simple","15":"entry","16":"content-bg","17":"loop-entry"},"taxonomy_info":{"product_cat":[{"value":1303,"label":"Buffets"},{"value":1854,"label":"Buffets"}],"product_tag":[{"value":1824,"label":"SOL"}]},"featured_image_src_large":["https:\/\/www.avenuedesigncanada.com\/wp-content\/uploads\/2026\/01\/Cataldi-Main-1024x1024.jpg",1024,1024,true],"author_info":[],"comment_info":"","_links":{"self":[{"href":"https:\/\/www.avenuedesigncanada.com\/fr\/wp-json\/wp\/v2\/product\/401992","targetHints":{"allow":["GET"]}}],"collection":[{"href":"https:\/\/www.avenuedesigncanada.com\/fr\/wp-json\/wp\/v2\/product"}],"about":[{"href":"https:\/\/www.avenuedesigncanada.com\/fr\/wp-json\/wp\/v2\/types\/product"}],"wp:featuredmedia":[{"embeddable":true,"href":"https:\/\/www.avenuedesigncanada.com\/fr\/wp-json\/wp\/v2\/media\/399045"}],"wp:attachment":[{"href":"https:\/\/www.avenuedesigncanada.com\/fr\/wp-json\/wp\/v2\/media?parent=401992"}],"wp:term":[{"taxonomy":"product_brand","embeddable":true,"href":"https:\/\/www.avenuedesigncanada.com\/fr\/wp-json\/wp\/v2\/product_brand?post=401992"},{"taxonomy":"product_cat","embeddable":true,"href":"https:\/\/www.avenuedesigncanada.com\/fr\/wp-json\/wp\/v2\/product_cat?post=401992"},{"taxonomy":"product_tag","embeddable":true,"href":"https:\/\/www.avenuedesigncanada.com\/fr\/wp-json\/wp\/v2\/product_tag?post=401992"}],"curies":[{"name":"wp","href":"https:\/\/api.w.org\/{rel}","templated":true}]}}