{"id":402546,"date":"2026-01-08T08:15:39","date_gmt":"2026-01-08T13:15:39","guid":{"rendered":"https:\/\/www.avenuedesigncanada.com\/product\/table-a-manger-mendoza\/"},"modified":"2026-02-12T10:50:42","modified_gmt":"2026-02-12T15:50:42","slug":"table-a-manger-mendoza","status":"publish","type":"product","link":"https:\/\/www.avenuedesigncanada.com\/fr\/product\/table-a-manger-mendoza\/","title":{"rendered":"Table \u00e0 diner  Mendoza"},"content":{"rendered":"<p><em>La table \u00e0 manger Mendoza pr\u00e9sente les caract\u00e9ristiques suivantes :<\/em><\/p>\n<div class=\"rte\">\n<div class=\"rte\">Un ensemble de bases de table modernes et triangulaires avec des cadres en acier peint par poudrage en or, compl\u00e9t\u00e9s par du bois de ch\u00eane massif. Con\u00e7u pour \u00eatre utilis\u00e9 avec un plateau en verre de 96&Prime; pour une table de salle \u00e0 manger rectangulaire. Le plateau de table est vendu s\u00e9par\u00e9ment. Con\u00e7u pour \u00eatre utilis\u00e9 avec des plateaux de table en verre uniquement.   <\/div>\n<\/div>\n<p>Nos concepteurs sont l\u00e0 pour vous aider.<br \/>\nAppelez-nous au (514) 340-9351<\/p>\n","protected":false},"excerpt":{"rendered":"<p>La table de salle \u00e0 manger Mendoza se compose d&rsquo;un ensemble de bases de table triangulaires modernes fabriqu\u00e9es en acier rev\u00eatu de poudre d&rsquo;or et accentu\u00e9es par du ch\u00eane massif. Con\u00e7ue pour \u00eatre utilis\u00e9e avec un plateau en verre de 96&Prime; pour une table \u00e0 manger rectangulaire, cette pi\u00e8ce allie un style g\u00e9om\u00e9trique contemporain \u00e0 une chaleur naturelle. Le plateau de table est vendu s\u00e9par\u00e9ment ; il est con\u00e7u pour les plateaux en verre uniquement.  <\/p>\n","protected":false},"featured_media":398859,"template":"","meta":{"_kad_blocks_custom_css":"","_kad_blocks_head_custom_js":"","_kad_blocks_body_custom_js":"","_kad_blocks_footer_custom_js":"","_kad_post_transparent":"","_kad_post_title":"","_kad_post_layout":"","_kad_post_sidebar_id":"","_kad_post_content_style":"","_kad_post_vertical_padding":"","_kad_post_feature":"","_kad_post_feature_position":"","_kad_post_header":false,"_kad_post_footer":false,"_kad_post_classname":""},"product_brand":[],"product_cat":[1306],"product_tag":[1824],"class_list":{"0":"post-402546","1":"product","2":"type-product","3":"status-publish","4":"has-post-thumbnail","6":"product_cat-tables-de-salle-a-manger","7":"product_tag-sol-fr","9":"first","10":"instock","11":"taxable","12":"shipping-taxable","13":"product-type-simple","14":"entry","15":"content-bg","16":"loop-entry"},"taxonomy_info":{"product_cat":[{"value":1306,"label":"Tables"}],"product_tag":[{"value":1824,"label":"SOL"}]},"featured_image_src_large":["https:\/\/www.avenuedesigncanada.com\/wp-content\/uploads\/2026\/01\/Mendoza-Main-1024x1024.jpg",1024,1024,true],"author_info":[],"comment_info":"","_links":{"self":[{"href":"https:\/\/www.avenuedesigncanada.com\/fr\/wp-json\/wp\/v2\/product\/402546","targetHints":{"allow":["GET"]}}],"collection":[{"href":"https:\/\/www.avenuedesigncanada.com\/fr\/wp-json\/wp\/v2\/product"}],"about":[{"href":"https:\/\/www.avenuedesigncanada.com\/fr\/wp-json\/wp\/v2\/types\/product"}],"wp:featuredmedia":[{"embeddable":true,"href":"https:\/\/www.avenuedesigncanada.com\/fr\/wp-json\/wp\/v2\/media\/398859"}],"wp:attachment":[{"href":"https:\/\/www.avenuedesigncanada.com\/fr\/wp-json\/wp\/v2\/media?parent=402546"}],"wp:term":[{"taxonomy":"product_brand","embeddable":true,"href":"https:\/\/www.avenuedesigncanada.com\/fr\/wp-json\/wp\/v2\/product_brand?post=402546"},{"taxonomy":"product_cat","embeddable":true,"href":"https:\/\/www.avenuedesigncanada.com\/fr\/wp-json\/wp\/v2\/product_cat?post=402546"},{"taxonomy":"product_tag","embeddable":true,"href":"https:\/\/www.avenuedesigncanada.com\/fr\/wp-json\/wp\/v2\/product_tag?post=402546"}],"curies":[{"name":"wp","href":"https:\/\/api.w.org\/{rel}","templated":true}]}}