{"id":402547,"date":"2026-01-13T11:21:22","date_gmt":"2026-01-13T16:21:22","guid":{"rendered":"https:\/\/www.avenuedesigncanada.com\/product\/table-a-manger-tremont\/"},"modified":"2026-02-12T10:50:42","modified_gmt":"2026-02-12T15:50:42","slug":"table-a-diner-tremont-2","status":"publish","type":"product","link":"https:\/\/www.avenuedesigncanada.com\/fr\/product\/table-a-diner-tremont-2\/","title":{"rendered":"Table \u00e0 diner Tremont"},"content":{"rendered":"<p><em>La table \u00e0 diner Tremont pr\u00e9sente les caract\u00e9ristiques suivantes :<\/em><\/p>\n<p>Repr\u00e9sent\u00e9 en \u00e9rable vermoulu massif ; base et plateau en finition Gunstock\/Black Walnut.<\/p>\n<p>Diff\u00e9rentes essences de bois, finitions et tailles personnalis\u00e9es sont disponibles.<\/p>\n<p>Vous avez des questions sur ce produit ?<\/p>\n<p>Nos concepteurs sont l\u00e0 pour vous aider. Appelez-nous au (514) 340-9351<\/p>\n","protected":false},"excerpt":{"rendered":"<p>Une version contemporaine de la table de salle \u00e0 diner \u00e0 tr\u00e9teaux classique qui d\u00e9finit un nouveau sens du style pour les lignes \u00e9pur\u00e9es et raffin\u00e9es d&rsquo;aujourd&rsquo;hui. Fabriqu\u00e9e sur commande \u00e0 la taille souhait\u00e9e dans une s\u00e9lection d&rsquo;essences de bois comme l&rsquo;\u00e9rable, le fr\u00eane, le ch\u00eane, le noyer, le cerisier, avec diff\u00e9rentes textures de plateau disponibles, et une grande vari\u00e9t\u00e9 de finitions\/couleurs et de niveaux de brillance.<\/p>\n","protected":false},"featured_media":400645,"template":"","meta":{"_kad_blocks_custom_css":"","_kad_blocks_head_custom_js":"","_kad_blocks_body_custom_js":"","_kad_blocks_footer_custom_js":"","_kad_post_transparent":"default","_kad_post_title":"","_kad_post_layout":"default","_kad_post_sidebar_id":"","_kad_post_content_style":"default","_kad_post_vertical_padding":"default","_kad_post_feature":"","_kad_post_feature_position":"","_kad_post_header":false,"_kad_post_footer":false,"_kad_post_classname":""},"product_brand":[],"product_cat":[1841,1865,1306],"product_tag":[1852],"class_list":{"0":"post-402547","1":"product","2":"type-product","3":"status-publish","4":"has-post-thumbnail","6":"product_cat-meubles-sur-mesure","7":"product_cat-table-a-manger-sur-mesure","8":"product_cat-tables-de-salle-a-manger","9":"product_tag-avenue-fr","11":"first","12":"instock","13":"taxable","14":"shipping-taxable","15":"product-type-simple","16":"entry","17":"content-bg","18":"loop-entry"},"taxonomy_info":{"product_cat":[{"value":1841,"label":"Meubles sur mesure"},{"value":1865,"label":"TABLE \u00c0 MANGER SUR MESURE"},{"value":1306,"label":"Tables"}],"product_tag":[{"value":1852,"label":"AVENUE"}]},"featured_image_src_large":["https:\/\/www.avenuedesigncanada.com\/wp-content\/uploads\/2026\/01\/Tremont-Dining-Table-1-1024x1024.jpg",1024,1024,true],"author_info":[],"comment_info":"","_links":{"self":[{"href":"https:\/\/www.avenuedesigncanada.com\/fr\/wp-json\/wp\/v2\/product\/402547","targetHints":{"allow":["GET"]}}],"collection":[{"href":"https:\/\/www.avenuedesigncanada.com\/fr\/wp-json\/wp\/v2\/product"}],"about":[{"href":"https:\/\/www.avenuedesigncanada.com\/fr\/wp-json\/wp\/v2\/types\/product"}],"wp:featuredmedia":[{"embeddable":true,"href":"https:\/\/www.avenuedesigncanada.com\/fr\/wp-json\/wp\/v2\/media\/400645"}],"wp:attachment":[{"href":"https:\/\/www.avenuedesigncanada.com\/fr\/wp-json\/wp\/v2\/media?parent=402547"}],"wp:term":[{"taxonomy":"product_brand","embeddable":true,"href":"https:\/\/www.avenuedesigncanada.com\/fr\/wp-json\/wp\/v2\/product_brand?post=402547"},{"taxonomy":"product_cat","embeddable":true,"href":"https:\/\/www.avenuedesigncanada.com\/fr\/wp-json\/wp\/v2\/product_cat?post=402547"},{"taxonomy":"product_tag","embeddable":true,"href":"https:\/\/www.avenuedesigncanada.com\/fr\/wp-json\/wp\/v2\/product_tag?post=402547"}],"curies":[{"name":"wp","href":"https:\/\/api.w.org\/{rel}","templated":true}]}}