{"id":402550,"date":"2026-01-08T08:15:38","date_gmt":"2026-01-08T13:15:38","guid":{"rendered":"https:\/\/www.avenuedesigncanada.com\/product\/table-a-manger-london\/"},"modified":"2026-02-12T10:50:44","modified_gmt":"2026-02-12T15:50:44","slug":"table-a-manger-london","status":"publish","type":"product","link":"https:\/\/www.avenuedesigncanada.com\/fr\/product\/table-a-manger-london\/","title":{"rendered":"Table \u00e0 diner London"},"content":{"rendered":"<p><em>La table \u00e0 manger London pr\u00e9sente les caract\u00e9ristiques suivantes :<\/em><\/p>\n<div class=\"rte\">\n<div class=\"rte\">Une base de table de salle \u00e0 manger glamour en acier inoxydable avec une finition en or antique bross\u00e9. Con\u00e7ue pour \u00eatre utilis\u00e9e avec un plateau de table ronde en verre de 59&Prime;, ou utilisez deux bases avec un plateau en verre de 86,5&Prime; pour une table de salle \u00e0 manger rectangulaire. Les plateaux de table sont vendus s\u00e9par\u00e9ment. Con\u00e7u pour \u00eatre utilis\u00e9 avec des plateaux de table en verre uniquement.   <\/div>\n<\/div>\n<p>Nos concepteurs sont l\u00e0 pour vous aider.<br \/>\nAppelez-nous au (514) 340-9351<\/p>\n","protected":false},"excerpt":{"rendered":"<p>La table de salle \u00e0 manger London exsude le glamour avec sa base en acier inoxydable finie en or antique bross\u00e9. Con\u00e7ue pour \u00eatre associ\u00e9e \u00e0 un plateau en verre rond de 59 pouces ou \u00e0 deux bases avec un plateau en verre de 86,5 pouces pour une combinaison rectangulaire, cette table est id\u00e9ale pour ceux qui recherchent un style sophistiqu\u00e9 et une polyvalence moderne. Les plateaux de table sont vendus s\u00e9par\u00e9ment ; ils sont con\u00e7us pour les plateaux en verre uniquement.  <\/p>\n","protected":false},"featured_media":398853,"template":"","meta":{"_kad_blocks_custom_css":"","_kad_blocks_head_custom_js":"","_kad_blocks_body_custom_js":"","_kad_blocks_footer_custom_js":"","_kad_post_transparent":"","_kad_post_title":"","_kad_post_layout":"","_kad_post_sidebar_id":"","_kad_post_content_style":"","_kad_post_vertical_padding":"","_kad_post_feature":"","_kad_post_feature_position":"","_kad_post_header":false,"_kad_post_footer":false,"_kad_post_classname":""},"product_brand":[],"product_cat":[1306],"product_tag":[1824],"class_list":{"0":"post-402550","1":"product","2":"type-product","3":"status-publish","4":"has-post-thumbnail","6":"product_cat-tables-de-salle-a-manger","7":"product_tag-sol-fr","9":"first","10":"instock","11":"taxable","12":"shipping-taxable","13":"product-type-simple","14":"entry","15":"content-bg","16":"loop-entry"},"taxonomy_info":{"product_cat":[{"value":1306,"label":"Tables"}],"product_tag":[{"value":1824,"label":"SOL"}]},"featured_image_src_large":["https:\/\/www.avenuedesigncanada.com\/wp-content\/uploads\/2026\/01\/London-main-1024x1024.jpg",1024,1024,true],"author_info":[],"comment_info":"","_links":{"self":[{"href":"https:\/\/www.avenuedesigncanada.com\/fr\/wp-json\/wp\/v2\/product\/402550","targetHints":{"allow":["GET"]}}],"collection":[{"href":"https:\/\/www.avenuedesigncanada.com\/fr\/wp-json\/wp\/v2\/product"}],"about":[{"href":"https:\/\/www.avenuedesigncanada.com\/fr\/wp-json\/wp\/v2\/types\/product"}],"wp:featuredmedia":[{"embeddable":true,"href":"https:\/\/www.avenuedesigncanada.com\/fr\/wp-json\/wp\/v2\/media\/398853"}],"wp:attachment":[{"href":"https:\/\/www.avenuedesigncanada.com\/fr\/wp-json\/wp\/v2\/media?parent=402550"}],"wp:term":[{"taxonomy":"product_brand","embeddable":true,"href":"https:\/\/www.avenuedesigncanada.com\/fr\/wp-json\/wp\/v2\/product_brand?post=402550"},{"taxonomy":"product_cat","embeddable":true,"href":"https:\/\/www.avenuedesigncanada.com\/fr\/wp-json\/wp\/v2\/product_cat?post=402550"},{"taxonomy":"product_tag","embeddable":true,"href":"https:\/\/www.avenuedesigncanada.com\/fr\/wp-json\/wp\/v2\/product_tag?post=402550"}],"curies":[{"name":"wp","href":"https:\/\/api.w.org\/{rel}","templated":true}]}}