{"id":402553,"date":"2026-01-08T08:15:44","date_gmt":"2026-01-08T13:15:44","guid":{"rendered":"https:\/\/www.avenuedesigncanada.com\/product\/table-de-salle-a-manger-nicolette-55\/"},"modified":"2026-02-12T10:50:46","modified_gmt":"2026-02-12T15:50:46","slug":"table-de-salle-a-manger-nicolette-55","status":"publish","type":"product","link":"https:\/\/www.avenuedesigncanada.com\/fr\/product\/table-de-salle-a-manger-nicolette-55\/","title":{"rendered":"Table \u00e0 diner  Nicolette 55"},"content":{"rendered":"<p><em>La table \u00e0 manger Nicolette 55&Prime; pr\u00e9sente les caract\u00e9ristiques suivantes :<\/em><\/p>\n<div class=\"rte\">\n<div class=\"rte\">\n<div class=\"rte\">Table de salle \u00e0 manger ronde et contemporaine de 55&Prime; au design \u00e9pur\u00e9 et raffin\u00e9. La base de la table est \u00e9l\u00e9gamment cannel\u00e9e. <\/div>\n<h4>Caract\u00e9ristiques et avantages<\/h4>\n<ul class=\"tab-details__container\">\n<li>Le b\u00e9ton renforc\u00e9 de fibres de verre est incroyablement durable.<\/li>\n<li>Scell\u00e9 avec une couche de finition pour une protection accrue contre l&rsquo;humidit\u00e9 et les taches.<\/li>\n<li>Fabriqu\u00e9e \u00e0 partir d&rsquo;un m\u00e9lange de b\u00e9ton naturel, chaque pi\u00e8ce aura un aspect diff\u00e9rent.<\/li>\n<li>Les variations de couleur, de texture, les imperfections, les rayures de surface et les fissures capillaires non structurelles sont des qualit\u00e9s inh\u00e9rentes et appr\u00e9ci\u00e9es du b\u00e9ton.<\/li>\n<li>Appliquez des housses de protection ou rangez-les \u00e0 l&rsquo;int\u00e9rieur lorsqu&rsquo;ils ne sont pas utilis\u00e9s et en cas de mauvais temps, afin de prolonger la dur\u00e9e de vie des meubles d&rsquo;ext\u00e9rieur.<\/li>\n<\/ul>\n<\/div>\n<\/div>\n<p>Nos concepteurs sont l\u00e0 pour vous aider.<br \/>\nAppelez-nous au (514) 340-9351<\/p>\n","protected":false},"excerpt":{"rendered":"<p>La table Nicolette, 55&Prime;, offre la m\u00eame \u00e9l\u00e9gance contemporaine dans un design rond plus grand. Sa base cannel\u00e9e sert de pi\u00e8ce ma\u00eetresse et son plateau en b\u00e9ton renforc\u00e9 de fibres de verre offre une durabilit\u00e9 in\u00e9gal\u00e9e. Avec une couche de finition protectrice, cette table r\u00e9siste \u00e0 l&rsquo;humidit\u00e9 et aux taches tout en conservant son aspect raffin\u00e9.  <\/p>\n","protected":false},"featured_media":398879,"template":"","meta":{"_kad_blocks_custom_css":"","_kad_blocks_head_custom_js":"","_kad_blocks_body_custom_js":"","_kad_blocks_footer_custom_js":"","_kad_post_transparent":"","_kad_post_title":"","_kad_post_layout":"","_kad_post_sidebar_id":"","_kad_post_content_style":"","_kad_post_vertical_padding":"","_kad_post_feature":"","_kad_post_feature_position":"","_kad_post_header":false,"_kad_post_footer":false,"_kad_post_classname":""},"product_brand":[],"product_cat":[1306],"product_tag":[1824],"class_list":{"0":"post-402553","1":"product","2":"type-product","3":"status-publish","4":"has-post-thumbnail","6":"product_cat-tables-de-salle-a-manger","7":"product_tag-sol-fr","9":"first","10":"instock","11":"taxable","12":"shipping-taxable","13":"product-type-simple","14":"entry","15":"content-bg","16":"loop-entry"},"taxonomy_info":{"product_cat":[{"value":1306,"label":"Tables"}],"product_tag":[{"value":1824,"label":"SOL"}]},"featured_image_src_large":["https:\/\/www.avenuedesigncanada.com\/wp-content\/uploads\/2026\/01\/Nicolette-1-1-1024x1024.jpg",1024,1024,true],"author_info":[],"comment_info":"","_links":{"self":[{"href":"https:\/\/www.avenuedesigncanada.com\/fr\/wp-json\/wp\/v2\/product\/402553","targetHints":{"allow":["GET"]}}],"collection":[{"href":"https:\/\/www.avenuedesigncanada.com\/fr\/wp-json\/wp\/v2\/product"}],"about":[{"href":"https:\/\/www.avenuedesigncanada.com\/fr\/wp-json\/wp\/v2\/types\/product"}],"wp:featuredmedia":[{"embeddable":true,"href":"https:\/\/www.avenuedesigncanada.com\/fr\/wp-json\/wp\/v2\/media\/398879"}],"wp:attachment":[{"href":"https:\/\/www.avenuedesigncanada.com\/fr\/wp-json\/wp\/v2\/media?parent=402553"}],"wp:term":[{"taxonomy":"product_brand","embeddable":true,"href":"https:\/\/www.avenuedesigncanada.com\/fr\/wp-json\/wp\/v2\/product_brand?post=402553"},{"taxonomy":"product_cat","embeddable":true,"href":"https:\/\/www.avenuedesigncanada.com\/fr\/wp-json\/wp\/v2\/product_cat?post=402553"},{"taxonomy":"product_tag","embeddable":true,"href":"https:\/\/www.avenuedesigncanada.com\/fr\/wp-json\/wp\/v2\/product_tag?post=402553"}],"curies":[{"name":"wp","href":"https:\/\/api.w.org\/{rel}","templated":true}]}}