{"id":402983,"date":"2026-01-08T10:19:59","date_gmt":"2026-01-08T15:19:59","guid":{"rendered":"https:\/\/www.avenuedesigncanada.com\/product\/table-a-cocktail-paloma\/"},"modified":"2026-02-12T10:50:47","modified_gmt":"2026-02-12T15:50:47","slug":"table-a-cocktail-paloma","status":"publish","type":"product","link":"https:\/\/www.avenuedesigncanada.com\/fr\/product\/table-a-cocktail-paloma\/","title":{"rendered":"Table \u00e0 caf\u00e9  Paloma"},"content":{"rendered":"<p><em>Les caract\u00e9ristiques de la table \u00e0 cocktail Paloma :<\/em><\/p>\n<p>Dessus luxueux \u00e0 plateau relevable<br \/>\nCadre incurv\u00e9 en cr\u00e8me brillant<br \/>\nCannelures verticales complexes pour plus de texture<br \/>\nPieds en acier inoxydable dor\u00e9 et incrustation pour plus de d\u00e9finition<br \/>\nTable d&rsquo;appoint et buffet coordonn\u00e9s \u00e9galement disponibles<\/p>\n<p>Vous avez des questions sur ce produit ? Nos concepteurs sont l\u00e0 pour vous aider. Appelez-nous au (514) 340-9351  <\/p>\n","protected":false},"excerpt":{"rendered":"<p>Cette luxueuse table \u00e0 cocktail \u00e0 plateau relevable apportera un esprit sculptural \u00e0 n&rsquo;importe quel espace. Le cadre incurv\u00e9, en finition cr\u00e8me brillante, est contrast\u00e9 par des cannelures verticales complexes. Les pieds et les incrustations en acier inoxydable dor\u00e9 ajoutent \u00e0 la d\u00e9finition. Une table d&rsquo;appoint et un buffet coordonn\u00e9s sont \u00e9galement disponibles.   <\/p>\n","protected":false},"featured_media":400145,"template":"","meta":{"_kad_blocks_custom_css":"","_kad_blocks_head_custom_js":"","_kad_blocks_body_custom_js":"","_kad_blocks_footer_custom_js":"","_kad_post_transparent":"","_kad_post_title":"","_kad_post_layout":"","_kad_post_sidebar_id":"","_kad_post_content_style":"","_kad_post_vertical_padding":"","_kad_post_feature":"","_kad_post_feature_position":"","_kad_post_header":false,"_kad_post_footer":false,"_kad_post_classname":""},"product_brand":[],"product_cat":[1327],"product_tag":[1824],"class_list":{"0":"post-402983","1":"product","2":"type-product","3":"status-publish","4":"has-post-thumbnail","6":"product_cat-salon-tables-a-cafe","7":"product_tag-sol-fr","9":"first","10":"instock","11":"taxable","12":"shipping-taxable","13":"product-type-simple","14":"entry","15":"content-bg","16":"loop-entry"},"taxonomy_info":{"product_cat":[{"value":1327,"label":"Tables \u00e0 caf\u00e9"}],"product_tag":[{"value":1824,"label":"SOL"}]},"featured_image_src_large":["https:\/\/www.avenuedesigncanada.com\/wp-content\/uploads\/2026\/01\/Paloma-1-1024x1024.jpg",1024,1024,true],"author_info":[],"comment_info":"","_links":{"self":[{"href":"https:\/\/www.avenuedesigncanada.com\/fr\/wp-json\/wp\/v2\/product\/402983","targetHints":{"allow":["GET"]}}],"collection":[{"href":"https:\/\/www.avenuedesigncanada.com\/fr\/wp-json\/wp\/v2\/product"}],"about":[{"href":"https:\/\/www.avenuedesigncanada.com\/fr\/wp-json\/wp\/v2\/types\/product"}],"wp:featuredmedia":[{"embeddable":true,"href":"https:\/\/www.avenuedesigncanada.com\/fr\/wp-json\/wp\/v2\/media\/400145"}],"wp:attachment":[{"href":"https:\/\/www.avenuedesigncanada.com\/fr\/wp-json\/wp\/v2\/media?parent=402983"}],"wp:term":[{"taxonomy":"product_brand","embeddable":true,"href":"https:\/\/www.avenuedesigncanada.com\/fr\/wp-json\/wp\/v2\/product_brand?post=402983"},{"taxonomy":"product_cat","embeddable":true,"href":"https:\/\/www.avenuedesigncanada.com\/fr\/wp-json\/wp\/v2\/product_cat?post=402983"},{"taxonomy":"product_tag","embeddable":true,"href":"https:\/\/www.avenuedesigncanada.com\/fr\/wp-json\/wp\/v2\/product_tag?post=402983"}],"curies":[{"name":"wp","href":"https:\/\/api.w.org\/{rel}","templated":true}]}}