{"id":402984,"date":"2026-01-08T10:21:14","date_gmt":"2026-01-08T15:21:14","guid":{"rendered":"https:\/\/www.avenuedesigncanada.com\/product\/table-cocktail-riyaz\/"},"modified":"2026-02-12T10:50:48","modified_gmt":"2026-02-12T15:50:48","slug":"table-cocktail-riyaz","status":"publish","type":"product","link":"https:\/\/www.avenuedesigncanada.com\/fr\/product\/table-cocktail-riyaz\/","title":{"rendered":"Table \u00e0 caf\u00e9  Riyaz"},"content":{"rendered":"<p>Table cocktail Riyaz<br \/>\n<em>Le Riyaz Cocktail Tbale pr\u00e9sente les caract\u00e9ristiques suivantes :<\/em><\/p>\n<p>Fabriqu\u00e9 \u00e0 la main par des artisans qualifi\u00e9s en Inde<\/p>\n<p>Le marbre est un mat\u00e9riau naturel. Les veines, les piq\u00fbres, les fissures, les microfissures et les variations de couleur uniques ajoutent \u00e0 la beaut\u00e9 organique de chaque pi\u00e8ce. <\/p>\n<p>Vous avez des questions sur ce produit ? Nos concepteurs sont l\u00e0 pour vous aider. Appelez-nous au (514) 340-9351  <\/p>\n","protected":false},"excerpt":{"rendered":"<p>Le raffinement du marbre blanc de Banswara \u00e9quilibr\u00e9 par l&rsquo;aspect artistique du m\u00e9tal martel\u00e9 \u00e0 la main rehausse le style traditionnel de la table cocktail Riyaz. Sa forme arrondie et ses tons compl\u00e9mentaires permettent \u00e0 cette table basse de mettre en valeur n&rsquo;importe quel espace de vie. <\/p>\n","protected":false},"featured_media":400169,"template":"","meta":{"_kad_blocks_custom_css":"","_kad_blocks_head_custom_js":"","_kad_blocks_body_custom_js":"","_kad_blocks_footer_custom_js":"","_kad_post_transparent":"","_kad_post_title":"","_kad_post_layout":"","_kad_post_sidebar_id":"","_kad_post_content_style":"","_kad_post_vertical_padding":"","_kad_post_feature":"","_kad_post_feature_position":"","_kad_post_header":false,"_kad_post_footer":false,"_kad_post_classname":""},"product_brand":[],"product_cat":[1327],"product_tag":[1824],"class_list":{"0":"post-402984","1":"product","2":"type-product","3":"status-publish","4":"has-post-thumbnail","6":"product_cat-salon-tables-a-cafe","7":"product_tag-sol-fr","9":"first","10":"instock","11":"taxable","12":"shipping-taxable","13":"product-type-simple","14":"entry","15":"content-bg","16":"loop-entry"},"taxonomy_info":{"product_cat":[{"value":1327,"label":"Tables \u00e0 caf\u00e9"}],"product_tag":[{"value":1824,"label":"SOL"}]},"featured_image_src_large":["https:\/\/www.avenuedesigncanada.com\/wp-content\/uploads\/2026\/01\/Riyaz-1-1-1024x1024.jpg",1024,1024,true],"author_info":[],"comment_info":"","_links":{"self":[{"href":"https:\/\/www.avenuedesigncanada.com\/fr\/wp-json\/wp\/v2\/product\/402984","targetHints":{"allow":["GET"]}}],"collection":[{"href":"https:\/\/www.avenuedesigncanada.com\/fr\/wp-json\/wp\/v2\/product"}],"about":[{"href":"https:\/\/www.avenuedesigncanada.com\/fr\/wp-json\/wp\/v2\/types\/product"}],"wp:featuredmedia":[{"embeddable":true,"href":"https:\/\/www.avenuedesigncanada.com\/fr\/wp-json\/wp\/v2\/media\/400169"}],"wp:attachment":[{"href":"https:\/\/www.avenuedesigncanada.com\/fr\/wp-json\/wp\/v2\/media?parent=402984"}],"wp:term":[{"taxonomy":"product_brand","embeddable":true,"href":"https:\/\/www.avenuedesigncanada.com\/fr\/wp-json\/wp\/v2\/product_brand?post=402984"},{"taxonomy":"product_cat","embeddable":true,"href":"https:\/\/www.avenuedesigncanada.com\/fr\/wp-json\/wp\/v2\/product_cat?post=402984"},{"taxonomy":"product_tag","embeddable":true,"href":"https:\/\/www.avenuedesigncanada.com\/fr\/wp-json\/wp\/v2\/product_tag?post=402984"}],"curies":[{"name":"wp","href":"https:\/\/api.w.org\/{rel}","templated":true}]}}