{"id":402985,"date":"2026-01-08T10:24:12","date_gmt":"2026-01-08T15:24:12","guid":{"rendered":"https:\/\/www.avenuedesigncanada.com\/product\/table-a-cocktail-shiloh\/"},"modified":"2026-02-12T10:50:48","modified_gmt":"2026-02-12T15:50:48","slug":"table-a-cocktail-shiloh","status":"publish","type":"product","link":"https:\/\/www.avenuedesigncanada.com\/fr\/product\/table-a-cocktail-shiloh\/","title":{"rendered":"Table \u00e0 caf\u00e9  Shiloh"},"content":{"rendered":"<p>Table \u00e0 cocktail Shiloh<br \/>\n<em>  La table \u00e0 cocktail Shiloh pr\u00e9sente les caract\u00e9ristiques suivantes :<\/em><\/p>\n<p>Grande table de cocktail au design moderne et \u00e9l\u00e9gant<br \/>\nPlateau unique en verre blanc encadr\u00e9 d&rsquo;acier inoxydable dor\u00e9 bross\u00e9<br \/>\nLa base en bois de ch\u00eane apporte stabilit\u00e9 et contraste<br \/>\nConvient aux environnements r\u00e9sidentiels et commerciaux.<\/p>\n<p>Vous avez des questions sur ce produit ? Nos concepteurs sont l\u00e0 pour vous aider. Appelez-nous au (514) 340-9351  <\/p>\n","protected":false},"excerpt":{"rendered":"<p>Cette grande table de cocktail est \u00e9l\u00e9gante et moderne. Le plateau en verre blanc unique est encadr\u00e9 par un superbe cadre en acier inoxydable dor\u00e9 bross\u00e9 et une base en bois de ch\u00eane noir. Convient aux environnements commerciaux et r\u00e9sidentiels.  <\/p>\n","protected":false},"featured_media":400205,"template":"","meta":{"_kad_blocks_custom_css":"","_kad_blocks_head_custom_js":"","_kad_blocks_body_custom_js":"","_kad_blocks_footer_custom_js":"","_kad_post_transparent":"","_kad_post_title":"","_kad_post_layout":"","_kad_post_sidebar_id":"","_kad_post_content_style":"","_kad_post_vertical_padding":"","_kad_post_feature":"","_kad_post_feature_position":"","_kad_post_header":false,"_kad_post_footer":false,"_kad_post_classname":""},"product_brand":[],"product_cat":[1327],"product_tag":[1824],"class_list":{"0":"post-402985","1":"product","2":"type-product","3":"status-publish","4":"has-post-thumbnail","6":"product_cat-salon-tables-a-cafe","7":"product_tag-sol-fr","9":"first","10":"instock","11":"taxable","12":"shipping-taxable","13":"product-type-simple","14":"entry","15":"content-bg","16":"loop-entry"},"taxonomy_info":{"product_cat":[{"value":1327,"label":"Tables \u00e0 caf\u00e9"}],"product_tag":[{"value":1824,"label":"SOL"}]},"featured_image_src_large":["https:\/\/www.avenuedesigncanada.com\/wp-content\/uploads\/2026\/01\/Shiloh-1-1024x1024.jpg",1024,1024,true],"author_info":[],"comment_info":"","_links":{"self":[{"href":"https:\/\/www.avenuedesigncanada.com\/fr\/wp-json\/wp\/v2\/product\/402985","targetHints":{"allow":["GET"]}}],"collection":[{"href":"https:\/\/www.avenuedesigncanada.com\/fr\/wp-json\/wp\/v2\/product"}],"about":[{"href":"https:\/\/www.avenuedesigncanada.com\/fr\/wp-json\/wp\/v2\/types\/product"}],"wp:featuredmedia":[{"embeddable":true,"href":"https:\/\/www.avenuedesigncanada.com\/fr\/wp-json\/wp\/v2\/media\/400205"}],"wp:attachment":[{"href":"https:\/\/www.avenuedesigncanada.com\/fr\/wp-json\/wp\/v2\/media?parent=402985"}],"wp:term":[{"taxonomy":"product_brand","embeddable":true,"href":"https:\/\/www.avenuedesigncanada.com\/fr\/wp-json\/wp\/v2\/product_brand?post=402985"},{"taxonomy":"product_cat","embeddable":true,"href":"https:\/\/www.avenuedesigncanada.com\/fr\/wp-json\/wp\/v2\/product_cat?post=402985"},{"taxonomy":"product_tag","embeddable":true,"href":"https:\/\/www.avenuedesigncanada.com\/fr\/wp-json\/wp\/v2\/product_tag?post=402985"}],"curies":[{"name":"wp","href":"https:\/\/api.w.org\/{rel}","templated":true}]}}