{"id":402987,"date":"2026-01-08T10:23:45","date_gmt":"2026-01-08T15:23:45","guid":{"rendered":"https:\/\/www.avenuedesigncanada.com\/product\/table-a-cocktail-selah\/"},"modified":"2026-02-12T10:50:49","modified_gmt":"2026-02-12T15:50:49","slug":"table-a-cocktail-selah","status":"publish","type":"product","link":"https:\/\/www.avenuedesigncanada.com\/fr\/product\/table-a-cocktail-selah\/","title":{"rendered":"Table \u00e0 caf\u00e9  Selah"},"content":{"rendered":"<p><em>Caract\u00e9ristiques et avantages :<\/em><\/p>\n<p>Un design moderne minimal qui rehausse tout espace de vie<br \/>\nPlateau de table en marbre de Carrare blanc avec structure en acier inoxydable rev\u00eatu de poudre noire<br \/>\nSoutenu par une base en bois de ch\u00eane noir<br \/>\nLe bois est un mat\u00e9riau organique et poreux ; les variations naturelles de texture, les fines indentations, les fissures, le grain, les n\u0153uds et les loupes sont normales<br \/>\nLe marbre est un mat\u00e9riau naturel ; les veines, les piq\u00fbres, les fissures, les microfissures et les variations de couleur sont inh\u00e9rentes.<\/p>\n<p>Vous avez des questions sur ce produit ? Nos concepteurs sont l\u00e0 pour vous aider. Appelez-nous au (514) 340-9351  <\/p>\n","protected":false},"excerpt":{"rendered":"<p>La table \u00e0 cocktail Selah rehaussera tout espace de vie moderne gr\u00e2ce \u00e0 son design minimal. Le plateau en marbre blanc de Carrare est \u00e9l\u00e9gamment compl\u00e9t\u00e9 par une structure en acier inoxydable rev\u00eatue de poudre noire. Elle est soutenue par une base en bois de ch\u00eane noir.   Le bois \u00e9tant un mat\u00e9riau organique et poreux, ces pi\u00e8ces pr\u00e9sentent des variations naturelles de texture et peuvent \u00e9galement pr\u00e9senter de fines indentations et fissures. Les pi\u00e8ces de bois pr\u00e9sentent \u00e9galement une disparit\u00e9 de couleur et de grain, ainsi que des n\u0153uds et des loupes visibles qui ajoutent au caract\u00e8re de chaque pi\u00e8ce. Le marbre \u00e9tant un mat\u00e9riau naturel, les veines, les piq\u00fbres, les fissures, les microfissures et les variations de couleur sont autant de caract\u00e9ristiques qui ajoutent au caract\u00e8re unique et \u00e0 la beaut\u00e9 de chaque pi\u00e8ce.<\/p>\n","protected":false},"featured_media":400197,"template":"","meta":{"_kad_blocks_custom_css":"","_kad_blocks_head_custom_js":"","_kad_blocks_body_custom_js":"","_kad_blocks_footer_custom_js":"","_kad_post_transparent":"","_kad_post_title":"","_kad_post_layout":"","_kad_post_sidebar_id":"","_kad_post_content_style":"","_kad_post_vertical_padding":"","_kad_post_feature":"","_kad_post_feature_position":"","_kad_post_header":false,"_kad_post_footer":false,"_kad_post_classname":""},"product_brand":[],"product_cat":[1327],"product_tag":[1824],"class_list":{"0":"post-402987","1":"product","2":"type-product","3":"status-publish","4":"has-post-thumbnail","6":"product_cat-salon-tables-a-cafe","7":"product_tag-sol-fr","9":"first","10":"instock","11":"taxable","12":"shipping-taxable","13":"product-type-simple","14":"entry","15":"content-bg","16":"loop-entry"},"taxonomy_info":{"product_cat":[{"value":1327,"label":"Tables \u00e0 caf\u00e9"}],"product_tag":[{"value":1824,"label":"SOL"}]},"featured_image_src_large":["https:\/\/www.avenuedesigncanada.com\/wp-content\/uploads\/2026\/01\/Selah-1-1024x1024.jpg",1024,1024,true],"author_info":[],"comment_info":"","_links":{"self":[{"href":"https:\/\/www.avenuedesigncanada.com\/fr\/wp-json\/wp\/v2\/product\/402987","targetHints":{"allow":["GET"]}}],"collection":[{"href":"https:\/\/www.avenuedesigncanada.com\/fr\/wp-json\/wp\/v2\/product"}],"about":[{"href":"https:\/\/www.avenuedesigncanada.com\/fr\/wp-json\/wp\/v2\/types\/product"}],"wp:featuredmedia":[{"embeddable":true,"href":"https:\/\/www.avenuedesigncanada.com\/fr\/wp-json\/wp\/v2\/media\/400197"}],"wp:attachment":[{"href":"https:\/\/www.avenuedesigncanada.com\/fr\/wp-json\/wp\/v2\/media?parent=402987"}],"wp:term":[{"taxonomy":"product_brand","embeddable":true,"href":"https:\/\/www.avenuedesigncanada.com\/fr\/wp-json\/wp\/v2\/product_brand?post=402987"},{"taxonomy":"product_cat","embeddable":true,"href":"https:\/\/www.avenuedesigncanada.com\/fr\/wp-json\/wp\/v2\/product_cat?post=402987"},{"taxonomy":"product_tag","embeddable":true,"href":"https:\/\/www.avenuedesigncanada.com\/fr\/wp-json\/wp\/v2\/product_tag?post=402987"}],"curies":[{"name":"wp","href":"https:\/\/api.w.org\/{rel}","templated":true}]}}