{"id":402988,"date":"2026-01-08T10:24:41","date_gmt":"2026-01-08T15:24:41","guid":{"rendered":"https:\/\/www.avenuedesigncanada.com\/product\/table-a-cocktail-tarsus\/"},"modified":"2026-02-12T10:50:49","modified_gmt":"2026-02-12T15:50:49","slug":"table-a-cocktail-tarsus","status":"publish","type":"product","link":"https:\/\/www.avenuedesigncanada.com\/fr\/product\/table-a-cocktail-tarsus\/","title":{"rendered":"Table \u00e0 caf\u00e9  Tarsus"},"content":{"rendered":"<div class=\"rte\"><\/div>\n<p><em>  La table \u00e0 cocktail Tarus pr\u00e9sente les caract\u00e9ristiques suivantes :<\/em><\/p>\n<ul class=\"tab-details__container\">\n<li>Le b\u00e9ton renforc\u00e9 de fibres de verre est incroyablement durable.<\/li>\n<li>Scell\u00e9 avec une couche de finition pour une protection accrue contre l&rsquo;humidit\u00e9 et les taches.<\/li>\n<li>La finition bronze antique est r\u00e9alis\u00e9e avec une peinture \u00e0 base d&rsquo;eau.<\/li>\n<li>Fabriqu\u00e9e \u00e0 partir d&rsquo;un m\u00e9lange de b\u00e9ton naturel, chaque pi\u00e8ce aura un aspect diff\u00e9rent.<\/li>\n<li>Les variations de couleur, de texture, les imperfections, les rayures de surface et les fissures capillaires non structurelles sont des qualit\u00e9s inh\u00e9rentes et appr\u00e9ci\u00e9es du b\u00e9ton.<\/li>\n<li>Appliquez des housses de protection ou rangez-les \u00e0 l&rsquo;int\u00e9rieur lorsqu&rsquo;ils ne sont pas utilis\u00e9s et en cas de mauvais temps, afin de prolonger la dur\u00e9e de vie des meubles d&rsquo;ext\u00e9rieur.<\/li>\n<\/ul>\n<p>  Vous avez des questions sur ce produit ? Nos concepteurs sont l\u00e0 pour vous aider. Appelez-nous au (514) 340-9351 <\/p>\n","protected":false},"excerpt":{"rendered":"<p>La table \u00e0 cocktail Tarsus exsude le chic industriel avec son aspect m\u00e9tallique et son design sculpt\u00e9. Fabriqu\u00e9e en b\u00e9ton renforc\u00e9 de fibres de verre, elle pr\u00e9sente une finition en bronze antique. Cette table, qui se remarque sous tous les angles, pr\u00e9sente des arcs ouverts dans sa partie inf\u00e9rieure. Protections en caoutchouc incluses.   <\/p>\n","protected":false},"featured_media":400219,"template":"","meta":{"_kad_blocks_custom_css":"","_kad_blocks_head_custom_js":"","_kad_blocks_body_custom_js":"","_kad_blocks_footer_custom_js":"","_kad_post_transparent":"","_kad_post_title":"","_kad_post_layout":"","_kad_post_sidebar_id":"","_kad_post_content_style":"","_kad_post_vertical_padding":"","_kad_post_feature":"","_kad_post_feature_position":"","_kad_post_header":false,"_kad_post_footer":false,"_kad_post_classname":""},"product_brand":[],"product_cat":[2174,1327],"product_tag":[1824],"class_list":{"0":"post-402988","1":"product","2":"type-product","3":"status-publish","4":"has-post-thumbnail","6":"product_cat-table-basse-dexterieur","7":"product_cat-salon-tables-a-cafe","8":"product_tag-sol-fr","10":"first","11":"instock","12":"taxable","13":"shipping-taxable","14":"product-type-simple","15":"entry","16":"content-bg","17":"loop-entry"},"taxonomy_info":{"product_cat":[{"value":2174,"label":"Table basse d'ext\u00e9rieur"},{"value":1327,"label":"Tables \u00e0 caf\u00e9"}],"product_tag":[{"value":1824,"label":"SOL"}]},"featured_image_src_large":["https:\/\/www.avenuedesigncanada.com\/wp-content\/uploads\/2026\/01\/Tarsus-7-1024x1024.jpg",1024,1024,true],"author_info":[],"comment_info":"","_links":{"self":[{"href":"https:\/\/www.avenuedesigncanada.com\/fr\/wp-json\/wp\/v2\/product\/402988","targetHints":{"allow":["GET"]}}],"collection":[{"href":"https:\/\/www.avenuedesigncanada.com\/fr\/wp-json\/wp\/v2\/product"}],"about":[{"href":"https:\/\/www.avenuedesigncanada.com\/fr\/wp-json\/wp\/v2\/types\/product"}],"wp:featuredmedia":[{"embeddable":true,"href":"https:\/\/www.avenuedesigncanada.com\/fr\/wp-json\/wp\/v2\/media\/400219"}],"wp:attachment":[{"href":"https:\/\/www.avenuedesigncanada.com\/fr\/wp-json\/wp\/v2\/media?parent=402988"}],"wp:term":[{"taxonomy":"product_brand","embeddable":true,"href":"https:\/\/www.avenuedesigncanada.com\/fr\/wp-json\/wp\/v2\/product_brand?post=402988"},{"taxonomy":"product_cat","embeddable":true,"href":"https:\/\/www.avenuedesigncanada.com\/fr\/wp-json\/wp\/v2\/product_cat?post=402988"},{"taxonomy":"product_tag","embeddable":true,"href":"https:\/\/www.avenuedesigncanada.com\/fr\/wp-json\/wp\/v2\/product_tag?post=402988"}],"curies":[{"name":"wp","href":"https:\/\/api.w.org\/{rel}","templated":true}]}}