{"id":402989,"date":"2026-01-08T10:26:29","date_gmt":"2026-01-08T15:26:29","guid":{"rendered":"https:\/\/www.avenuedesigncanada.com\/product\/table-a-cocktail-zelda\/"},"modified":"2026-02-12T10:50:49","modified_gmt":"2026-02-12T15:50:49","slug":"table-a-cocktail-zelda","status":"publish","type":"product","link":"https:\/\/www.avenuedesigncanada.com\/fr\/product\/table-a-cocktail-zelda\/","title":{"rendered":"Table \u00e0 caf\u00e9  Zelda"},"content":{"rendered":"<p>Table \u00e0 cocktail Zelda<br \/>\n<em>  La table \u00e0 cocktail Zelda pr\u00e9sente les caract\u00e9ristiques suivantes :<\/em><\/p>\n<p>Table de cocktail luxueuse con\u00e7ue pour \u00eatre remarqu\u00e9e<br \/>\nPlateau en marbre blanc avec base en acier en laiton antique et noir<br \/>\nLes mat\u00e9riaux naturels pr\u00e9sentent des veines, des fissures et des variations de couleur uniques<br \/>\nUne pi\u00e8ce unique gr\u00e2ce aux d\u00e9tails fabriqu\u00e9s \u00e0 la main<\/p>\n<p>Vous avez des questions sur ce produit ? Nos concepteurs sont l\u00e0 pour vous aider. Appelez-nous au (514) 340-9351  <\/p>\n","protected":false},"excerpt":{"rendered":"<p>D&rsquo;une opulence pure, cette splendide table \u00e0 cocktail est con\u00e7ue pour \u00eatre remarqu\u00e9e. Elle se compose d&rsquo;un plateau en marbre blanc et d&rsquo;une base en acier en laiton antique et noir. Le marbre \u00e9tant un mat\u00e9riau naturel, les veines, les piq\u00fbres, les fissures, les microfissures et les variations de couleur sont autant de caract\u00e9ristiques qui ajoutent au caract\u00e8re unique et \u00e0 la beaut\u00e9 de chaque pi\u00e8ce. Fabriqu\u00e9 en Inde. Ce mod\u00e8le a \u00e9t\u00e9 cr\u00e9\u00e9 par des artisans locaux qualifi\u00e9s, dans le cadre d&rsquo;un travail artisanal raffin\u00e9. En raison de la nature de l&rsquo;artisanat, les imperfections uniques telles que les fissures, les marques et les variations de couleur et de forme sont des caract\u00e9ristiques bienvenues et appr\u00e9ci\u00e9es pour une pi\u00e8ce vraiment unique.     <\/p>\n","protected":false},"featured_media":400251,"template":"","meta":{"_kad_blocks_custom_css":"","_kad_blocks_head_custom_js":"","_kad_blocks_body_custom_js":"","_kad_blocks_footer_custom_js":"","_kad_post_transparent":"","_kad_post_title":"","_kad_post_layout":"","_kad_post_sidebar_id":"","_kad_post_content_style":"","_kad_post_vertical_padding":"","_kad_post_feature":"","_kad_post_feature_position":"","_kad_post_header":false,"_kad_post_footer":false,"_kad_post_classname":""},"product_brand":[],"product_cat":[1327],"product_tag":[1824],"class_list":{"0":"post-402989","1":"product","2":"type-product","3":"status-publish","4":"has-post-thumbnail","6":"product_cat-salon-tables-a-cafe","7":"product_tag-sol-fr","9":"first","10":"instock","11":"taxable","12":"shipping-taxable","13":"product-type-simple","14":"entry","15":"content-bg","16":"loop-entry"},"taxonomy_info":{"product_cat":[{"value":1327,"label":"Tables \u00e0 caf\u00e9"}],"product_tag":[{"value":1824,"label":"SOL"}]},"featured_image_src_large":["https:\/\/www.avenuedesigncanada.com\/wp-content\/uploads\/2026\/01\/Zelda-1-1024x1024.jpg",1024,1024,true],"author_info":[],"comment_info":"","_links":{"self":[{"href":"https:\/\/www.avenuedesigncanada.com\/fr\/wp-json\/wp\/v2\/product\/402989","targetHints":{"allow":["GET"]}}],"collection":[{"href":"https:\/\/www.avenuedesigncanada.com\/fr\/wp-json\/wp\/v2\/product"}],"about":[{"href":"https:\/\/www.avenuedesigncanada.com\/fr\/wp-json\/wp\/v2\/types\/product"}],"wp:featuredmedia":[{"embeddable":true,"href":"https:\/\/www.avenuedesigncanada.com\/fr\/wp-json\/wp\/v2\/media\/400251"}],"wp:attachment":[{"href":"https:\/\/www.avenuedesigncanada.com\/fr\/wp-json\/wp\/v2\/media?parent=402989"}],"wp:term":[{"taxonomy":"product_brand","embeddable":true,"href":"https:\/\/www.avenuedesigncanada.com\/fr\/wp-json\/wp\/v2\/product_brand?post=402989"},{"taxonomy":"product_cat","embeddable":true,"href":"https:\/\/www.avenuedesigncanada.com\/fr\/wp-json\/wp\/v2\/product_cat?post=402989"},{"taxonomy":"product_tag","embeddable":true,"href":"https:\/\/www.avenuedesigncanada.com\/fr\/wp-json\/wp\/v2\/product_tag?post=402989"}],"curies":[{"name":"wp","href":"https:\/\/api.w.org\/{rel}","templated":true}]}}