{"id":402990,"date":"2026-01-08T10:23:22","date_gmt":"2026-01-08T15:23:22","guid":{"rendered":"https:\/\/www.avenuedesigncanada.com\/product\/table-a-cocktail-saber\/"},"modified":"2026-02-12T10:50:50","modified_gmt":"2026-02-12T15:50:50","slug":"table-a-cocktail-saber","status":"publish","type":"product","link":"https:\/\/www.avenuedesigncanada.com\/fr\/product\/table-a-cocktail-saber\/","title":{"rendered":"Table \u00e0 caf\u00e9  Saber"},"content":{"rendered":"<p><em>Caract\u00e9ristiques et avantages :<\/em><\/p>\n<p>Fabriqu\u00e9 avec des mat\u00e9riaux mixtes pour un look contemporain captivant<br \/>\nVerre noir, marbre blanc et plateau et cadre en or champagne bross\u00e9<br \/>\nLes niveaux variables ajoutent de l&rsquo;intrigue et de la dimension<br \/>\nConvient aux espaces r\u00e9sidentiels et commerciaux<br \/>\nLe marbre \u00e9tant un mat\u00e9riau naturel, les veines, piq\u00fbres, fissures, microfissures et variations de couleur uniques sont inh\u00e9rentes \u00e0 chaque pi\u00e8ce.<\/p>\n<p>Vous avez des questions sur ce produit ? Nos concepteurs sont l\u00e0 pour vous aider. Appelez-nous au (514) 340-9351  <\/p>\n","protected":false},"excerpt":{"rendered":"<p>Cette superbe table de cocktail est fabriqu\u00e9e avec des mat\u00e9riaux mixtes pour un look contemporain captivant. Elle se compose d&rsquo;un plateau et d&rsquo;un cadre en verre noir, en marbre blanc et en or champagne bross\u00e9. Les diff\u00e9rents niveaux ajoutent de l&rsquo;intrigue et de la dimension. Convient aux espaces r\u00e9sidentiels et commerciaux. Le marbre \u00e9tant un mat\u00e9riau naturel, les veines, les piq\u00fbres, les fissures, les microfissures et les variations de couleur sont autant de caract\u00e9ristiques qui ajoutent au caract\u00e8re unique et \u00e0 la beaut\u00e9 de chaque pi\u00e8ce.    <\/p>\n","protected":false},"featured_media":400191,"template":"","meta":{"_kad_blocks_custom_css":"","_kad_blocks_head_custom_js":"","_kad_blocks_body_custom_js":"","_kad_blocks_footer_custom_js":"","_kad_post_transparent":"","_kad_post_title":"","_kad_post_layout":"","_kad_post_sidebar_id":"","_kad_post_content_style":"","_kad_post_vertical_padding":"","_kad_post_feature":"","_kad_post_feature_position":"","_kad_post_header":false,"_kad_post_footer":false,"_kad_post_classname":""},"product_brand":[],"product_cat":[1327],"product_tag":[1824],"class_list":{"0":"post-402990","1":"product","2":"type-product","3":"status-publish","4":"has-post-thumbnail","6":"product_cat-salon-tables-a-cafe","7":"product_tag-sol-fr","9":"first","10":"instock","11":"taxable","12":"shipping-taxable","13":"product-type-simple","14":"entry","15":"content-bg","16":"loop-entry"},"taxonomy_info":{"product_cat":[{"value":1327,"label":"Tables \u00e0 caf\u00e9"}],"product_tag":[{"value":1824,"label":"SOL"}]},"featured_image_src_large":["https:\/\/www.avenuedesigncanada.com\/wp-content\/uploads\/2026\/01\/Saber-1-1024x1024.jpg",1024,1024,true],"author_info":[],"comment_info":"","_links":{"self":[{"href":"https:\/\/www.avenuedesigncanada.com\/fr\/wp-json\/wp\/v2\/product\/402990","targetHints":{"allow":["GET"]}}],"collection":[{"href":"https:\/\/www.avenuedesigncanada.com\/fr\/wp-json\/wp\/v2\/product"}],"about":[{"href":"https:\/\/www.avenuedesigncanada.com\/fr\/wp-json\/wp\/v2\/types\/product"}],"wp:featuredmedia":[{"embeddable":true,"href":"https:\/\/www.avenuedesigncanada.com\/fr\/wp-json\/wp\/v2\/media\/400191"}],"wp:attachment":[{"href":"https:\/\/www.avenuedesigncanada.com\/fr\/wp-json\/wp\/v2\/media?parent=402990"}],"wp:term":[{"taxonomy":"product_brand","embeddable":true,"href":"https:\/\/www.avenuedesigncanada.com\/fr\/wp-json\/wp\/v2\/product_brand?post=402990"},{"taxonomy":"product_cat","embeddable":true,"href":"https:\/\/www.avenuedesigncanada.com\/fr\/wp-json\/wp\/v2\/product_cat?post=402990"},{"taxonomy":"product_tag","embeddable":true,"href":"https:\/\/www.avenuedesigncanada.com\/fr\/wp-json\/wp\/v2\/product_tag?post=402990"}],"curies":[{"name":"wp","href":"https:\/\/api.w.org\/{rel}","templated":true}]}}