{"id":402992,"date":"2026-01-08T10:24:41","date_gmt":"2026-01-08T15:24:41","guid":{"rendered":"https:\/\/www.avenuedesigncanada.com\/product\/table-a-cocktail-soleen\/"},"modified":"2026-02-12T10:50:50","modified_gmt":"2026-02-12T15:50:50","slug":"table-a-cocktail-soleen","status":"publish","type":"product","link":"https:\/\/www.avenuedesigncanada.com\/fr\/product\/table-a-cocktail-soleen\/","title":{"rendered":"Table \u00e0 caf\u00e9 Soleen"},"content":{"rendered":"<div class=\"rte\" original=\"PC9kaXY+\"><\/div>\n<p><em>La table \u00e0 cocktail Soleeen pr\u00e9sente les caract\u00e9ristiques suivantes :  <\/em><\/p>\n<ul class=\"tab-details__container\">\n<li>Le marbre est un mat\u00e9riau naturel. Les veines, les piq\u00fbres, les fissures, les microfissures et les variations de couleur uniques ajoutent \u00e0 la beaut\u00e9 organique de chaque pi\u00e8ce. <\/li>\n<\/ul>\n<p>Vous avez des questions sur ce produit ? Nos concepteurs sont l\u00e0 pour vous aider. Appelez-nous au (514) 340-9351  <\/p>\n","protected":false},"excerpt":{"rendered":"<p>Un plateau rectangulaire en marbre constitue le point d&rsquo;ancrage de la table \u00e0 cocktail Soleen. Sa surface lisse pr\u00e9sente de d\u00e9licates veines naturelles et une finition raffin\u00e9e. En dessous, la base en m\u00e9tal dor\u00e9 bross\u00e9 cr\u00e9e une base g\u00e9om\u00e9trique frappante, avec des plans angulaires qui apportent de la l\u00e9g\u00e8ret\u00e9 \u00e0 la structure par ailleurs solide. Le contraste entre la pierre et le m\u00e9tal offre une pr\u00e9sence \u00e9quilibr\u00e9e qui s&rsquo;int\u00e8gre facilement dans les int\u00e9rieurs contemporains.  <\/p>\n","protected":false},"featured_media":400211,"template":"","meta":{"_kad_blocks_custom_css":"","_kad_blocks_head_custom_js":"","_kad_blocks_body_custom_js":"","_kad_blocks_footer_custom_js":"","_kad_post_transparent":"","_kad_post_title":"","_kad_post_layout":"","_kad_post_sidebar_id":"","_kad_post_content_style":"","_kad_post_vertical_padding":"","_kad_post_feature":"","_kad_post_feature_position":"","_kad_post_header":false,"_kad_post_footer":false,"_kad_post_classname":""},"product_brand":[],"product_cat":[1327],"product_tag":[1824],"class_list":{"0":"post-402992","1":"product","2":"type-product","3":"status-publish","4":"has-post-thumbnail","6":"product_cat-salon-tables-a-cafe","7":"product_tag-sol-fr","9":"first","10":"instock","11":"taxable","12":"shipping-taxable","13":"product-type-simple","14":"entry","15":"content-bg","16":"loop-entry"},"taxonomy_info":{"product_cat":[{"value":1327,"label":"Tables \u00e0 caf\u00e9"}],"product_tag":[{"value":1824,"label":"SOL"}]},"featured_image_src_large":["https:\/\/www.avenuedesigncanada.com\/wp-content\/uploads\/2026\/01\/Soleen-main-1-1024x1024.jpg",1024,1024,true],"author_info":[],"comment_info":"","_links":{"self":[{"href":"https:\/\/www.avenuedesigncanada.com\/fr\/wp-json\/wp\/v2\/product\/402992","targetHints":{"allow":["GET"]}}],"collection":[{"href":"https:\/\/www.avenuedesigncanada.com\/fr\/wp-json\/wp\/v2\/product"}],"about":[{"href":"https:\/\/www.avenuedesigncanada.com\/fr\/wp-json\/wp\/v2\/types\/product"}],"wp:featuredmedia":[{"embeddable":true,"href":"https:\/\/www.avenuedesigncanada.com\/fr\/wp-json\/wp\/v2\/media\/400211"}],"wp:attachment":[{"href":"https:\/\/www.avenuedesigncanada.com\/fr\/wp-json\/wp\/v2\/media?parent=402992"}],"wp:term":[{"taxonomy":"product_brand","embeddable":true,"href":"https:\/\/www.avenuedesigncanada.com\/fr\/wp-json\/wp\/v2\/product_brand?post=402992"},{"taxonomy":"product_cat","embeddable":true,"href":"https:\/\/www.avenuedesigncanada.com\/fr\/wp-json\/wp\/v2\/product_cat?post=402992"},{"taxonomy":"product_tag","embeddable":true,"href":"https:\/\/www.avenuedesigncanada.com\/fr\/wp-json\/wp\/v2\/product_tag?post=402992"}],"curies":[{"name":"wp","href":"https:\/\/api.w.org\/{rel}","templated":true}]}}