{"id":402993,"date":"2026-01-08T10:14:49","date_gmt":"2026-01-08T15:14:49","guid":{"rendered":"https:\/\/www.avenuedesigncanada.com\/product\/table-a-cocktail-maude\/"},"modified":"2026-02-12T10:50:51","modified_gmt":"2026-02-12T15:50:51","slug":"table-a-cocktail-maude","status":"publish","type":"product","link":"https:\/\/www.avenuedesigncanada.com\/fr\/product\/table-a-cocktail-maude\/","title":{"rendered":"Table \u00e0 caf\u00e9  Maude"},"content":{"rendered":"<p><em>Caract\u00e9ristiques de la table \u00e0 cocktail Maude :<\/em><\/p>\n<p>Le b\u00e9ton renforc\u00e9 de fibres de verre est incroyablement r\u00e9sistant et durable<br \/>\nScell\u00e9 avec une couche de finition pour une protection suppl\u00e9mentaire contre l&rsquo;humidit\u00e9 et les taches<br \/>\nLe plateau de la table est en verre tremp\u00e9 de 12 mm<br \/>\nFabriqu\u00e9 \u00e0 partir d&rsquo;un m\u00e9lange de b\u00e9ton naturel, chaque pi\u00e8ce aura un aspect diff\u00e9rent<br \/>\nLes variations de couleur, de texture, les imperfections, les rayures de surface et les fissures capillaires non structurelles sont des qualit\u00e9s inh\u00e9rentes et appr\u00e9ci\u00e9es du b\u00e9ton<br \/>\nAppliquez des housses de protection ou rangez-les \u00e0 l&rsquo;int\u00e9rieur lorsque vous ne les utilisez pas et en cas de mauvais temps afin de prolonger la dur\u00e9e de vie du mobilier d&rsquo;ext\u00e9rieur.<\/p>\n<p>Vous avez des questions sur ce produit ? Nos concepteurs sont l\u00e0 pour vous aider. Appelez-nous au (514) 340-9351  <\/p>\n","protected":false},"excerpt":{"rendered":"<p>Fusionnant l&rsquo;aspect industriel avec une touche contemporaine, cette table de cocktail \u00e9tonnante est con\u00e7ue pour se d\u00e9marquer. Elle se compose de bases cylindriques grav\u00e9es en b\u00e9ton gris et d&rsquo;un plateau carr\u00e9 en verre noir fum\u00e9 aux bords arrondis. <\/p>\n","protected":false},"featured_media":400075,"template":"","meta":{"_kad_blocks_custom_css":"","_kad_blocks_head_custom_js":"","_kad_blocks_body_custom_js":"","_kad_blocks_footer_custom_js":"","_kad_post_transparent":"","_kad_post_title":"","_kad_post_layout":"","_kad_post_sidebar_id":"","_kad_post_content_style":"","_kad_post_vertical_padding":"","_kad_post_feature":"","_kad_post_feature_position":"","_kad_post_header":false,"_kad_post_footer":false,"_kad_post_classname":""},"product_brand":[],"product_cat":[2174,1327],"product_tag":[1824],"class_list":{"0":"post-402993","1":"product","2":"type-product","3":"status-publish","4":"has-post-thumbnail","6":"product_cat-table-basse-dexterieur","7":"product_cat-salon-tables-a-cafe","8":"product_tag-sol-fr","10":"first","11":"instock","12":"taxable","13":"shipping-taxable","14":"product-type-simple","15":"entry","16":"content-bg","17":"loop-entry"},"taxonomy_info":{"product_cat":[{"value":2174,"label":"Table basse d'ext\u00e9rieur"},{"value":1327,"label":"Tables \u00e0 caf\u00e9"}],"product_tag":[{"value":1824,"label":"SOL"}]},"featured_image_src_large":["https:\/\/www.avenuedesigncanada.com\/wp-content\/uploads\/2026\/01\/Maude-1024x1024.jpg",1024,1024,true],"author_info":[],"comment_info":"","_links":{"self":[{"href":"https:\/\/www.avenuedesigncanada.com\/fr\/wp-json\/wp\/v2\/product\/402993","targetHints":{"allow":["GET"]}}],"collection":[{"href":"https:\/\/www.avenuedesigncanada.com\/fr\/wp-json\/wp\/v2\/product"}],"about":[{"href":"https:\/\/www.avenuedesigncanada.com\/fr\/wp-json\/wp\/v2\/types\/product"}],"wp:featuredmedia":[{"embeddable":true,"href":"https:\/\/www.avenuedesigncanada.com\/fr\/wp-json\/wp\/v2\/media\/400075"}],"wp:attachment":[{"href":"https:\/\/www.avenuedesigncanada.com\/fr\/wp-json\/wp\/v2\/media?parent=402993"}],"wp:term":[{"taxonomy":"product_brand","embeddable":true,"href":"https:\/\/www.avenuedesigncanada.com\/fr\/wp-json\/wp\/v2\/product_brand?post=402993"},{"taxonomy":"product_cat","embeddable":true,"href":"https:\/\/www.avenuedesigncanada.com\/fr\/wp-json\/wp\/v2\/product_cat?post=402993"},{"taxonomy":"product_tag","embeddable":true,"href":"https:\/\/www.avenuedesigncanada.com\/fr\/wp-json\/wp\/v2\/product_tag?post=402993"}],"curies":[{"name":"wp","href":"https:\/\/api.w.org\/{rel}","templated":true}]}}