{"id":402995,"date":"2026-01-08T10:13:50","date_gmt":"2026-01-08T15:13:50","guid":{"rendered":"https:\/\/www.avenuedesigncanada.com\/product\/table-a-cocktail-lynx\/"},"modified":"2026-02-12T10:50:51","modified_gmt":"2026-02-12T15:50:51","slug":"table-a-cocktail-lynx","status":"publish","type":"product","link":"https:\/\/www.avenuedesigncanada.com\/fr\/product\/table-a-cocktail-lynx\/","title":{"rendered":"Table \u00e0 caf\u00e9  Lynx"},"content":{"rendered":"<p><em>Les caract\u00e9ristiques de la table \u00e0 cocktail Lynx :<\/em><\/p>\n<p>Forme organique unique pour un design audacieux et accrocheur<br \/>\nBase robuste fabriqu\u00e9e \u00e0 partir d&rsquo;une combinaison de bois et de moule en polyur\u00e9thane qui supporte un plateau de table en acier<br \/>\nPeint \u00e0 la main avec une finition en poudre bronze qui ressemble \u00e0 une patine raffin\u00e9e et l\u00e9g\u00e8rement vieillie.<\/p>\n<p>Vous avez des questions sur ce produit ? Nos concepteurs sont l\u00e0 pour vous aider. Appelez-nous au (514) 340-9351  <\/p>\n","protected":false},"excerpt":{"rendered":"<p>La table cocktail Lynx pr\u00e9sente une forme organique unique pour un design audacieux et accrocheur. Sa base robuste est fabriqu\u00e9e \u00e0 partir d&rsquo;une combinaison de bois et d&rsquo;un moule en polyur\u00e9thane qui soutient un plateau en acier. Chaque pi\u00e8ce est ensuite peinte \u00e0 la main avec une finition en poudre de bronze qui rappelle une patine raffin\u00e9e et l\u00e9g\u00e8rement vieillie.  <\/p>\n","protected":false},"featured_media":400059,"template":"","meta":{"_kad_blocks_custom_css":"","_kad_blocks_head_custom_js":"","_kad_blocks_body_custom_js":"","_kad_blocks_footer_custom_js":"","_kad_post_transparent":"","_kad_post_title":"","_kad_post_layout":"","_kad_post_sidebar_id":"","_kad_post_content_style":"","_kad_post_vertical_padding":"","_kad_post_feature":"","_kad_post_feature_position":"","_kad_post_header":false,"_kad_post_footer":false,"_kad_post_classname":""},"product_brand":[],"product_cat":[1327],"product_tag":[1824],"class_list":{"0":"post-402995","1":"product","2":"type-product","3":"status-publish","4":"has-post-thumbnail","6":"product_cat-salon-tables-a-cafe","7":"product_tag-sol-fr","9":"first","10":"instock","11":"taxable","12":"shipping-taxable","13":"product-type-simple","14":"entry","15":"content-bg","16":"loop-entry"},"taxonomy_info":{"product_cat":[{"value":1327,"label":"Tables \u00e0 caf\u00e9"}],"product_tag":[{"value":1824,"label":"SOL"}]},"featured_image_src_large":["https:\/\/www.avenuedesigncanada.com\/wp-content\/uploads\/2026\/01\/Lynx-1024x1024.jpg",1024,1024,true],"author_info":[],"comment_info":"","_links":{"self":[{"href":"https:\/\/www.avenuedesigncanada.com\/fr\/wp-json\/wp\/v2\/product\/402995","targetHints":{"allow":["GET"]}}],"collection":[{"href":"https:\/\/www.avenuedesigncanada.com\/fr\/wp-json\/wp\/v2\/product"}],"about":[{"href":"https:\/\/www.avenuedesigncanada.com\/fr\/wp-json\/wp\/v2\/types\/product"}],"wp:featuredmedia":[{"embeddable":true,"href":"https:\/\/www.avenuedesigncanada.com\/fr\/wp-json\/wp\/v2\/media\/400059"}],"wp:attachment":[{"href":"https:\/\/www.avenuedesigncanada.com\/fr\/wp-json\/wp\/v2\/media?parent=402995"}],"wp:term":[{"taxonomy":"product_brand","embeddable":true,"href":"https:\/\/www.avenuedesigncanada.com\/fr\/wp-json\/wp\/v2\/product_brand?post=402995"},{"taxonomy":"product_cat","embeddable":true,"href":"https:\/\/www.avenuedesigncanada.com\/fr\/wp-json\/wp\/v2\/product_cat?post=402995"},{"taxonomy":"product_tag","embeddable":true,"href":"https:\/\/www.avenuedesigncanada.com\/fr\/wp-json\/wp\/v2\/product_tag?post=402995"}],"curies":[{"name":"wp","href":"https:\/\/api.w.org\/{rel}","templated":true}]}}