{"id":402996,"date":"2026-01-08T10:14:49","date_gmt":"2026-01-08T15:14:49","guid":{"rendered":"https:\/\/www.avenuedesigncanada.com\/product\/table-a-cocktail-mojave\/"},"modified":"2026-02-12T10:50:52","modified_gmt":"2026-02-12T15:50:52","slug":"table-a-cocktail-mojave","status":"publish","type":"product","link":"https:\/\/www.avenuedesigncanada.com\/fr\/product\/table-a-cocktail-mojave\/","title":{"rendered":"Table \u00e0 caf\u00e9  Mojave"},"content":{"rendered":"<p><em>Les caract\u00e9ristiques de la table \u00e0 cocktail Mojave :<\/em><\/p>\n<p>Le b\u00e9ton renforc\u00e9 de fibres de verre est incroyablement durable<br \/>\nScell\u00e9 avec une couche de finition pour une protection suppl\u00e9mentaire contre l&rsquo;humidit\u00e9 et les taches<br \/>\nLa finition en pl\u00e2tre textur\u00e9 donne de la dimension \u00e0 la pi\u00e8ce<br \/>\nFabriqu\u00e9 \u00e0 partir d&rsquo;un m\u00e9lange de b\u00e9ton naturel, chaque pi\u00e8ce aura un aspect diff\u00e9rent<br \/>\nLes variations de couleur, de texture, les imperfections, les rayures de surface et les fissures capillaires non structurelles sont des qualit\u00e9s inh\u00e9rentes et appr\u00e9ci\u00e9es du b\u00e9ton, Les imperfections, les rayures de surface et les fissures capillaires non structurelles sont des qualit\u00e9s inh\u00e9rentes et appr\u00e9ci\u00e9es du b\u00e9ton<br \/>\nPour prolonger la dur\u00e9e de vie des meubles d&rsquo;ext\u00e9rieur, appliquez des housses de protection ou rangez-les \u00e0 l&rsquo;int\u00e9rieur lorsqu&rsquo;ils ne sont pas utilis\u00e9s et par mauvais temps.<br \/>\nL&rsquo;exposition directe aux rayons du soleil peut provoquer un \u00e9chauffement des surfaces fonc\u00e9es. Convient mieux aux zones ombrag\u00e9es et aux espaces ext\u00e9rieurs couverts. <\/p>\n<p>Vous avez des questions sur ce produit ? Nos concepteurs sont l\u00e0 pour vous aider. Appelez-nous au (514) 340-9351  <\/p>\n","protected":false},"excerpt":{"rendered":"<p>La table \u00e0 cocktail Mojave apporte une touche de style \u00e0 tout espace. Un large plateau lisse c\u00e8de la place \u00e0 des stries richement textur\u00e9es sur la base. <\/p>\n","protected":false},"featured_media":400083,"template":"","meta":{"_kad_blocks_custom_css":"","_kad_blocks_head_custom_js":"","_kad_blocks_body_custom_js":"","_kad_blocks_footer_custom_js":"","_kad_post_transparent":"","_kad_post_title":"","_kad_post_layout":"","_kad_post_sidebar_id":"","_kad_post_content_style":"","_kad_post_vertical_padding":"","_kad_post_feature":"","_kad_post_feature_position":"","_kad_post_header":false,"_kad_post_footer":false,"_kad_post_classname":""},"product_brand":[],"product_cat":[2174,1327],"product_tag":[1824],"class_list":{"0":"post-402996","1":"product","2":"type-product","3":"status-publish","4":"has-post-thumbnail","6":"product_cat-table-basse-dexterieur","7":"product_cat-salon-tables-a-cafe","8":"product_tag-sol-fr","10":"first","11":"instock","12":"taxable","13":"shipping-taxable","14":"product-type-simple","15":"entry","16":"content-bg","17":"loop-entry"},"taxonomy_info":{"product_cat":[{"value":2174,"label":"Table basse d'ext\u00e9rieur"},{"value":1327,"label":"Tables \u00e0 caf\u00e9"}],"product_tag":[{"value":1824,"label":"SOL"}]},"featured_image_src_large":["https:\/\/www.avenuedesigncanada.com\/wp-content\/uploads\/2026\/01\/Mojave-1024x1024.jpg",1024,1024,true],"author_info":[],"comment_info":"","_links":{"self":[{"href":"https:\/\/www.avenuedesigncanada.com\/fr\/wp-json\/wp\/v2\/product\/402996","targetHints":{"allow":["GET"]}}],"collection":[{"href":"https:\/\/www.avenuedesigncanada.com\/fr\/wp-json\/wp\/v2\/product"}],"about":[{"href":"https:\/\/www.avenuedesigncanada.com\/fr\/wp-json\/wp\/v2\/types\/product"}],"wp:featuredmedia":[{"embeddable":true,"href":"https:\/\/www.avenuedesigncanada.com\/fr\/wp-json\/wp\/v2\/media\/400083"}],"wp:attachment":[{"href":"https:\/\/www.avenuedesigncanada.com\/fr\/wp-json\/wp\/v2\/media?parent=402996"}],"wp:term":[{"taxonomy":"product_brand","embeddable":true,"href":"https:\/\/www.avenuedesigncanada.com\/fr\/wp-json\/wp\/v2\/product_brand?post=402996"},{"taxonomy":"product_cat","embeddable":true,"href":"https:\/\/www.avenuedesigncanada.com\/fr\/wp-json\/wp\/v2\/product_cat?post=402996"},{"taxonomy":"product_tag","embeddable":true,"href":"https:\/\/www.avenuedesigncanada.com\/fr\/wp-json\/wp\/v2\/product_tag?post=402996"}],"curies":[{"name":"wp","href":"https:\/\/api.w.org\/{rel}","templated":true}]}}