{"id":402998,"date":"2026-01-08T10:08:35","date_gmt":"2026-01-08T15:08:35","guid":{"rendered":"https:\/\/www.avenuedesigncanada.com\/product\/table-a-cocktail-juliane\/"},"modified":"2026-02-12T10:50:53","modified_gmt":"2026-02-12T15:50:53","slug":"table-a-cocktail-juliane","status":"publish","type":"product","link":"https:\/\/www.avenuedesigncanada.com\/fr\/product\/table-a-cocktail-juliane\/","title":{"rendered":"Table \u00e0 caf\u00e9  Juliane"},"content":{"rendered":"<p><em>Les caract\u00e9ristiques de la table \u00e0 cocktail Juliane :<\/em><\/p>\n<p>Plateau en verre tremp\u00e9 transparent de 10 mm<br \/>\nBase en acier peint par poudrage en finition laiton antique<br \/>\nBase contemporaine sculpt\u00e9e  <\/p>\n<p>Vous avez des questions sur ce produit ? Nos concepteurs sont l\u00e0 pour vous aider. Appelez-nous au (514) 340-9351  <\/p>\n","protected":false},"excerpt":{"rendered":"<p>Avec une base sculpt\u00e9e captivante, cette table basse contemporaine rehaussera sans effort n&rsquo;importe quel espace. Elle est dot\u00e9e d&rsquo;un plateau en verre tremp\u00e9 transparent de 10 mm et d&rsquo;une base en acier rev\u00eatu de poudre en finition laiton antique. Fabriqu\u00e9e en Inde. Gr\u00e2ce \u00e0 un savoir-faire raffin\u00e9, ce design a \u00e9t\u00e9 donn\u00e9 vie par des artisans locaux qualifi\u00e9s. En raison de la nature de l&rsquo;artisanat, les imperfections uniques telles que les fissures, les marques et les variations de couleur et de forme sont les bienvenues et les caract\u00e9ristiques appr\u00e9ci\u00e9es pour une pi\u00e8ce vraiment unique.    <\/p>\n","protected":false},"featured_media":399940,"template":"","meta":{"_kad_blocks_custom_css":"","_kad_blocks_head_custom_js":"","_kad_blocks_body_custom_js":"","_kad_blocks_footer_custom_js":"","_kad_post_transparent":"","_kad_post_title":"","_kad_post_layout":"","_kad_post_sidebar_id":"","_kad_post_content_style":"","_kad_post_vertical_padding":"","_kad_post_feature":"","_kad_post_feature_position":"","_kad_post_header":false,"_kad_post_footer":false,"_kad_post_classname":""},"product_brand":[],"product_cat":[1327],"product_tag":[1824],"class_list":{"0":"post-402998","1":"product","2":"type-product","3":"status-publish","4":"has-post-thumbnail","6":"product_cat-salon-tables-a-cafe","7":"product_tag-sol-fr","9":"first","10":"instock","11":"taxable","12":"shipping-taxable","13":"product-type-simple","14":"entry","15":"content-bg","16":"loop-entry"},"taxonomy_info":{"product_cat":[{"value":1327,"label":"Tables \u00e0 caf\u00e9"}],"product_tag":[{"value":1824,"label":"SOL"}]},"featured_image_src_large":["https:\/\/www.avenuedesigncanada.com\/wp-content\/uploads\/2026\/01\/Juliane-main-1024x1024.jpg",1024,1024,true],"author_info":[],"comment_info":"","_links":{"self":[{"href":"https:\/\/www.avenuedesigncanada.com\/fr\/wp-json\/wp\/v2\/product\/402998","targetHints":{"allow":["GET"]}}],"collection":[{"href":"https:\/\/www.avenuedesigncanada.com\/fr\/wp-json\/wp\/v2\/product"}],"about":[{"href":"https:\/\/www.avenuedesigncanada.com\/fr\/wp-json\/wp\/v2\/types\/product"}],"wp:featuredmedia":[{"embeddable":true,"href":"https:\/\/www.avenuedesigncanada.com\/fr\/wp-json\/wp\/v2\/media\/399940"}],"wp:attachment":[{"href":"https:\/\/www.avenuedesigncanada.com\/fr\/wp-json\/wp\/v2\/media?parent=402998"}],"wp:term":[{"taxonomy":"product_brand","embeddable":true,"href":"https:\/\/www.avenuedesigncanada.com\/fr\/wp-json\/wp\/v2\/product_brand?post=402998"},{"taxonomy":"product_cat","embeddable":true,"href":"https:\/\/www.avenuedesigncanada.com\/fr\/wp-json\/wp\/v2\/product_cat?post=402998"},{"taxonomy":"product_tag","embeddable":true,"href":"https:\/\/www.avenuedesigncanada.com\/fr\/wp-json\/wp\/v2\/product_tag?post=402998"}],"curies":[{"name":"wp","href":"https:\/\/api.w.org\/{rel}","templated":true}]}}