{"id":403000,"date":"2026-01-08T10:09:58","date_gmt":"2026-01-08T15:09:58","guid":{"rendered":"https:\/\/www.avenuedesigncanada.com\/product\/table-a-cocktail-kamali\/"},"modified":"2026-02-12T10:50:53","modified_gmt":"2026-02-12T15:50:53","slug":"table-a-cocktail-kamali","status":"publish","type":"product","link":"https:\/\/www.avenuedesigncanada.com\/fr\/product\/table-a-cocktail-kamali\/","title":{"rendered":"Table \u00e0 caf\u00e9  Kamali"},"content":{"rendered":"<p><em>Les caract\u00e9ristiques de la table \u00e0 cocktail Kamali :<\/em><\/p>\n<p>Plateau de table en marbre beige rectangulaire<br \/>\nBase en acier inoxydable rev\u00eatue de poudre d&rsquo;or antique<br \/>\nTons chauds et lignes modernes et \u00e9pur\u00e9es<br \/>\nTable d&rsquo;appoint \u00e9galement disponible<br \/>\nCaract\u00e9ristiques du marbre naturel : veines, piq\u00fbres, fissures, microfissures et variations de couleur uniques.<\/p>\n<p>Vous avez des questions sur ce produit ? Nos concepteurs sont l\u00e0 pour vous aider. Appelez-nous au (514) 340-9351  <\/p>\n","protected":false},"excerpt":{"rendered":"<p>Des tons chauds et des lignes modernes et \u00e9pur\u00e9es d\u00e9finissent la table \u00e0 cocktail Kamali. Le plateau rectangulaire en marbre beige est magnifiquement soulign\u00e9 par une base en acier inoxydable rev\u00eatue de poudre d&rsquo;or antique. C&rsquo;est le compl\u00e9ment parfait \u00e0 tout espace de vie. Une version table d&rsquo;appoint est \u00e9galement disponible. Le marbre \u00e9tant un mat\u00e9riau naturel, les veines, les piq\u00fbres, les fissures, les microfissures et les variations de couleur sont autant de caract\u00e9ristiques qui ajoutent au caract\u00e8re unique et \u00e0 la beaut\u00e9 de chaque pi\u00e8ce.    <\/p>\n","protected":false},"featured_media":399975,"template":"","meta":{"_kad_blocks_custom_css":"","_kad_blocks_head_custom_js":"","_kad_blocks_body_custom_js":"","_kad_blocks_footer_custom_js":"","_kad_post_transparent":"","_kad_post_title":"","_kad_post_layout":"","_kad_post_sidebar_id":"","_kad_post_content_style":"","_kad_post_vertical_padding":"","_kad_post_feature":"","_kad_post_feature_position":"","_kad_post_header":false,"_kad_post_footer":false,"_kad_post_classname":""},"product_brand":[],"product_cat":[1327],"product_tag":[1824],"class_list":{"0":"post-403000","1":"product","2":"type-product","3":"status-publish","4":"has-post-thumbnail","6":"product_cat-salon-tables-a-cafe","7":"product_tag-sol-fr","9":"first","10":"instock","11":"taxable","12":"shipping-taxable","13":"product-type-simple","14":"entry","15":"content-bg","16":"loop-entry"},"taxonomy_info":{"product_cat":[{"value":1327,"label":"Tables \u00e0 caf\u00e9"}],"product_tag":[{"value":1824,"label":"SOL"}]},"featured_image_src_large":["https:\/\/www.avenuedesigncanada.com\/wp-content\/uploads\/2026\/01\/Kamali-1024x1024.jpg",1024,1024,true],"author_info":[],"comment_info":"","_links":{"self":[{"href":"https:\/\/www.avenuedesigncanada.com\/fr\/wp-json\/wp\/v2\/product\/403000","targetHints":{"allow":["GET"]}}],"collection":[{"href":"https:\/\/www.avenuedesigncanada.com\/fr\/wp-json\/wp\/v2\/product"}],"about":[{"href":"https:\/\/www.avenuedesigncanada.com\/fr\/wp-json\/wp\/v2\/types\/product"}],"wp:featuredmedia":[{"embeddable":true,"href":"https:\/\/www.avenuedesigncanada.com\/fr\/wp-json\/wp\/v2\/media\/399975"}],"wp:attachment":[{"href":"https:\/\/www.avenuedesigncanada.com\/fr\/wp-json\/wp\/v2\/media?parent=403000"}],"wp:term":[{"taxonomy":"product_brand","embeddable":true,"href":"https:\/\/www.avenuedesigncanada.com\/fr\/wp-json\/wp\/v2\/product_brand?post=403000"},{"taxonomy":"product_cat","embeddable":true,"href":"https:\/\/www.avenuedesigncanada.com\/fr\/wp-json\/wp\/v2\/product_cat?post=403000"},{"taxonomy":"product_tag","embeddable":true,"href":"https:\/\/www.avenuedesigncanada.com\/fr\/wp-json\/wp\/v2\/product_tag?post=403000"}],"curies":[{"name":"wp","href":"https:\/\/api.w.org\/{rel}","templated":true}]}}