{"id":403004,"date":"2026-01-08T10:12:39","date_gmt":"2026-01-08T15:12:39","guid":{"rendered":"https:\/\/www.avenuedesigncanada.com\/product\/table-a-cocktail-laros\/"},"modified":"2026-02-12T10:50:55","modified_gmt":"2026-02-12T15:50:55","slug":"table-a-cocktail-laros","status":"publish","type":"product","link":"https:\/\/www.avenuedesigncanada.com\/fr\/product\/table-a-cocktail-laros\/","title":{"rendered":"Table \u00e0 caf\u00e9  Laros"},"content":{"rendered":"<p><em>Les caract\u00e9ristiques de la table \u00e0 cocktail Laros :<\/em><\/p>\n<p>Manipulez cet article avec pr\u00e9caution : il est tr\u00e8s lourd. \u00c9vitez de le tra\u00eener ou de le faire glisser pour ne pas l&rsquo;endommager. D\u00e9placez-le avec 6 \u00e0 8 personnes, en veillant \u00e0 ce que le poids soit r\u00e9parti \u00e9quitablement.<br \/>\nLe marbre breccia massif provient d&rsquo;Italie.<br \/>\nLe marbre est un mat\u00e9riau naturel. Les veines, piq\u00fbres, fissures, microfissures et variations de couleur uniques ajoutent \u00e0 la beaut\u00e9 organique de chaque pi\u00e8ce<br \/>\nFabriqu\u00e9 \u00e0 la main par des artisans qualifi\u00e9s en Inde<br \/>\nLes imperfections uniques telles que les fissures, les marques et les variations de couleur et de forme sont des caract\u00e9ristiques appr\u00e9ci\u00e9es d&rsquo;une pi\u00e8ce vraiment unique.   <\/p>\n<p>Vous avez des questions sur ce produit ? Nos concepteurs sont l\u00e0 pour vous aider. Appelez-nous au (514) 340-9351  <\/p>\n","protected":false},"excerpt":{"rendered":"<p>La table \u00e0 cocktail Laros met en valeur la beaut\u00e9 brute du marbre, avec de riches veines et des variations subtiles propres \u00e0 chaque pi\u00e8ce. Sa silhouette allong\u00e9e offre une pi\u00e8ce ma\u00eetresse saisissante pour tout espace de vie qui allie fonctionnalit\u00e9 et \u00e9l\u00e9gance. <\/p>\n","protected":false},"featured_media":400026,"template":"","meta":{"_kad_blocks_custom_css":"","_kad_blocks_head_custom_js":"","_kad_blocks_body_custom_js":"","_kad_blocks_footer_custom_js":"","_kad_post_transparent":"","_kad_post_title":"","_kad_post_layout":"","_kad_post_sidebar_id":"","_kad_post_content_style":"","_kad_post_vertical_padding":"","_kad_post_feature":"","_kad_post_feature_position":"","_kad_post_header":false,"_kad_post_footer":false,"_kad_post_classname":""},"product_brand":[],"product_cat":[1327],"product_tag":[1824],"class_list":{"0":"post-403004","1":"product","2":"type-product","3":"status-publish","4":"has-post-thumbnail","6":"product_cat-salon-tables-a-cafe","7":"product_tag-sol-fr","9":"first","10":"instock","11":"taxable","12":"shipping-taxable","13":"product-type-simple","14":"entry","15":"content-bg","16":"loop-entry"},"taxonomy_info":{"product_cat":[{"value":1327,"label":"Tables \u00e0 caf\u00e9"}],"product_tag":[{"value":1824,"label":"SOL"}]},"featured_image_src_large":["https:\/\/www.avenuedesigncanada.com\/wp-content\/uploads\/2026\/01\/Laros-1024x1024.jpg",1024,1024,true],"author_info":[],"comment_info":"","_links":{"self":[{"href":"https:\/\/www.avenuedesigncanada.com\/fr\/wp-json\/wp\/v2\/product\/403004","targetHints":{"allow":["GET"]}}],"collection":[{"href":"https:\/\/www.avenuedesigncanada.com\/fr\/wp-json\/wp\/v2\/product"}],"about":[{"href":"https:\/\/www.avenuedesigncanada.com\/fr\/wp-json\/wp\/v2\/types\/product"}],"wp:featuredmedia":[{"embeddable":true,"href":"https:\/\/www.avenuedesigncanada.com\/fr\/wp-json\/wp\/v2\/media\/400026"}],"wp:attachment":[{"href":"https:\/\/www.avenuedesigncanada.com\/fr\/wp-json\/wp\/v2\/media?parent=403004"}],"wp:term":[{"taxonomy":"product_brand","embeddable":true,"href":"https:\/\/www.avenuedesigncanada.com\/fr\/wp-json\/wp\/v2\/product_brand?post=403004"},{"taxonomy":"product_cat","embeddable":true,"href":"https:\/\/www.avenuedesigncanada.com\/fr\/wp-json\/wp\/v2\/product_cat?post=403004"},{"taxonomy":"product_tag","embeddable":true,"href":"https:\/\/www.avenuedesigncanada.com\/fr\/wp-json\/wp\/v2\/product_tag?post=403004"}],"curies":[{"name":"wp","href":"https:\/\/api.w.org\/{rel}","templated":true}]}}