{"id":403006,"date":"2026-01-08T10:10:44","date_gmt":"2026-01-08T15:10:44","guid":{"rendered":"https:\/\/www.avenuedesigncanada.com\/product\/table-a-cocktail-kiara\/"},"modified":"2026-02-12T10:50:56","modified_gmt":"2026-02-12T15:50:56","slug":"table-a-cocktail-kiara","status":"publish","type":"product","link":"https:\/\/www.avenuedesigncanada.com\/fr\/product\/table-a-cocktail-kiara\/","title":{"rendered":"Table \u00e0 caf\u00e9  Kiara"},"content":{"rendered":"<p><em>Les caract\u00e9ristiques de la table \u00e0 cocktail Kiara :<\/em><\/p>\n<p>Design moderne minimaliste<br \/>\nPlateau ovale en marbre blanc<br \/>\nBase en acier inoxydable gunmetal<br \/>\nDisponible en version ronde<br \/>\nConsoles et tables d&rsquo;appoint disponibles<br \/>\nImperfections uniques fabriqu\u00e9es \u00e0 la main telles que fissures, marques et variations de couleur\/de forme.<\/p>\n<p>Vous avez des questions sur ce produit ? Nos concepteurs sont l\u00e0 pour vous aider. Appelez-nous au (514) 340-9351  <\/p>\n","protected":false},"excerpt":{"rendered":"<p>Dot\u00e9e d&rsquo;un design minimaliste, cette table \u00e0 cocktail moderne illustre la beaut\u00e9 contrast\u00e9e des courbes douces et des lignes rigides. Elle est dot\u00e9e d&rsquo;un plateau ovale en marbre blanc et d&rsquo;une base en acier inoxydable de couleur bronze. \u00c9galement disponible en version ronde, ainsi que des consoles et des tables d&rsquo;appoint assorties. Le marbre \u00e9tant un mat\u00e9riau naturel, les veines, les piq\u00fbres, les fissures, les microfissures et les variations de couleur sont autant de caract\u00e9ristiques qui ajoutent au caract\u00e8re unique et \u00e0 la beaut\u00e9 de chaque pi\u00e8ce. Fabriqu\u00e9 en Inde. Ce mod\u00e8le a \u00e9t\u00e9 cr\u00e9\u00e9 par des artisans locaux qualifi\u00e9s, dans le cadre d&rsquo;un travail artisanal raffin\u00e9. En raison de la nature de l&rsquo;artisanat, les imperfections uniques telles que les fissures, les marques et les variations de couleur et de forme sont des caract\u00e9ristiques bienvenues et appr\u00e9ci\u00e9es pour une pi\u00e8ce vraiment unique.      <\/p>\n","protected":false},"featured_media":399993,"template":"","meta":{"_kad_blocks_custom_css":"","_kad_blocks_head_custom_js":"","_kad_blocks_body_custom_js":"","_kad_blocks_footer_custom_js":"","_kad_post_transparent":"","_kad_post_title":"","_kad_post_layout":"","_kad_post_sidebar_id":"","_kad_post_content_style":"","_kad_post_vertical_padding":"","_kad_post_feature":"","_kad_post_feature_position":"","_kad_post_header":false,"_kad_post_footer":false,"_kad_post_classname":""},"product_brand":[],"product_cat":[1327],"product_tag":[1824],"class_list":{"0":"post-403006","1":"product","2":"type-product","3":"status-publish","4":"has-post-thumbnail","6":"product_cat-salon-tables-a-cafe","7":"product_tag-sol-fr","9":"first","10":"instock","11":"taxable","12":"shipping-taxable","13":"product-type-simple","14":"entry","15":"content-bg","16":"loop-entry"},"taxonomy_info":{"product_cat":[{"value":1327,"label":"Tables \u00e0 caf\u00e9"}],"product_tag":[{"value":1824,"label":"SOL"}]},"featured_image_src_large":["https:\/\/www.avenuedesigncanada.com\/wp-content\/uploads\/2026\/01\/Kiara-1024x1024.jpg",1024,1024,true],"author_info":[],"comment_info":"","_links":{"self":[{"href":"https:\/\/www.avenuedesigncanada.com\/fr\/wp-json\/wp\/v2\/product\/403006","targetHints":{"allow":["GET"]}}],"collection":[{"href":"https:\/\/www.avenuedesigncanada.com\/fr\/wp-json\/wp\/v2\/product"}],"about":[{"href":"https:\/\/www.avenuedesigncanada.com\/fr\/wp-json\/wp\/v2\/types\/product"}],"wp:featuredmedia":[{"embeddable":true,"href":"https:\/\/www.avenuedesigncanada.com\/fr\/wp-json\/wp\/v2\/media\/399993"}],"wp:attachment":[{"href":"https:\/\/www.avenuedesigncanada.com\/fr\/wp-json\/wp\/v2\/media?parent=403006"}],"wp:term":[{"taxonomy":"product_brand","embeddable":true,"href":"https:\/\/www.avenuedesigncanada.com\/fr\/wp-json\/wp\/v2\/product_brand?post=403006"},{"taxonomy":"product_cat","embeddable":true,"href":"https:\/\/www.avenuedesigncanada.com\/fr\/wp-json\/wp\/v2\/product_cat?post=403006"},{"taxonomy":"product_tag","embeddable":true,"href":"https:\/\/www.avenuedesigncanada.com\/fr\/wp-json\/wp\/v2\/product_tag?post=403006"}],"curies":[{"name":"wp","href":"https:\/\/api.w.org\/{rel}","templated":true}]}}