{"id":403011,"date":"2026-01-08T10:07:19","date_gmt":"2026-01-08T15:07:19","guid":{"rendered":"https:\/\/www.avenuedesigncanada.com\/product\/table-a-cocktail-haru\/"},"modified":"2026-02-12T10:50:59","modified_gmt":"2026-02-12T15:50:59","slug":"table-a-cocktail-haru","status":"publish","type":"product","link":"https:\/\/www.avenuedesigncanada.com\/fr\/product\/table-a-cocktail-haru\/","title":{"rendered":"Table \u00e0 caf\u00e9  Haru"},"content":{"rendered":"<p><em>Les caract\u00e9ristiques de la table \u00e0 cocktail Haru :<\/em><\/p>\n<p>Base cylindrique en acier inoxydable aux finitions marron et or pour un look contemporain captivant<br \/>\nPlateau en verre clair tremp\u00e9 et en acier dor\u00e9 poli<br \/>\nPeut \u00eatre associ\u00e9 \u00e0 notre table d&rsquo;appoint Haru<br \/>\nConvient aux espaces r\u00e9sidentiels et commerciaux<\/p>\n<p>Vous avez des questions sur ce produit ? Nos concepteurs sont l\u00e0 pour vous aider. Appelez-nous au (514) 340-9351  <\/p>\n","protected":false},"excerpt":{"rendered":"<p>Cette \u00e9tonnante table basse est dot\u00e9e d&rsquo;une base cylindrique en acier inoxydable aux finitions marron et or pour un look contemporain captivant. Elle est dot\u00e9e d&rsquo;un plateau en verre clair tremp\u00e9 et en acier dor\u00e9 poli. Peut \u00eatre associ\u00e9e \u00e0 notre table d&rsquo;appoint Haru. Convient aux espaces r\u00e9sidentiels et commerciaux.   <\/p>\n","protected":false},"featured_media":399918,"template":"","meta":{"_kad_blocks_custom_css":"","_kad_blocks_head_custom_js":"","_kad_blocks_body_custom_js":"","_kad_blocks_footer_custom_js":"","_kad_post_transparent":"","_kad_post_title":"","_kad_post_layout":"","_kad_post_sidebar_id":"","_kad_post_content_style":"","_kad_post_vertical_padding":"","_kad_post_feature":"","_kad_post_feature_position":"","_kad_post_header":false,"_kad_post_footer":false,"_kad_post_classname":""},"product_brand":[],"product_cat":[1327],"product_tag":[1824],"class_list":{"0":"post-403011","1":"product","2":"type-product","3":"status-publish","4":"has-post-thumbnail","6":"product_cat-salon-tables-a-cafe","7":"product_tag-sol-fr","9":"first","10":"instock","11":"taxable","12":"shipping-taxable","13":"product-type-simple","14":"entry","15":"content-bg","16":"loop-entry"},"taxonomy_info":{"product_cat":[{"value":1327,"label":"Tables \u00e0 caf\u00e9"}],"product_tag":[{"value":1824,"label":"SOL"}]},"featured_image_src_large":["https:\/\/www.avenuedesigncanada.com\/wp-content\/uploads\/2026\/01\/Haru-main-1024x1024.jpg",1024,1024,true],"author_info":[],"comment_info":"","_links":{"self":[{"href":"https:\/\/www.avenuedesigncanada.com\/fr\/wp-json\/wp\/v2\/product\/403011","targetHints":{"allow":["GET"]}}],"collection":[{"href":"https:\/\/www.avenuedesigncanada.com\/fr\/wp-json\/wp\/v2\/product"}],"about":[{"href":"https:\/\/www.avenuedesigncanada.com\/fr\/wp-json\/wp\/v2\/types\/product"}],"wp:featuredmedia":[{"embeddable":true,"href":"https:\/\/www.avenuedesigncanada.com\/fr\/wp-json\/wp\/v2\/media\/399918"}],"wp:attachment":[{"href":"https:\/\/www.avenuedesigncanada.com\/fr\/wp-json\/wp\/v2\/media?parent=403011"}],"wp:term":[{"taxonomy":"product_brand","embeddable":true,"href":"https:\/\/www.avenuedesigncanada.com\/fr\/wp-json\/wp\/v2\/product_brand?post=403011"},{"taxonomy":"product_cat","embeddable":true,"href":"https:\/\/www.avenuedesigncanada.com\/fr\/wp-json\/wp\/v2\/product_cat?post=403011"},{"taxonomy":"product_tag","embeddable":true,"href":"https:\/\/www.avenuedesigncanada.com\/fr\/wp-json\/wp\/v2\/product_tag?post=403011"}],"curies":[{"name":"wp","href":"https:\/\/api.w.org\/{rel}","templated":true}]}}