{"id":403012,"date":"2026-01-08T10:06:25","date_gmt":"2026-01-08T15:06:25","guid":{"rendered":"https:\/\/www.avenuedesigncanada.com\/product\/table-a-cocktail-geddes\/"},"modified":"2026-02-12T10:51:00","modified_gmt":"2026-02-12T15:51:00","slug":"table-a-cocktail-geddes","status":"publish","type":"product","link":"https:\/\/www.avenuedesigncanada.com\/fr\/product\/table-a-cocktail-geddes\/","title":{"rendered":"Table \u00e0 caf\u00e9  Geddes"},"content":{"rendered":"<p><em>Les caract\u00e9ristiques de la table \u00e0 cocktail Geddes :<\/em><\/p>\n<p>Le b\u00e9ton renforc\u00e9 de fibres de verre est incroyablement r\u00e9sistant et durable<br \/>\nScell\u00e9 avec une couche de finition pour une protection suppl\u00e9mentaire contre l&rsquo;humidit\u00e9 et les taches<br \/>\nL&rsquo;effet faux bois est peint \u00e0 la main et con\u00e7u pour ressembler au veinage naturel du bois<br \/>\nL&rsquo;effet faux travertin est cr\u00e9\u00e9 \u00e0 l&rsquo;aide d&rsquo;une finition par transfert d&rsquo;eau appliqu\u00e9e \u00e0 la main et imite les caract\u00e9ristiques naturelles du marbre<br \/>\nFabriqu\u00e9 \u00e0 partir d&rsquo;un m\u00e9lange de b\u00e9ton naturel, chaque pi\u00e8ce a un aspect diff\u00e9rent, chaque pi\u00e8ce aura un aspect diff\u00e9rent<br \/>\nLes variations de couleur, de texture, les imperfections, les rayures de surface et les fissures capillaires non structurelles sont des qualit\u00e9s inh\u00e9rentes et appr\u00e9ci\u00e9es du b\u00e9ton<br \/>\nAppliquez des housses de protection ou rangez-les \u00e0 l&rsquo;int\u00e9rieur lorsque vous ne les utilisez pas et en cas de conditions m\u00e9t\u00e9orologiques\/saisons extr\u00eames afin de prolonger la dur\u00e9e de vie des articles d&rsquo;ext\u00e9rieur.<\/p>\n<p>Vous avez des questions sur ce produit ? Nos concepteurs sont l\u00e0 pour vous aider. Appelez-nous au (514) 340-9351  <\/p>\n","protected":false},"excerpt":{"rendered":"<p>La table basse Geddes est une pi\u00e8ce d&rsquo;art moderniste avec un jeu g\u00e9om\u00e9trique de formes courbes et de couches nuanc\u00e9es. Basse au sol et enti\u00e8rement faite de b\u00e9ton, elle est finie \u00e0 la main avec un faux travertin et un faux bois. Elle se distingue par elle-m\u00eame ou peut \u00eatre associ\u00e9e \u00e0 d&rsquo;autres \u00e9l\u00e9ments de d\u00e9coration pour conf\u00e9rer une touche organique \u00e0 tout espace de vie int\u00e9rieur ou ext\u00e9rieur.  <\/p>\n","protected":false},"featured_media":399900,"template":"","meta":{"_kad_blocks_custom_css":"","_kad_blocks_head_custom_js":"","_kad_blocks_body_custom_js":"","_kad_blocks_footer_custom_js":"","_kad_post_transparent":"","_kad_post_title":"","_kad_post_layout":"","_kad_post_sidebar_id":"","_kad_post_content_style":"","_kad_post_vertical_padding":"","_kad_post_feature":"","_kad_post_feature_position":"","_kad_post_header":false,"_kad_post_footer":false,"_kad_post_classname":""},"product_brand":[],"product_cat":[1327],"product_tag":[1824],"class_list":{"0":"post-403012","1":"product","2":"type-product","3":"status-publish","4":"has-post-thumbnail","6":"product_cat-salon-tables-a-cafe","7":"product_tag-sol-fr","9":"first","10":"instock","11":"taxable","12":"shipping-taxable","13":"product-type-simple","14":"entry","15":"content-bg","16":"loop-entry"},"taxonomy_info":{"product_cat":[{"value":1327,"label":"Tables \u00e0 caf\u00e9"}],"product_tag":[{"value":1824,"label":"SOL"}]},"featured_image_src_large":["https:\/\/www.avenuedesigncanada.com\/wp-content\/uploads\/2026\/01\/Geddes-2-1024x1024.jpg",1024,1024,true],"author_info":[],"comment_info":"","_links":{"self":[{"href":"https:\/\/www.avenuedesigncanada.com\/fr\/wp-json\/wp\/v2\/product\/403012","targetHints":{"allow":["GET"]}}],"collection":[{"href":"https:\/\/www.avenuedesigncanada.com\/fr\/wp-json\/wp\/v2\/product"}],"about":[{"href":"https:\/\/www.avenuedesigncanada.com\/fr\/wp-json\/wp\/v2\/types\/product"}],"wp:featuredmedia":[{"embeddable":true,"href":"https:\/\/www.avenuedesigncanada.com\/fr\/wp-json\/wp\/v2\/media\/399900"}],"wp:attachment":[{"href":"https:\/\/www.avenuedesigncanada.com\/fr\/wp-json\/wp\/v2\/media?parent=403012"}],"wp:term":[{"taxonomy":"product_brand","embeddable":true,"href":"https:\/\/www.avenuedesigncanada.com\/fr\/wp-json\/wp\/v2\/product_brand?post=403012"},{"taxonomy":"product_cat","embeddable":true,"href":"https:\/\/www.avenuedesigncanada.com\/fr\/wp-json\/wp\/v2\/product_cat?post=403012"},{"taxonomy":"product_tag","embeddable":true,"href":"https:\/\/www.avenuedesigncanada.com\/fr\/wp-json\/wp\/v2\/product_tag?post=403012"}],"curies":[{"name":"wp","href":"https:\/\/api.w.org\/{rel}","templated":true}]}}