{"id":403015,"date":"2026-01-08T10:19:23","date_gmt":"2026-01-08T15:19:23","guid":{"rendered":"https:\/\/www.avenuedesigncanada.com\/product\/table-a-cocktail-nilda\/"},"modified":"2026-03-20T13:12:11","modified_gmt":"2026-03-20T17:12:11","slug":"table-a-cocktail-nilda","status":"publish","type":"product","link":"https:\/\/www.avenuedesigncanada.com\/fr\/product\/table-a-cocktail-nilda\/","title":{"rendered":"Pouf  Nilda"},"content":{"rendered":"<p><em>Les caract\u00e9ristiques de la table \u00e0 cocktail Nilda :<\/em><\/p>\n<p>Rev\u00eatement en cuir pleine fleur avec des huiles et des cires naturelles<br \/>\nL&rsquo;assise et les accoudoirs sont fabriqu\u00e9s avec des fibres en vrac de premi\u00e8re qualit\u00e9 pour un confort et un soutien moelleux<br \/>\nLes coussins du dossier sont remplis de sacs \u00e0 chicanes multicanaux pour maintenir le positionnement des fibres en vrac, ce qui permet d&rsquo;obtenir des formes bien d\u00e9finies<br \/>\nConfort et durabilit\u00e9 accrus gr\u00e2ce aux coussins en mousse de polyur\u00e9thane haute densit\u00e9 2.0 envelopp\u00e9s de fibres.0 en mousse de polyur\u00e9thane<br \/>\nFabriqu\u00e9 avec du bois sec pour garantir la stabilit\u00e9 du cadre dans le temps<br \/>\nSuspension de l&rsquo;assise par sangle<br \/>\nFabriqu\u00e9 en Italie avec du bois certifi\u00e9 FSC<br \/>\nLe cuir est un mat\u00e9riau naturel. Par cons\u00e9quent, les variations de couleur, les marques, les plis, les rainures et les l\u00e9g\u00e8res \u00e9raflures sont des caract\u00e9ristiques appr\u00e9ci\u00e9es<br \/>\nIl n&rsquo;y a pas deux pi\u00e8ces identiques<br \/>\nNettoyez avec un chiffon humide et s\u00e9chez imm\u00e9diatement.<\/p>\n<p>Vous avez des questions sur ce produit ? Nos concepteurs sont l\u00e0 pour vous aider. Appelez-nous au (514) 340-9351<\/p>\n","protected":false},"excerpt":{"rendered":"<p>Un ottoman rond classique, fabriqu\u00e9 en Italie, dont le dessus est subtilement touffet\u00e9 pour une superbe touche de style. Rembourr\u00e9 dans notre cuir bovin 100% italien de couleur camel pour une qualit\u00e9 durable. Ce cuir riche, teint\u00e9 dans la masse, pr\u00e9sente une finition pleine fleur avec des huiles et des cires naturelles qui accentuent les belles caract\u00e9ristiques de la peau. La finition est assur\u00e9e par une base en bois de h\u00eatre massif.<\/p>\n","protected":false},"featured_media":400136,"template":"","meta":{"_kad_blocks_custom_css":"","_kad_blocks_head_custom_js":"","_kad_blocks_body_custom_js":"","_kad_blocks_footer_custom_js":"","_kad_post_transparent":"default","_kad_post_title":"","_kad_post_layout":"default","_kad_post_sidebar_id":"","_kad_post_content_style":"default","_kad_post_vertical_padding":"default","_kad_post_feature":"","_kad_post_feature_position":"","_kad_post_header":false,"_kad_post_footer":false,"_kad_post_classname":""},"product_brand":[],"product_cat":[1325],"product_tag":[1824],"class_list":{"0":"post-403015","1":"product","2":"type-product","3":"status-publish","4":"has-post-thumbnail","6":"product_cat-poufs","7":"product_tag-sol-fr","9":"first","10":"instock","11":"taxable","12":"shipping-taxable","13":"product-type-simple","14":"entry","15":"content-bg","16":"loop-entry"},"taxonomy_info":{"product_cat":[{"value":1325,"label":"Ottomans"}],"product_tag":[{"value":1824,"label":"SOL"}]},"featured_image_src_large":["https:\/\/www.avenuedesigncanada.com\/wp-content\/uploads\/2026\/01\/Nilda-1024x1024.jpg",1024,1024,true],"author_info":[],"comment_info":"","_links":{"self":[{"href":"https:\/\/www.avenuedesigncanada.com\/fr\/wp-json\/wp\/v2\/product\/403015","targetHints":{"allow":["GET"]}}],"collection":[{"href":"https:\/\/www.avenuedesigncanada.com\/fr\/wp-json\/wp\/v2\/product"}],"about":[{"href":"https:\/\/www.avenuedesigncanada.com\/fr\/wp-json\/wp\/v2\/types\/product"}],"wp:featuredmedia":[{"embeddable":true,"href":"https:\/\/www.avenuedesigncanada.com\/fr\/wp-json\/wp\/v2\/media\/400136"}],"wp:attachment":[{"href":"https:\/\/www.avenuedesigncanada.com\/fr\/wp-json\/wp\/v2\/media?parent=403015"}],"wp:term":[{"taxonomy":"product_brand","embeddable":true,"href":"https:\/\/www.avenuedesigncanada.com\/fr\/wp-json\/wp\/v2\/product_brand?post=403015"},{"taxonomy":"product_cat","embeddable":true,"href":"https:\/\/www.avenuedesigncanada.com\/fr\/wp-json\/wp\/v2\/product_cat?post=403015"},{"taxonomy":"product_tag","embeddable":true,"href":"https:\/\/www.avenuedesigncanada.com\/fr\/wp-json\/wp\/v2\/product_tag?post=403015"}],"curies":[{"name":"wp","href":"https:\/\/api.w.org\/{rel}","templated":true}]}}