{"id":403016,"date":"2026-01-08T10:09:57","date_gmt":"2026-01-08T15:09:57","guid":{"rendered":"https:\/\/www.avenuedesigncanada.com\/product\/table-a-cocktail-kalla\/"},"modified":"2026-02-12T10:51:01","modified_gmt":"2026-02-12T15:51:01","slug":"table-a-cocktail-kalla","status":"publish","type":"product","link":"https:\/\/www.avenuedesigncanada.com\/fr\/product\/table-a-cocktail-kalla\/","title":{"rendered":"Table \u00e0 caf\u00e9  Kalla"},"content":{"rendered":"<p><em>Les caract\u00e9ristiques de la table \u00e0 cocktail Kalla :<\/em><\/p>\n<p>Bois de ch\u00eane rustique et placage de ch\u00eane avec cannelures verticales<br \/>\nBase en acier bross\u00e9 dor\u00e9<br \/>\nMat\u00e9riau organique avec variation de texture naturelle, fines indentations, fissures, n\u0153uds et loupes visibles<br \/>\nAjoute du caract\u00e8re et de l&rsquo;unicit\u00e9 \u00e0 chaque pi\u00e8ce.<\/p>\n<p>Vous avez des questions sur ce produit ? Nos concepteurs sont l\u00e0 pour vous aider. Appelez-nous au (514) 340-9351  <\/p>\n","protected":false},"excerpt":{"rendered":"<p>La table \u00e0 cocktail Kalla allie forme et fonction. Elle est fabriqu\u00e9e en bois de ch\u00eane rustique et en placage de ch\u00eane avec des cannelures verticales. Une base en acier dor\u00e9 bross\u00e9 compl\u00e8te l&rsquo;ensemble.   Le bois \u00e9tant un mat\u00e9riau organique et poreux, ces pi\u00e8ces pr\u00e9sentent des variations naturelles de texture et peuvent \u00e9galement pr\u00e9senter de fines indentations et fissures. Les pi\u00e8ces de bois pr\u00e9sentent \u00e9galement une disparit\u00e9 de couleur et de grain, ainsi que des n\u0153uds et des loupes visibles qui ajoutent au caract\u00e8re de chaque pi\u00e8ce.<\/p>\n","protected":false},"featured_media":399966,"template":"","meta":{"_kad_blocks_custom_css":"","_kad_blocks_head_custom_js":"","_kad_blocks_body_custom_js":"","_kad_blocks_footer_custom_js":"","_kad_post_transparent":"","_kad_post_title":"","_kad_post_layout":"","_kad_post_sidebar_id":"","_kad_post_content_style":"","_kad_post_vertical_padding":"","_kad_post_feature":"","_kad_post_feature_position":"","_kad_post_header":false,"_kad_post_footer":false,"_kad_post_classname":""},"product_brand":[],"product_cat":[1327],"product_tag":[1824],"class_list":{"0":"post-403016","1":"product","2":"type-product","3":"status-publish","4":"has-post-thumbnail","6":"product_cat-salon-tables-a-cafe","7":"product_tag-sol-fr","9":"first","10":"instock","11":"taxable","12":"shipping-taxable","13":"product-type-simple","14":"entry","15":"content-bg","16":"loop-entry"},"taxonomy_info":{"product_cat":[{"value":1327,"label":"Tables \u00e0 caf\u00e9"}],"product_tag":[{"value":1824,"label":"SOL"}]},"featured_image_src_large":["https:\/\/www.avenuedesigncanada.com\/wp-content\/uploads\/2026\/01\/Kalla-1024x1024.jpg",1024,1024,true],"author_info":[],"comment_info":"","_links":{"self":[{"href":"https:\/\/www.avenuedesigncanada.com\/fr\/wp-json\/wp\/v2\/product\/403016","targetHints":{"allow":["GET"]}}],"collection":[{"href":"https:\/\/www.avenuedesigncanada.com\/fr\/wp-json\/wp\/v2\/product"}],"about":[{"href":"https:\/\/www.avenuedesigncanada.com\/fr\/wp-json\/wp\/v2\/types\/product"}],"wp:featuredmedia":[{"embeddable":true,"href":"https:\/\/www.avenuedesigncanada.com\/fr\/wp-json\/wp\/v2\/media\/399966"}],"wp:attachment":[{"href":"https:\/\/www.avenuedesigncanada.com\/fr\/wp-json\/wp\/v2\/media?parent=403016"}],"wp:term":[{"taxonomy":"product_brand","embeddable":true,"href":"https:\/\/www.avenuedesigncanada.com\/fr\/wp-json\/wp\/v2\/product_brand?post=403016"},{"taxonomy":"product_cat","embeddable":true,"href":"https:\/\/www.avenuedesigncanada.com\/fr\/wp-json\/wp\/v2\/product_cat?post=403016"},{"taxonomy":"product_tag","embeddable":true,"href":"https:\/\/www.avenuedesigncanada.com\/fr\/wp-json\/wp\/v2\/product_tag?post=403016"}],"curies":[{"name":"wp","href":"https:\/\/api.w.org\/{rel}","templated":true}]}}