{"id":403017,"date":"2026-01-08T10:26:02","date_gmt":"2026-01-08T15:26:02","guid":{"rendered":"https:\/\/www.avenuedesigncanada.com\/product\/table-a-cocktail-york\/"},"modified":"2026-02-12T10:51:01","modified_gmt":"2026-02-12T15:51:01","slug":"table-a-cocktail-york","status":"publish","type":"product","link":"https:\/\/www.avenuedesigncanada.com\/fr\/product\/table-a-cocktail-york\/","title":{"rendered":"Table \u00e0 caf\u00e9  York"},"content":{"rendered":"<p><em>Table \u00e0 cocktail York Caract\u00e9ristiques :<\/em><\/p>\n<p>Table \u00e0 cocktail glamour au design \u00e9poustouflant<br \/>\nCadre tubulaire en lucite avec plateau sup\u00e9rieur et inf\u00e9rieur en verre tremp\u00e9<br \/>\nBase en acier inoxydable avec finition en laiton antique<br \/>\nParfaite pour les espaces de vie ou de d\u00e9tente r\u00e9sidentiels et contractuels.<\/p>\n<p>Vous avez des questions sur ce produit ? Nos concepteurs sont l\u00e0 pour vous aider. Appelez-nous au (514) 340-9351  <\/p>\n","protected":false},"excerpt":{"rendered":"<p>Cette table de cocktail glamour fait sensation. Elle est dot\u00e9e d&rsquo;un cadre tubulaire en lucite et d&rsquo;\u00e9tag\u00e8res sup\u00e9rieures et inf\u00e9rieures en verre tremp\u00e9. Une base en acier inoxydable avec une finition en laiton antique compl\u00e8te le design. Parfaite pour les espaces de vie et de d\u00e9tente dans les environnements r\u00e9sidentiels et contractuels. Fabriqu\u00e9 en Inde. Gr\u00e2ce \u00e0 un savoir-faire raffin\u00e9, ce meuble a \u00e9t\u00e9 r\u00e9alis\u00e9 par des artisans locaux qualifi\u00e9s. En raison de la nature de l&rsquo;artisanat, les imperfections uniques telles que les fissures, les marques et les variations de couleur et de forme sont des caract\u00e9ristiques bienvenues et appr\u00e9ci\u00e9es pour une pi\u00e8ce vraiment unique.      <\/p>\n","protected":false},"featured_media":400245,"template":"","meta":{"_kad_blocks_custom_css":"","_kad_blocks_head_custom_js":"","_kad_blocks_body_custom_js":"","_kad_blocks_footer_custom_js":"","_kad_post_transparent":"","_kad_post_title":"","_kad_post_layout":"","_kad_post_sidebar_id":"","_kad_post_content_style":"","_kad_post_vertical_padding":"","_kad_post_feature":"","_kad_post_feature_position":"","_kad_post_header":false,"_kad_post_footer":false,"_kad_post_classname":""},"product_brand":[],"product_cat":[1327],"product_tag":[1824],"class_list":{"0":"post-403017","1":"product","2":"type-product","3":"status-publish","4":"has-post-thumbnail","6":"product_cat-salon-tables-a-cafe","7":"product_tag-sol-fr","9":"first","10":"instock","11":"taxable","12":"shipping-taxable","13":"product-type-simple","14":"entry","15":"content-bg","16":"loop-entry"},"taxonomy_info":{"product_cat":[{"value":1327,"label":"Tables \u00e0 caf\u00e9"}],"product_tag":[{"value":1824,"label":"SOL"}]},"featured_image_src_large":["https:\/\/www.avenuedesigncanada.com\/wp-content\/uploads\/2026\/01\/York-1-1-1024x1024.jpg",1024,1024,true],"author_info":[],"comment_info":"","_links":{"self":[{"href":"https:\/\/www.avenuedesigncanada.com\/fr\/wp-json\/wp\/v2\/product\/403017","targetHints":{"allow":["GET"]}}],"collection":[{"href":"https:\/\/www.avenuedesigncanada.com\/fr\/wp-json\/wp\/v2\/product"}],"about":[{"href":"https:\/\/www.avenuedesigncanada.com\/fr\/wp-json\/wp\/v2\/types\/product"}],"wp:featuredmedia":[{"embeddable":true,"href":"https:\/\/www.avenuedesigncanada.com\/fr\/wp-json\/wp\/v2\/media\/400245"}],"wp:attachment":[{"href":"https:\/\/www.avenuedesigncanada.com\/fr\/wp-json\/wp\/v2\/media?parent=403017"}],"wp:term":[{"taxonomy":"product_brand","embeddable":true,"href":"https:\/\/www.avenuedesigncanada.com\/fr\/wp-json\/wp\/v2\/product_brand?post=403017"},{"taxonomy":"product_cat","embeddable":true,"href":"https:\/\/www.avenuedesigncanada.com\/fr\/wp-json\/wp\/v2\/product_cat?post=403017"},{"taxonomy":"product_tag","embeddable":true,"href":"https:\/\/www.avenuedesigncanada.com\/fr\/wp-json\/wp\/v2\/product_tag?post=403017"}],"curies":[{"name":"wp","href":"https:\/\/api.w.org\/{rel}","templated":true}]}}