{"id":403018,"date":"2026-01-08T10:18:56","date_gmt":"2026-01-08T15:18:56","guid":{"rendered":"https:\/\/www.avenuedesigncanada.com\/product\/tables-cocktails-gigognes-neo\/"},"modified":"2026-02-12T10:51:01","modified_gmt":"2026-02-12T15:51:01","slug":"tables-cocktails-gigognes-neo","status":"publish","type":"product","link":"https:\/\/www.avenuedesigncanada.com\/fr\/product\/tables-cocktails-gigognes-neo\/","title":{"rendered":"Table \u00e0 caf\u00e9 gigognes Neo"},"content":{"rendered":"<p><em>Les caract\u00e9ristiques des tables \u00e0 cocktails gigognes Neo :<\/em><\/p>\n<p>Ajoutez un attrait ultra contemporain \u00e0 divers espaces avec les \u00e9tonnantes tables basses Neo<br \/>\nCompos\u00e9es de trois pi\u00e8ces m\u00e9talliques con\u00e7ues pour s&#8217;embo\u00eeter \u00e0 des hauteurs d\u00e9cal\u00e9es dans des finitions vari\u00e9es en laiton antique et en nickel<br \/>\nChaque plateau de table pr\u00e9sente un motif tourbillonnant fait \u00e0 la main qui est unique \u00e0 chaque pi\u00e8ce et qui peut varier<br \/>\nLa fonction et la dimension dans toute leur splendeur. Les trois pi\u00e8ces sont vendues comme un ensemble<br \/>\nFabriqu\u00e9 en Inde. Avec un savoir-faire raffin\u00e9, ce design a \u00e9t\u00e9 donn\u00e9 vie par des artisans locaux qualifi\u00e9s<br \/>\nEn raison de la nature de l&rsquo;artisanat, les imperfections uniques telles que les fissures, les marques et les variations de couleur et de forme sont les bienvenues et les caract\u00e9ristiques appr\u00e9ci\u00e9es pour une pi\u00e8ce vraiment unique.  <\/p>\n<p>Vous avez des questions sur ce produit ? Nos concepteurs sont l\u00e0 pour vous aider. Appelez-nous au (514) 340-9351  <\/p>\n","protected":false},"excerpt":{"rendered":"<p>Ajoutez un attrait ultra contemporain \u00e0 divers espaces avec les \u00e9tonnantes tables basses Neo. Compos\u00e9e de trois pi\u00e8ces m\u00e9talliques con\u00e7ues pour s&#8217;embo\u00eeter \u00e0 des hauteurs d\u00e9cal\u00e9es et dans des finitions vari\u00e9es en laiton antique et en nickel. Chaque plateau de table est orn\u00e9 d&rsquo;un motif tourbillonnant fait \u00e0 la main qui est unique \u00e0 chaque pi\u00e8ce et qui peut varier. La fonction et la dimension \u00e0 leur meilleur. Les trois pi\u00e8ces sont vendues ensemble. Fabriqu\u00e9 en Inde. Gr\u00e2ce \u00e0 un savoir-faire raffin\u00e9, ce design a \u00e9t\u00e9 donn\u00e9 vie par des artisans locaux qualifi\u00e9s. En raison de la nature de l&rsquo;artisanat, les imperfections uniques telles que les fissures, les marques et les variations de couleur et de forme sont des caract\u00e9ristiques bienvenues et appr\u00e9ci\u00e9es pour une pi\u00e8ce vraiment unique.      <\/p>\n","protected":false},"featured_media":400127,"template":"","meta":{"_kad_blocks_custom_css":"","_kad_blocks_head_custom_js":"","_kad_blocks_body_custom_js":"","_kad_blocks_footer_custom_js":"","_kad_post_transparent":"","_kad_post_title":"","_kad_post_layout":"","_kad_post_sidebar_id":"","_kad_post_content_style":"","_kad_post_vertical_padding":"","_kad_post_feature":"","_kad_post_feature_position":"","_kad_post_header":false,"_kad_post_footer":false,"_kad_post_classname":""},"product_brand":[],"product_cat":[1327],"product_tag":[1824],"class_list":{"0":"post-403018","1":"product","2":"type-product","3":"status-publish","4":"has-post-thumbnail","6":"product_cat-salon-tables-a-cafe","7":"product_tag-sol-fr","9":"first","10":"instock","11":"taxable","12":"shipping-taxable","13":"product-type-simple","14":"entry","15":"content-bg","16":"loop-entry"},"taxonomy_info":{"product_cat":[{"value":1327,"label":"Tables \u00e0 caf\u00e9"}],"product_tag":[{"value":1824,"label":"SOL"}]},"featured_image_src_large":["https:\/\/www.avenuedesigncanada.com\/wp-content\/uploads\/2026\/01\/Neo-Nesting-1024x1024.jpg",1024,1024,true],"author_info":[],"comment_info":"","_links":{"self":[{"href":"https:\/\/www.avenuedesigncanada.com\/fr\/wp-json\/wp\/v2\/product\/403018","targetHints":{"allow":["GET"]}}],"collection":[{"href":"https:\/\/www.avenuedesigncanada.com\/fr\/wp-json\/wp\/v2\/product"}],"about":[{"href":"https:\/\/www.avenuedesigncanada.com\/fr\/wp-json\/wp\/v2\/types\/product"}],"wp:featuredmedia":[{"embeddable":true,"href":"https:\/\/www.avenuedesigncanada.com\/fr\/wp-json\/wp\/v2\/media\/400127"}],"wp:attachment":[{"href":"https:\/\/www.avenuedesigncanada.com\/fr\/wp-json\/wp\/v2\/media?parent=403018"}],"wp:term":[{"taxonomy":"product_brand","embeddable":true,"href":"https:\/\/www.avenuedesigncanada.com\/fr\/wp-json\/wp\/v2\/product_brand?post=403018"},{"taxonomy":"product_cat","embeddable":true,"href":"https:\/\/www.avenuedesigncanada.com\/fr\/wp-json\/wp\/v2\/product_cat?post=403018"},{"taxonomy":"product_tag","embeddable":true,"href":"https:\/\/www.avenuedesigncanada.com\/fr\/wp-json\/wp\/v2\/product_tag?post=403018"}],"curies":[{"name":"wp","href":"https:\/\/api.w.org\/{rel}","templated":true}]}}