{"id":403020,"date":"2026-01-08T10:18:11","date_gmt":"2026-01-08T15:18:11","guid":{"rendered":"https:\/\/www.avenuedesigncanada.com\/product\/table-a-cocktail-naxos\/"},"modified":"2026-02-12T10:51:02","modified_gmt":"2026-02-12T15:51:02","slug":"table-a-cocktail-naxos","status":"publish","type":"product","link":"https:\/\/www.avenuedesigncanada.com\/fr\/product\/table-a-cocktail-naxos\/","title":{"rendered":"Table \u00e0 caf\u00e9  Naxos"},"content":{"rendered":"<p><em>Les caract\u00e9ristiques de la table \u00e0 cocktail Naxos :<\/em><\/p>\n<p>Introduisez un \u00e9l\u00e9ment de grandeur dans n&rsquo;importe quel espace avec cette merveilleuse table basse<br \/>\nPlateau en marbre blanc de Carrare massif de 21 mm avec fond en verre tremp\u00e9 fum\u00e9 de 6 mm<br \/>\n\u00c9l\u00e9gant cadre en m\u00e9tal rev\u00eatu de poudre dans une finition bronze rustique<br \/>\nConsoles et tables d&rsquo;appoint coordonn\u00e9es \u00e9galement disponibles<br \/>\nLe marbre \u00e9tant un mat\u00e9riau naturel, les veines, piq\u00fbres, fissures, microfissures et variations de couleur uniques sont autant de caract\u00e9ristiques qui ajoutent au caract\u00e8re unique et \u00e0 la beaut\u00e9 de chaque pi\u00e8ce.<\/p>\n<p>Vous avez des questions sur ce produit ? Nos concepteurs sont l\u00e0 pour vous aider. Appelez-nous au (514) 340-9351  <\/p>\n","protected":false},"excerpt":{"rendered":"<p>Introduisez un \u00e9l\u00e9ment de grandeur dans n&rsquo;importe quel espace avec cette merveilleuse table basse. Elle se compose d&rsquo;un plateau en marbre blanc de Carrare massif de 21 mm et d&rsquo;un fond en verre tremp\u00e9 fum\u00e9 de 6 mm. Elle est compl\u00e9t\u00e9e par une \u00e9l\u00e9gante structure en m\u00e9tal rev\u00eatu de poudre au fini bronze rustique. Des consoles et des tables d&rsquo;appoint coordonn\u00e9es sont \u00e9galement disponibles. Le marbre \u00e9tant un mat\u00e9riau naturel, les veines, les piq\u00fbres, les fissures, les microfissures et les variations de couleur sont autant de caract\u00e9ristiques qui ajoutent au caract\u00e8re unique et \u00e0 la beaut\u00e9 de chaque pi\u00e8ce.    <\/p>\n","protected":false},"featured_media":400118,"template":"","meta":{"_kad_blocks_custom_css":"","_kad_blocks_head_custom_js":"","_kad_blocks_body_custom_js":"","_kad_blocks_footer_custom_js":"","_kad_post_transparent":"","_kad_post_title":"","_kad_post_layout":"","_kad_post_sidebar_id":"","_kad_post_content_style":"","_kad_post_vertical_padding":"","_kad_post_feature":"","_kad_post_feature_position":"","_kad_post_header":false,"_kad_post_footer":false,"_kad_post_classname":""},"product_brand":[],"product_cat":[1327],"product_tag":[1824],"class_list":{"0":"post-403020","1":"product","2":"type-product","3":"status-publish","4":"has-post-thumbnail","6":"product_cat-salon-tables-a-cafe","7":"product_tag-sol-fr","9":"first","10":"instock","11":"taxable","12":"shipping-taxable","13":"product-type-simple","14":"entry","15":"content-bg","16":"loop-entry"},"taxonomy_info":{"product_cat":[{"value":1327,"label":"Tables \u00e0 caf\u00e9"}],"product_tag":[{"value":1824,"label":"SOL"}]},"featured_image_src_large":["https:\/\/www.avenuedesigncanada.com\/wp-content\/uploads\/2026\/01\/Naxos-1024x1024.jpg",1024,1024,true],"author_info":[],"comment_info":"","_links":{"self":[{"href":"https:\/\/www.avenuedesigncanada.com\/fr\/wp-json\/wp\/v2\/product\/403020","targetHints":{"allow":["GET"]}}],"collection":[{"href":"https:\/\/www.avenuedesigncanada.com\/fr\/wp-json\/wp\/v2\/product"}],"about":[{"href":"https:\/\/www.avenuedesigncanada.com\/fr\/wp-json\/wp\/v2\/types\/product"}],"wp:featuredmedia":[{"embeddable":true,"href":"https:\/\/www.avenuedesigncanada.com\/fr\/wp-json\/wp\/v2\/media\/400118"}],"wp:attachment":[{"href":"https:\/\/www.avenuedesigncanada.com\/fr\/wp-json\/wp\/v2\/media?parent=403020"}],"wp:term":[{"taxonomy":"product_brand","embeddable":true,"href":"https:\/\/www.avenuedesigncanada.com\/fr\/wp-json\/wp\/v2\/product_brand?post=403020"},{"taxonomy":"product_cat","embeddable":true,"href":"https:\/\/www.avenuedesigncanada.com\/fr\/wp-json\/wp\/v2\/product_cat?post=403020"},{"taxonomy":"product_tag","embeddable":true,"href":"https:\/\/www.avenuedesigncanada.com\/fr\/wp-json\/wp\/v2\/product_tag?post=403020"}],"curies":[{"name":"wp","href":"https:\/\/api.w.org\/{rel}","templated":true}]}}