{"id":403395,"date":"2026-01-29T09:57:06","date_gmt":"2026-01-29T14:57:06","guid":{"rendered":"https:\/\/www.avenuedesigncanada.com\/product\/table-de-salle-a-manger-darchitecte\/"},"modified":"2026-02-12T10:51:12","modified_gmt":"2026-02-12T15:51:12","slug":"table-de-salle-a-manger-darchitecte","status":"publish","type":"product","link":"https:\/\/www.avenuedesigncanada.com\/fr\/product\/table-de-salle-a-manger-darchitecte\/","title":{"rendered":"Table de salle \u00e0 manger d&rsquo;architecte"},"content":{"rendered":"<p> <em> Caract\u00e9ristiques de la table \u00e0 manger Architect : <\/em><br \/>\nStromy avec garniture en \u00e9b\u00e8ne<br \/>\n finition du bois &#8211; fr\u00eane brun<br \/>\npersonnalisation disponible<br \/>\nAvez-vous des questions sur ce produit ?<\/p>\n<p>Nos concepteurs sont l\u00e0 pour vous aider. Appelez-nous au (514) 340-9351 <\/p>\n","protected":false},"excerpt":{"rendered":"<p>Inspir\u00e9e par certaines des plus grandes \u0153uvres architecturales du si\u00e8cle. La table \u00e0 manger Architect refl\u00e8te le style contemporain de notre \u00e9poque. Fabriqu\u00e9e sur commande \u00e0 la taille que vous souhaitez dans une s\u00e9lection d&rsquo;essences de bois comme l&rsquo;\u00e9rable, le fr\u00eane, le ch\u00eane, le noyer, le cerisier, avec diff\u00e9rentes textures de plateau disponibles, et une grande vari\u00e9t\u00e9 de finitions\/couleurs et de niveaux de brillance.  <\/p>\n","protected":false},"featured_media":403216,"template":"","meta":{"_kad_blocks_custom_css":"","_kad_blocks_head_custom_js":"","_kad_blocks_body_custom_js":"","_kad_blocks_footer_custom_js":"","_kad_post_transparent":"","_kad_post_title":"","_kad_post_layout":"","_kad_post_sidebar_id":"","_kad_post_content_style":"","_kad_post_vertical_padding":"","_kad_post_feature":"","_kad_post_feature_position":"","_kad_post_header":false,"_kad_post_footer":false,"_kad_post_classname":""},"product_brand":[],"product_cat":[1841,1865,1306],"product_tag":[1852],"class_list":{"0":"post-403395","1":"product","2":"type-product","3":"status-publish","4":"has-post-thumbnail","6":"product_cat-meubles-sur-mesure","7":"product_cat-table-a-manger-sur-mesure","8":"product_cat-tables-de-salle-a-manger","9":"product_tag-avenue-fr","11":"first","12":"instock","13":"taxable","14":"shipping-taxable","15":"product-type-simple","16":"entry","17":"content-bg","18":"loop-entry"},"taxonomy_info":{"product_cat":[{"value":1841,"label":"Meubles sur mesure"},{"value":1865,"label":"TABLE \u00c0 MANGER SUR MESURE"},{"value":1306,"label":"Tables"}],"product_tag":[{"value":1852,"label":"AVENUE"}]},"featured_image_src_large":["https:\/\/www.avenuedesigncanada.com\/wp-content\/uploads\/2026\/01\/Architect-Dining-Table-1-1024x1024.jpg",1024,1024,true],"author_info":[],"comment_info":"","_links":{"self":[{"href":"https:\/\/www.avenuedesigncanada.com\/fr\/wp-json\/wp\/v2\/product\/403395","targetHints":{"allow":["GET"]}}],"collection":[{"href":"https:\/\/www.avenuedesigncanada.com\/fr\/wp-json\/wp\/v2\/product"}],"about":[{"href":"https:\/\/www.avenuedesigncanada.com\/fr\/wp-json\/wp\/v2\/types\/product"}],"wp:featuredmedia":[{"embeddable":true,"href":"https:\/\/www.avenuedesigncanada.com\/fr\/wp-json\/wp\/v2\/media\/403216"}],"wp:attachment":[{"href":"https:\/\/www.avenuedesigncanada.com\/fr\/wp-json\/wp\/v2\/media?parent=403395"}],"wp:term":[{"taxonomy":"product_brand","embeddable":true,"href":"https:\/\/www.avenuedesigncanada.com\/fr\/wp-json\/wp\/v2\/product_brand?post=403395"},{"taxonomy":"product_cat","embeddable":true,"href":"https:\/\/www.avenuedesigncanada.com\/fr\/wp-json\/wp\/v2\/product_cat?post=403395"},{"taxonomy":"product_tag","embeddable":true,"href":"https:\/\/www.avenuedesigncanada.com\/fr\/wp-json\/wp\/v2\/product_tag?post=403395"}],"curies":[{"name":"wp","href":"https:\/\/api.w.org\/{rel}","templated":true}]}}