{"id":403479,"date":"2026-01-29T10:55:54","date_gmt":"2026-01-29T15:55:54","guid":{"rendered":"https:\/\/www.avenuedesigncanada.com\/product\/meuble-tv-rise\/"},"modified":"2026-02-12T10:51:14","modified_gmt":"2026-02-12T15:51:14","slug":"meuble-tv-rise","status":"publish","type":"product","link":"https:\/\/www.avenuedesigncanada.com\/fr\/product\/meuble-tv-rise\/","title":{"rendered":"Meuble TV Rise"},"content":{"rendered":"<p><em>Caract\u00e9ristiques du meuble TV Rise :  <\/em><\/p>\n<p>Finition du bois &#8211; Fr\u00eane brun<br \/>\nCouleur &#8211; Noir NGR\/ stormy avec \u00e9tag\u00e8re inf\u00e9rieure finie en crosse de fusil et noyer noir<\/p>\n<p>personnalisation possible<br \/>\nAvez-vous des questions sur ce produit ?<\/p>\n<p>Nos concepteurs sont l\u00e0 pour vous aider. Appelez-nous au (514) 340-9351 <\/p>\n","protected":false},"excerpt":{"rendered":"<p>Caract\u00e9ristiques du meuble TV Rise : Finition du bois &#8211; Fr\u00eane brun Couleur &#8211; Noir NGR\/ stormy avec \u00e9tag\u00e8re inf\u00e9rieure finie en crosse de fusil et noyer noir personnalisation possible Avez-vous des questions sur ce produit ? Nos concepteurs sont l\u00e0 pour vous aider. Appelez-nous au (514) 340-9351<\/p>\n","protected":false},"featured_media":403407,"template":"","meta":{"_kad_blocks_custom_css":"","_kad_blocks_head_custom_js":"","_kad_blocks_body_custom_js":"","_kad_blocks_footer_custom_js":"","_kad_post_transparent":"","_kad_post_title":"","_kad_post_layout":"","_kad_post_sidebar_id":"","_kad_post_content_style":"","_kad_post_vertical_padding":"","_kad_post_feature":"","_kad_post_feature_position":"","_kad_post_header":false,"_kad_post_footer":false,"_kad_post_classname":""},"product_brand":[],"product_cat":[1326,1841,1866,1868],"product_tag":[1852],"class_list":{"0":"post-403479","1":"product","2":"type-product","3":"status-publish","4":"has-post-thumbnail","6":"product_cat-cabinets-media","7":"product_cat-meubles-sur-mesure","8":"product_cat-table-console-sur-mesure","9":"product_cat-table-de-credence-sur-mesure","10":"product_tag-avenue-fr","12":"first","13":"instock","14":"taxable","15":"shipping-taxable","16":"product-type-simple","17":"entry","18":"content-bg","19":"loop-entry"},"taxonomy_info":{"product_cat":[{"value":1326,"label":"Meubles Media"},{"value":1841,"label":"Meubles sur mesure"},{"value":1866,"label":"TABLE CONSOLE SUR MESURE"},{"value":1868,"label":"TABLE DE CR\u00c9DENCE SUR MESURE"}],"product_tag":[{"value":1852,"label":"AVENUE"}]},"featured_image_src_large":["https:\/\/www.avenuedesigncanada.com\/wp-content\/uploads\/2026\/01\/Rise-Media-Cabinet-1-1024x1024.jpg",1024,1024,true],"author_info":[],"comment_info":"","_links":{"self":[{"href":"https:\/\/www.avenuedesigncanada.com\/fr\/wp-json\/wp\/v2\/product\/403479","targetHints":{"allow":["GET"]}}],"collection":[{"href":"https:\/\/www.avenuedesigncanada.com\/fr\/wp-json\/wp\/v2\/product"}],"about":[{"href":"https:\/\/www.avenuedesigncanada.com\/fr\/wp-json\/wp\/v2\/types\/product"}],"wp:featuredmedia":[{"embeddable":true,"href":"https:\/\/www.avenuedesigncanada.com\/fr\/wp-json\/wp\/v2\/media\/403407"}],"wp:attachment":[{"href":"https:\/\/www.avenuedesigncanada.com\/fr\/wp-json\/wp\/v2\/media?parent=403479"}],"wp:term":[{"taxonomy":"product_brand","embeddable":true,"href":"https:\/\/www.avenuedesigncanada.com\/fr\/wp-json\/wp\/v2\/product_brand?post=403479"},{"taxonomy":"product_cat","embeddable":true,"href":"https:\/\/www.avenuedesigncanada.com\/fr\/wp-json\/wp\/v2\/product_cat?post=403479"},{"taxonomy":"product_tag","embeddable":true,"href":"https:\/\/www.avenuedesigncanada.com\/fr\/wp-json\/wp\/v2\/product_tag?post=403479"}],"curies":[{"name":"wp","href":"https:\/\/api.w.org\/{rel}","templated":true}]}}