{"id":403590,"date":"2026-01-29T14:01:41","date_gmt":"2026-01-29T19:01:41","guid":{"rendered":"https:\/\/www.avenuedesigncanada.com\/product\/table-dextremite-mae\/"},"modified":"2026-02-12T10:51:16","modified_gmt":"2026-02-12T15:51:16","slug":"table-dextremite-mae","status":"publish","type":"product","link":"https:\/\/www.avenuedesigncanada.com\/fr\/product\/table-dextremite-mae\/","title":{"rendered":"Table d&rsquo;extr\u00e9mit\u00e9 Mae"},"content":{"rendered":"<p><em>La table d&rsquo;extr\u00e9mit\u00e9 Mae pr\u00e9sente les caract\u00e9ristiques suivantes : <\/em><\/p>\n<p>Finition du bois &#8211; Placage d&rsquo;\u00e9rable<br \/>\ntable basse &#8211; 26,5&Prime; la x 19,75 \u00ab\u00a0p x 14 \u00ab\u00a0h<br \/>\n mesure haute &#8211; 23,5 \u00ab\u00a0la x 13,75 \u00ab\u00a0p x 19,75 \u00ab\u00a0h  <\/p>\n<p>personnalisation possible<br \/>\nVous avez des questions sur ce produit ?<br \/>\nNos designers sont l\u00e0 pour vous aider. Appelez-nous au (514) 340-9351<\/p>\n","protected":false},"excerpt":{"rendered":"<p>La table d&rsquo;extr\u00e9mit\u00e9 Mae pr\u00e9sente les caract\u00e9ristiques suivantes : Finition du bois &#8211; Placage d&rsquo;\u00e9rable table basse &#8211; 26,5&Prime; la x 19,75 \u00ab\u00a0p x 14 \u00ab\u00a0h mesure haute &#8211; 23,5 \u00ab\u00a0la x 13,75 \u00ab\u00a0p x 19,75 \u00ab\u00a0h personnalisation possible Vous avez des questions sur ce produit ? Nos designers sont l\u00e0 pour vous aider. Appelez-nous&#8230;<\/p>\n","protected":false},"featured_media":403557,"template":"","meta":{"_kad_blocks_custom_css":"","_kad_blocks_head_custom_js":"","_kad_blocks_body_custom_js":"","_kad_blocks_footer_custom_js":"","_kad_post_transparent":"","_kad_post_title":"","_kad_post_layout":"","_kad_post_sidebar_id":"","_kad_post_content_style":"","_kad_post_vertical_padding":"","_kad_post_feature":"","_kad_post_feature_position":"","_kad_post_header":false,"_kad_post_footer":false,"_kad_post_classname":""},"product_brand":[],"product_cat":[1841,1867,1323],"product_tag":[1852],"class_list":{"0":"post-403590","1":"product","2":"type-product","3":"status-publish","4":"has-post-thumbnail","6":"product_cat-meubles-sur-mesure","7":"product_cat-table-dappoint-sur-mesure","8":"product_cat-salon-tables-dappoint","9":"product_tag-avenue-fr","11":"first","12":"instock","13":"taxable","14":"shipping-taxable","15":"product-type-simple","16":"entry","17":"content-bg","18":"loop-entry"},"taxonomy_info":{"product_cat":[{"value":1841,"label":"Meubles sur mesure"},{"value":1867,"label":"TABLE D'APPOINT SUR MESURE"},{"value":1323,"label":"Tables d'appoint"}],"product_tag":[{"value":1852,"label":"AVENUE"}]},"featured_image_src_large":["https:\/\/www.avenuedesigncanada.com\/wp-content\/uploads\/2026\/01\/Mae-End-Table-1-1024x1024.jpeg",1024,1024,true],"author_info":[],"comment_info":"","_links":{"self":[{"href":"https:\/\/www.avenuedesigncanada.com\/fr\/wp-json\/wp\/v2\/product\/403590","targetHints":{"allow":["GET"]}}],"collection":[{"href":"https:\/\/www.avenuedesigncanada.com\/fr\/wp-json\/wp\/v2\/product"}],"about":[{"href":"https:\/\/www.avenuedesigncanada.com\/fr\/wp-json\/wp\/v2\/types\/product"}],"wp:featuredmedia":[{"embeddable":true,"href":"https:\/\/www.avenuedesigncanada.com\/fr\/wp-json\/wp\/v2\/media\/403557"}],"wp:attachment":[{"href":"https:\/\/www.avenuedesigncanada.com\/fr\/wp-json\/wp\/v2\/media?parent=403590"}],"wp:term":[{"taxonomy":"product_brand","embeddable":true,"href":"https:\/\/www.avenuedesigncanada.com\/fr\/wp-json\/wp\/v2\/product_brand?post=403590"},{"taxonomy":"product_cat","embeddable":true,"href":"https:\/\/www.avenuedesigncanada.com\/fr\/wp-json\/wp\/v2\/product_cat?post=403590"},{"taxonomy":"product_tag","embeddable":true,"href":"https:\/\/www.avenuedesigncanada.com\/fr\/wp-json\/wp\/v2\/product_tag?post=403590"}],"curies":[{"name":"wp","href":"https:\/\/api.w.org\/{rel}","templated":true}]}}