{"id":403596,"date":"2026-01-29T14:01:32","date_gmt":"2026-01-29T19:01:32","guid":{"rendered":"https:\/\/www.avenuedesigncanada.com\/product\/table-a-cocktail-nexus\/"},"modified":"2026-02-12T10:51:18","modified_gmt":"2026-02-12T15:51:18","slug":"table-a-cocktail-nexus","status":"publish","type":"product","link":"https:\/\/www.avenuedesigncanada.com\/fr\/product\/table-a-cocktail-nexus\/","title":{"rendered":"Table \u00e0 cocktail Nexus"},"content":{"rendered":"<p> <em> La table basse Nexus pr\u00e9sente les caract\u00e9ristiques suivantes : <\/em><\/p>\n<p>Finition du bois &#8211; Fr\u00eane<br \/>\nAccents en \u00e9mail dor\u00e9<\/p>\n<p>personnalisation possible<br \/>\nAvez-vous des questions sur ce produit ?<\/p>\n<p>Nos concepteurs sont l\u00e0 pour vous aider. Appelez-nous au (514) 340-9351 <\/p>\n","protected":false},"excerpt":{"rendered":"<p>La table basse Nexus pr\u00e9sente les caract\u00e9ristiques suivantes : Finition du bois &#8211; Fr\u00eane Accents en \u00e9mail dor\u00e9 personnalisation possible Avez-vous des questions sur ce produit ? Nos concepteurs sont l\u00e0 pour vous aider. Appelez-nous au (514) 340-9351<\/p>\n","protected":false},"featured_media":403489,"template":"","meta":{"_kad_blocks_custom_css":"","_kad_blocks_head_custom_js":"","_kad_blocks_body_custom_js":"","_kad_blocks_footer_custom_js":"","_kad_post_transparent":"","_kad_post_title":"","_kad_post_layout":"","_kad_post_sidebar_id":"","_kad_post_content_style":"","_kad_post_vertical_padding":"","_kad_post_feature":"","_kad_post_feature_position":"","_kad_post_header":false,"_kad_post_footer":false,"_kad_post_classname":""},"product_brand":[],"product_cat":[1841,1864,1327],"product_tag":[1852],"class_list":{"0":"post-403596","1":"product","2":"type-product","3":"status-publish","4":"has-post-thumbnail","6":"product_cat-meubles-sur-mesure","7":"product_cat-table-basse-sur-mesure","8":"product_cat-salon-tables-a-cafe","9":"product_tag-avenue-fr","11":"first","12":"instock","13":"taxable","14":"shipping-taxable","15":"product-type-simple","16":"entry","17":"content-bg","18":"loop-entry"},"taxonomy_info":{"product_cat":[{"value":1841,"label":"Meubles sur mesure"},{"value":1864,"label":"TABLE BASSE SUR MESURE"},{"value":1327,"label":"Tables \u00e0 caf\u00e9"}],"product_tag":[{"value":1852,"label":"AVENUE"}]},"featured_image_src_large":["https:\/\/www.avenuedesigncanada.com\/wp-content\/uploads\/2026\/01\/Nexus-Cocktail-Table-1-1-1024x1024.jpg",1024,1024,true],"author_info":[],"comment_info":"","_links":{"self":[{"href":"https:\/\/www.avenuedesigncanada.com\/fr\/wp-json\/wp\/v2\/product\/403596","targetHints":{"allow":["GET"]}}],"collection":[{"href":"https:\/\/www.avenuedesigncanada.com\/fr\/wp-json\/wp\/v2\/product"}],"about":[{"href":"https:\/\/www.avenuedesigncanada.com\/fr\/wp-json\/wp\/v2\/types\/product"}],"wp:featuredmedia":[{"embeddable":true,"href":"https:\/\/www.avenuedesigncanada.com\/fr\/wp-json\/wp\/v2\/media\/403489"}],"wp:attachment":[{"href":"https:\/\/www.avenuedesigncanada.com\/fr\/wp-json\/wp\/v2\/media?parent=403596"}],"wp:term":[{"taxonomy":"product_brand","embeddable":true,"href":"https:\/\/www.avenuedesigncanada.com\/fr\/wp-json\/wp\/v2\/product_brand?post=403596"},{"taxonomy":"product_cat","embeddable":true,"href":"https:\/\/www.avenuedesigncanada.com\/fr\/wp-json\/wp\/v2\/product_cat?post=403596"},{"taxonomy":"product_tag","embeddable":true,"href":"https:\/\/www.avenuedesigncanada.com\/fr\/wp-json\/wp\/v2\/product_tag?post=403596"}],"curies":[{"name":"wp","href":"https:\/\/api.w.org\/{rel}","templated":true}]}}