{"id":403843,"date":"2026-01-30T11:25:54","date_gmt":"2026-01-30T16:25:54","guid":{"rendered":"https:\/\/www.avenuedesigncanada.com\/product\/table-a-cocktail-boyle\/"},"modified":"2026-02-16T14:10:41","modified_gmt":"2026-02-16T19:10:41","slug":"table-a-cocktail-boyle","status":"publish","type":"product","link":"https:\/\/www.avenuedesigncanada.com\/fr\/product\/table-a-cocktail-boyle\/","title":{"rendered":"Table \u00e0 cocktail Boyle"},"content":{"rendered":"<p><em>La table \u00e0 cocktail Boyle pr\u00e9sente les caract\u00e9ristiques suivantes :<\/em><\/p>\n<p>Ch\u00eane bross\u00e9 au fil m\u00e9tallique au fini BoleteTable \u00e0 base ouverte avec deux coins ferm\u00e9s<br \/>\nRoulettes robustes<\/p>\n<p>Vous avez des questions sur ce produit ?<br \/>\nNos designers sont l\u00e0 pour vous aider.<br \/>\nAppelez-nous au (514) 340-9351<\/p>\n","protected":false},"excerpt":{"rendered":"<p>La table \u00e0 cocktail Boyle allie un design audacieux \u00e0 une l\u00e9g\u00e8ret\u00e9 due aux sections ouvertes de la base. Des panneaux de ch\u00eane incurv\u00e9s en finition Porcini cr\u00e9ent un contour de grain de bois altern\u00e9 sur le dessus. L&rsquo;\u00e9tag\u00e8re inf\u00e9rieure compl\u00e8te le design.  <\/p>\n","protected":false},"featured_media":403748,"template":"","meta":{"_kad_blocks_custom_css":"","_kad_blocks_head_custom_js":"","_kad_blocks_body_custom_js":"","_kad_blocks_footer_custom_js":"","_kad_post_transparent":"","_kad_post_title":"","_kad_post_layout":"","_kad_post_sidebar_id":"","_kad_post_content_style":"","_kad_post_vertical_padding":"","_kad_post_feature":"","_kad_post_feature_position":"","_kad_post_header":false,"_kad_post_footer":false,"_kad_post_classname":""},"product_brand":[],"product_cat":[1327],"product_tag":[1851,1844],"class_list":{"0":"post-403843","1":"product","2":"type-product","3":"status-publish","4":"has-post-thumbnail","6":"product_cat-salon-tables-a-cafe","7":"product_tag-barcelona-fr","8":"product_tag-barcelona-cg-fr-2","10":"first","11":"instock","12":"taxable","13":"shipping-taxable","14":"product-type-simple","15":"entry","16":"content-bg","17":"loop-entry"},"taxonomy_info":{"product_cat":[{"value":1327,"label":"Tables \u00e0 caf\u00e9"}],"product_tag":[{"value":1851,"label":"BARCELONA"},{"value":1844,"label":"BARCELONA - CG"}]},"featured_image_src_large":["https:\/\/www.avenuedesigncanada.com\/wp-content\/uploads\/2026\/01\/565015_103-1024x1024.jpg",1024,1024,true],"author_info":[],"comment_info":"","_links":{"self":[{"href":"https:\/\/www.avenuedesigncanada.com\/fr\/wp-json\/wp\/v2\/product\/403843","targetHints":{"allow":["GET"]}}],"collection":[{"href":"https:\/\/www.avenuedesigncanada.com\/fr\/wp-json\/wp\/v2\/product"}],"about":[{"href":"https:\/\/www.avenuedesigncanada.com\/fr\/wp-json\/wp\/v2\/types\/product"}],"wp:featuredmedia":[{"embeddable":true,"href":"https:\/\/www.avenuedesigncanada.com\/fr\/wp-json\/wp\/v2\/media\/403748"}],"wp:attachment":[{"href":"https:\/\/www.avenuedesigncanada.com\/fr\/wp-json\/wp\/v2\/media?parent=403843"}],"wp:term":[{"taxonomy":"product_brand","embeddable":true,"href":"https:\/\/www.avenuedesigncanada.com\/fr\/wp-json\/wp\/v2\/product_brand?post=403843"},{"taxonomy":"product_cat","embeddable":true,"href":"https:\/\/www.avenuedesigncanada.com\/fr\/wp-json\/wp\/v2\/product_cat?post=403843"},{"taxonomy":"product_tag","embeddable":true,"href":"https:\/\/www.avenuedesigncanada.com\/fr\/wp-json\/wp\/v2\/product_tag?post=403843"}],"curies":[{"name":"wp","href":"https:\/\/api.w.org\/{rel}","templated":true}]}}