{"id":403849,"date":"2026-01-30T11:25:55","date_gmt":"2026-01-30T16:25:55","guid":{"rendered":"https:\/\/www.avenuedesigncanada.com\/product\/ottoman-addison\/"},"modified":"2026-02-12T10:51:26","modified_gmt":"2026-02-12T15:51:26","slug":"ottoman-addison","status":"publish","type":"product","link":"https:\/\/www.avenuedesigncanada.com\/fr\/product\/ottoman-addison\/","title":{"rendered":"Ottoman Addison"},"content":{"rendered":"<p><em the=\"\" addison=\"\" ottoman=\"\" original=\"PC9lbT4=\" features:=\"\"><\/em> <\/p>\n<p>Un tailleur \u00e9l\u00e9gant avec des touches modernes<br \/>\nPieds de bois fusel\u00e9s en finition Portobello<br \/>\nCoussin \u00e0 ressorts<br \/>\nLes pi\u00e8ces compl\u00e9mentaires Addison sont \u00e9galement disponibles<br \/>\nVous avez des questions sur ce produit ?<br \/>\nNos designers sont l\u00e0 pour vous aider.<br \/>\nAppelez-nous au (514) 340-9351<\/p>\n","protected":false},"excerpt":{"rendered":"<p>Con\u00e7u pour apporter sophistication et confort in\u00e9gal\u00e9, le pouf Addison pr\u00e9sente une coupe \u00e9l\u00e9gante et des lignes nettes et modernes. Un coussin moelleux offre un soutien luxueux, tandis que les pieds fusel\u00e9s \u00e9l\u00e9gants ajoutent une touche contemporaine. <\/p>\n","protected":false},"featured_media":403754,"template":"","meta":{"_kad_blocks_custom_css":"","_kad_blocks_head_custom_js":"","_kad_blocks_body_custom_js":"","_kad_blocks_footer_custom_js":"","_kad_post_transparent":"","_kad_post_title":"","_kad_post_layout":"","_kad_post_sidebar_id":"","_kad_post_content_style":"","_kad_post_vertical_padding":"","_kad_post_feature":"","_kad_post_feature_position":"","_kad_post_header":false,"_kad_post_footer":false,"_kad_post_classname":""},"product_brand":[],"product_cat":[1325],"product_tag":[1851],"class_list":{"0":"post-403849","1":"product","2":"type-product","3":"status-publish","4":"has-post-thumbnail","6":"product_cat-poufs","7":"product_tag-barcelona-fr","9":"first","10":"instock","11":"taxable","12":"shipping-taxable","13":"product-type-simple","14":"entry","15":"content-bg","16":"loop-entry"},"taxonomy_info":{"product_cat":[{"value":1325,"label":"Ottomans"}],"product_tag":[{"value":1851,"label":"BARCELONA"}]},"featured_image_src_large":["https:\/\/www.avenuedesigncanada.com\/wp-content\/uploads\/2026\/01\/B1481B_102-1024x1024.jpg",1024,1024,true],"author_info":[],"comment_info":"","_links":{"self":[{"href":"https:\/\/www.avenuedesigncanada.com\/fr\/wp-json\/wp\/v2\/product\/403849","targetHints":{"allow":["GET"]}}],"collection":[{"href":"https:\/\/www.avenuedesigncanada.com\/fr\/wp-json\/wp\/v2\/product"}],"about":[{"href":"https:\/\/www.avenuedesigncanada.com\/fr\/wp-json\/wp\/v2\/types\/product"}],"wp:featuredmedia":[{"embeddable":true,"href":"https:\/\/www.avenuedesigncanada.com\/fr\/wp-json\/wp\/v2\/media\/403754"}],"wp:attachment":[{"href":"https:\/\/www.avenuedesigncanada.com\/fr\/wp-json\/wp\/v2\/media?parent=403849"}],"wp:term":[{"taxonomy":"product_brand","embeddable":true,"href":"https:\/\/www.avenuedesigncanada.com\/fr\/wp-json\/wp\/v2\/product_brand?post=403849"},{"taxonomy":"product_cat","embeddable":true,"href":"https:\/\/www.avenuedesigncanada.com\/fr\/wp-json\/wp\/v2\/product_cat?post=403849"},{"taxonomy":"product_tag","embeddable":true,"href":"https:\/\/www.avenuedesigncanada.com\/fr\/wp-json\/wp\/v2\/product_tag?post=403849"}],"curies":[{"name":"wp","href":"https:\/\/api.w.org\/{rel}","templated":true}]}}