{"id":403851,"date":"2026-01-30T11:26:04","date_gmt":"2026-01-30T16:26:04","guid":{"rendered":"https:\/\/www.avenuedesigncanada.com\/product\/table-a-cocktail-outline\/"},"modified":"2026-02-16T14:10:39","modified_gmt":"2026-02-16T19:10:39","slug":"table-a-cocktail-outline","status":"publish","type":"product","link":"https:\/\/www.avenuedesigncanada.com\/fr\/product\/table-a-cocktail-outline\/","title":{"rendered":"Table \u00e0 cocktail Outline"},"content":{"rendered":"<p><em>Le cocktail Outline pr\u00e9sente les caract\u00e9ristiques suivantes :<\/em><\/p>\n<p>Ch\u00eane bross\u00e9 en fil de fer au fini Cassel<br \/>\nBase ouverte avec brancard<br \/>\nPatins r\u00e9glables.<\/p>\n<p>Vous avez des questions sur ce produit ?<br \/>\nNos designers sont l\u00e0 pour vous aider.<br \/>\nAppelez-nous au (514) 340-9351.<\/p>\n","protected":false},"excerpt":{"rendered":"<p>Inspir\u00e9e par le style architectural de Frank Lloyd Wright, la table \u00e0 cocktail Outline met en valeur les formes audacieuses et les lignes simples du mouvement Arts and Crafts. Le bois profond\u00e9ment textur\u00e9 fini en Cassel est fa\u00e7onn\u00e9 en formes g\u00e9om\u00e9triques qui mettent en valeur le savoir-faire artisanal. Les panneaux rectilignes se divisent en deux pour la base et soutiennent un plateau rond audacieux.  <\/p>\n","protected":false},"featured_media":403702,"template":"","meta":{"_kad_blocks_custom_css":"","_kad_blocks_head_custom_js":"","_kad_blocks_body_custom_js":"","_kad_blocks_footer_custom_js":"","_kad_post_transparent":"","_kad_post_title":"","_kad_post_layout":"","_kad_post_sidebar_id":"","_kad_post_content_style":"","_kad_post_vertical_padding":"","_kad_post_feature":"","_kad_post_feature_position":"","_kad_post_header":false,"_kad_post_footer":false,"_kad_post_classname":""},"product_brand":[],"product_cat":[1327],"product_tag":[1844],"class_list":{"0":"post-403851","1":"product","2":"type-product","3":"status-publish","4":"has-post-thumbnail","6":"product_cat-salon-tables-a-cafe","7":"product_tag-barcelona-cg-fr-2","9":"first","10":"instock","11":"taxable","12":"shipping-taxable","13":"product-type-simple","14":"entry","15":"content-bg","16":"loop-entry"},"taxonomy_info":{"product_cat":[{"value":1327,"label":"Tables \u00e0 caf\u00e9"}],"product_tag":[{"value":1844,"label":"BARCELONA - CG"}]},"featured_image_src_large":["https:\/\/www.avenuedesigncanada.com\/wp-content\/uploads\/2026\/01\/360010-1024x1024.jpg",1024,1024,true],"author_info":[],"comment_info":"","_links":{"self":[{"href":"https:\/\/www.avenuedesigncanada.com\/fr\/wp-json\/wp\/v2\/product\/403851","targetHints":{"allow":["GET"]}}],"collection":[{"href":"https:\/\/www.avenuedesigncanada.com\/fr\/wp-json\/wp\/v2\/product"}],"about":[{"href":"https:\/\/www.avenuedesigncanada.com\/fr\/wp-json\/wp\/v2\/types\/product"}],"wp:featuredmedia":[{"embeddable":true,"href":"https:\/\/www.avenuedesigncanada.com\/fr\/wp-json\/wp\/v2\/media\/403702"}],"wp:attachment":[{"href":"https:\/\/www.avenuedesigncanada.com\/fr\/wp-json\/wp\/v2\/media?parent=403851"}],"wp:term":[{"taxonomy":"product_brand","embeddable":true,"href":"https:\/\/www.avenuedesigncanada.com\/fr\/wp-json\/wp\/v2\/product_brand?post=403851"},{"taxonomy":"product_cat","embeddable":true,"href":"https:\/\/www.avenuedesigncanada.com\/fr\/wp-json\/wp\/v2\/product_cat?post=403851"},{"taxonomy":"product_tag","embeddable":true,"href":"https:\/\/www.avenuedesigncanada.com\/fr\/wp-json\/wp\/v2\/product_tag?post=403851"}],"curies":[{"name":"wp","href":"https:\/\/api.w.org\/{rel}","templated":true}]}}