{"id":403856,"date":"2026-01-30T11:25:45","date_gmt":"2026-01-30T16:25:45","guid":{"rendered":"https:\/\/www.avenuedesigncanada.com\/product\/chaise-pivotante-chloe\/"},"modified":"2026-01-30T11:48:12","modified_gmt":"2026-01-30T16:48:12","slug":"chaise-pivotante-chloe","status":"publish","type":"product","link":"https:\/\/www.avenuedesigncanada.com\/fr\/product\/chaise-pivotante-chloe\/","title":{"rendered":"Chaise pivotante Chloe"},"content":{"rendered":"<p> <em> La chaise pivotante Chloe pr\u00e9sente les caract\u00e9ristiques suivantes : <\/em> <\/p>\n<p>Style moderne<br \/>\nAccoudoir \u00e0 l&rsquo;abri<br \/>\nDossier serr\u00e9<br \/>\nBase pivotante<br \/>\nVous avez des questions sur ce produit ?<br \/>\nNos designers sont l\u00e0 pour vous aider.<br \/>\nAppelez-nous au (514) 340-9351<\/p>\n","protected":false},"excerpt":{"rendered":"<p>Un bras en forme d&rsquo;abri et un dossier en forme d&rsquo;\u0153il donnent \u00e0 la chaise Chloe un style r\u00e9tro unique. Les accoudoirs et le dossier sont form\u00e9s d&rsquo;un arc continu qui s&rsquo;\u00e9tend d&rsquo;un c\u00f4t\u00e9 \u00e0 l&rsquo;autre, entourant un si\u00e8ge profond qui descend jusqu&rsquo;au sol. Une base pivotante cach\u00e9e offre un mouvement fluide lorsque la chaise tourne son point de vue.  <\/p>\n","protected":false},"featured_media":402882,"template":"","meta":{"_kad_blocks_custom_css":"","_kad_blocks_head_custom_js":"","_kad_blocks_body_custom_js":"","_kad_blocks_footer_custom_js":"","_kad_post_transparent":"","_kad_post_title":"","_kad_post_layout":"","_kad_post_sidebar_id":"","_kad_post_content_style":"","_kad_post_vertical_padding":"","_kad_post_feature":"","_kad_post_feature_position":"","_kad_post_header":false,"_kad_post_footer":false,"_kad_post_classname":""},"product_brand":[],"product_cat":[1320],"product_tag":[1851],"class_list":{"0":"post-403856","1":"product","2":"type-product","3":"status-publish","4":"has-post-thumbnail","6":"product_cat-fauteuils","7":"product_tag-barcelona-fr","9":"first","10":"instock","11":"taxable","12":"shipping-taxable","13":"product-type-simple","14":"entry","15":"content-bg","16":"loop-entry"},"taxonomy_info":{"product_cat":[{"value":1320,"label":"Fauteuils"}],"product_tag":[{"value":1851,"label":"BARCELONA"}]},"featured_image_src_large":["https:\/\/www.avenuedesigncanada.com\/wp-content\/uploads\/2026\/01\/B9323S_102-1024x1024.jpg",1024,1024,true],"author_info":[],"comment_info":"","_links":{"self":[{"href":"https:\/\/www.avenuedesigncanada.com\/fr\/wp-json\/wp\/v2\/product\/403856","targetHints":{"allow":["GET"]}}],"collection":[{"href":"https:\/\/www.avenuedesigncanada.com\/fr\/wp-json\/wp\/v2\/product"}],"about":[{"href":"https:\/\/www.avenuedesigncanada.com\/fr\/wp-json\/wp\/v2\/types\/product"}],"wp:featuredmedia":[{"embeddable":true,"href":"https:\/\/www.avenuedesigncanada.com\/fr\/wp-json\/wp\/v2\/media\/402882"}],"wp:attachment":[{"href":"https:\/\/www.avenuedesigncanada.com\/fr\/wp-json\/wp\/v2\/media?parent=403856"}],"wp:term":[{"taxonomy":"product_brand","embeddable":true,"href":"https:\/\/www.avenuedesigncanada.com\/fr\/wp-json\/wp\/v2\/product_brand?post=403856"},{"taxonomy":"product_cat","embeddable":true,"href":"https:\/\/www.avenuedesigncanada.com\/fr\/wp-json\/wp\/v2\/product_cat?post=403856"},{"taxonomy":"product_tag","embeddable":true,"href":"https:\/\/www.avenuedesigncanada.com\/fr\/wp-json\/wp\/v2\/product_tag?post=403856"}],"curies":[{"name":"wp","href":"https:\/\/api.w.org\/{rel}","templated":true}]}}