{"id":403860,"date":"2026-01-30T11:25:48","date_gmt":"2026-01-30T16:25:48","guid":{"rendered":"https:\/\/www.avenuedesigncanada.com\/product\/chaise-pivotante-keirnan\/"},"modified":"2026-02-12T10:51:28","modified_gmt":"2026-02-12T15:51:28","slug":"chaise-pivotante-keirnan","status":"publish","type":"product","link":"https:\/\/www.avenuedesigncanada.com\/fr\/product\/chaise-pivotante-keirnan\/","title":{"rendered":"Chaise pivotante Keirnan"},"content":{"rendered":"<p> <em> Le fauteuil pivotant Keirnan pr\u00e9sente les caract\u00e9ristiques suivantes : <\/em> <\/p>\n<p>Style traditionnel<br \/>\nAccoudoir roul\u00e9<br \/>\nCoussin de dossier \u00e0 bord tranchant<br \/>\nBase pivotante \u00e0 360 degr\u00e9s<br \/>\nVous avez des questions sur ce produit ?<br \/>\nNos designers sont l\u00e0 pour vous aider.<br \/>\nAppelez-nous au (514) 340-9351<\/p>\n","protected":false},"excerpt":{"rendered":"<p>Un bras roul\u00e9 traditionnel trouve une nouvelle libert\u00e9 d&rsquo;expression avec une douce volute sur le fauteuil pivotant Keirnan. L&rsquo;accoudoir s&rsquo;\u00e9l\u00e8ve jusqu&rsquo;\u00e0 un dossier en pente douce qui offre style et confort. Les coussins en bord de couteau compl\u00e8tent le design cossu pour une version moderne d&rsquo;un look classique.  <\/p>\n","protected":false},"featured_media":403720,"template":"","meta":{"_kad_blocks_custom_css":"","_kad_blocks_head_custom_js":"","_kad_blocks_body_custom_js":"","_kad_blocks_footer_custom_js":"","_kad_post_transparent":"","_kad_post_title":"","_kad_post_layout":"","_kad_post_sidebar_id":"","_kad_post_content_style":"","_kad_post_vertical_padding":"","_kad_post_feature":"","_kad_post_feature_position":"","_kad_post_header":false,"_kad_post_footer":false,"_kad_post_classname":""},"product_brand":[],"product_cat":[1320],"product_tag":[1851],"class_list":{"0":"post-403860","1":"product","2":"type-product","3":"status-publish","4":"has-post-thumbnail","6":"product_cat-fauteuils","7":"product_tag-barcelona-fr","9":"first","10":"instock","11":"taxable","12":"shipping-taxable","13":"product-type-simple","14":"entry","15":"content-bg","16":"loop-entry"},"taxonomy_info":{"product_cat":[{"value":1320,"label":"Fauteuils"}],"product_tag":[{"value":1851,"label":"BARCELONA"}]},"featured_image_src_large":["https:\/\/www.avenuedesigncanada.com\/wp-content\/uploads\/2026\/01\/P4362SA_102-1024x1024.jpg",1024,1024,true],"author_info":[],"comment_info":"","_links":{"self":[{"href":"https:\/\/www.avenuedesigncanada.com\/fr\/wp-json\/wp\/v2\/product\/403860","targetHints":{"allow":["GET"]}}],"collection":[{"href":"https:\/\/www.avenuedesigncanada.com\/fr\/wp-json\/wp\/v2\/product"}],"about":[{"href":"https:\/\/www.avenuedesigncanada.com\/fr\/wp-json\/wp\/v2\/types\/product"}],"wp:featuredmedia":[{"embeddable":true,"href":"https:\/\/www.avenuedesigncanada.com\/fr\/wp-json\/wp\/v2\/media\/403720"}],"wp:attachment":[{"href":"https:\/\/www.avenuedesigncanada.com\/fr\/wp-json\/wp\/v2\/media?parent=403860"}],"wp:term":[{"taxonomy":"product_brand","embeddable":true,"href":"https:\/\/www.avenuedesigncanada.com\/fr\/wp-json\/wp\/v2\/product_brand?post=403860"},{"taxonomy":"product_cat","embeddable":true,"href":"https:\/\/www.avenuedesigncanada.com\/fr\/wp-json\/wp\/v2\/product_cat?post=403860"},{"taxonomy":"product_tag","embeddable":true,"href":"https:\/\/www.avenuedesigncanada.com\/fr\/wp-json\/wp\/v2\/product_tag?post=403860"}],"curies":[{"name":"wp","href":"https:\/\/api.w.org\/{rel}","templated":true}]}}