{"id":403864,"date":"2026-01-30T11:16:00","date_gmt":"2026-01-30T16:16:00","guid":{"rendered":"https:\/\/www.avenuedesigncanada.com\/product\/chaise-pivotante-vista\/"},"modified":"2026-02-12T10:51:30","modified_gmt":"2026-02-12T15:51:30","slug":"chaise-pivotante-vista","status":"publish","type":"product","link":"https:\/\/www.avenuedesigncanada.com\/fr\/product\/chaise-pivotante-vista\/","title":{"rendered":"Chaise pivotante Vista"},"content":{"rendered":"<p> <em> Le fauteuil pivotant Vista pr\u00e9sente les caract\u00e9ristiques suivantes : <\/em><\/p>\n<p>Style transitionnel<br \/>\nAccoudoir surdimensionn\u00e9<br \/>\nCoussin de dossier \u00e0 bords coup\u00e9s<br \/>\nD\u00e9tails de couture<br \/>\nCoussin de d\u00e9tente inclus<br \/>\nBase pivotante<br \/>\nVous avez des questions sur ce produit ?<br \/>\nNos designers sont l\u00e0 pour vous aider.<br \/>\nAppelez-nous au (514) 340-9351<\/p>\n","protected":false},"excerpt":{"rendered":"<p>Le fauteuil pivotant Vista est caract\u00e9ris\u00e9 par des accoudoirs l\u00e9g\u00e8rement incurv\u00e9s et des d\u00e9tails cousus qui s&rsquo;\u00e9tendent sur les c\u00f4t\u00e9s. Les lignes sont adoucies et le rembourrage est con\u00e7u pour un maximum de confort. Une base pivotante permet \u00e9galement un mouvement fluide sur 360 degr\u00e9s.  <\/p>\n","protected":false},"featured_media":403732,"template":"","meta":{"_kad_blocks_custom_css":"","_kad_blocks_head_custom_js":"","_kad_blocks_body_custom_js":"","_kad_blocks_footer_custom_js":"","_kad_post_transparent":"","_kad_post_title":"","_kad_post_layout":"","_kad_post_sidebar_id":"","_kad_post_content_style":"","_kad_post_vertical_padding":"","_kad_post_feature":"","_kad_post_feature_position":"","_kad_post_header":false,"_kad_post_footer":false,"_kad_post_classname":""},"product_brand":[],"product_cat":[1320],"product_tag":[1851],"class_list":{"0":"post-403864","1":"product","2":"type-product","3":"status-publish","4":"has-post-thumbnail","6":"product_cat-fauteuils","7":"product_tag-barcelona-fr","9":"first","10":"instock","11":"taxable","12":"shipping-taxable","13":"product-type-simple","14":"entry","15":"content-bg","16":"loop-entry"},"taxonomy_info":{"product_cat":[{"value":1320,"label":"Fauteuils"}],"product_tag":[{"value":1851,"label":"BARCELONA"}]},"featured_image_src_large":["https:\/\/www.avenuedesigncanada.com\/wp-content\/uploads\/2026\/01\/P4002SA_102-1024x1024.jpg",1024,1024,true],"author_info":[],"comment_info":"","_links":{"self":[{"href":"https:\/\/www.avenuedesigncanada.com\/fr\/wp-json\/wp\/v2\/product\/403864","targetHints":{"allow":["GET"]}}],"collection":[{"href":"https:\/\/www.avenuedesigncanada.com\/fr\/wp-json\/wp\/v2\/product"}],"about":[{"href":"https:\/\/www.avenuedesigncanada.com\/fr\/wp-json\/wp\/v2\/types\/product"}],"wp:featuredmedia":[{"embeddable":true,"href":"https:\/\/www.avenuedesigncanada.com\/fr\/wp-json\/wp\/v2\/media\/403732"}],"wp:attachment":[{"href":"https:\/\/www.avenuedesigncanada.com\/fr\/wp-json\/wp\/v2\/media?parent=403864"}],"wp:term":[{"taxonomy":"product_brand","embeddable":true,"href":"https:\/\/www.avenuedesigncanada.com\/fr\/wp-json\/wp\/v2\/product_brand?post=403864"},{"taxonomy":"product_cat","embeddable":true,"href":"https:\/\/www.avenuedesigncanada.com\/fr\/wp-json\/wp\/v2\/product_cat?post=403864"},{"taxonomy":"product_tag","embeddable":true,"href":"https:\/\/www.avenuedesigncanada.com\/fr\/wp-json\/wp\/v2\/product_tag?post=403864"}],"curies":[{"name":"wp","href":"https:\/\/api.w.org\/{rel}","templated":true}]}}