{"id":403867,"date":"2026-01-30T11:25:39","date_gmt":"2026-01-30T16:25:39","guid":{"rendered":"https:\/\/www.avenuedesigncanada.com\/product\/chaise-addison-2\/"},"modified":"2026-02-12T10:51:30","modified_gmt":"2026-02-12T15:51:30","slug":"chaise-addison-2","status":"publish","type":"product","link":"https:\/\/www.avenuedesigncanada.com\/fr\/product\/chaise-addison-2\/","title":{"rendered":"Chaise Addison"},"content":{"rendered":"<p> <em> La chaise Addison pr\u00e9sente les caract\u00e9ristiques suivantes : <\/em><br \/>\nUne coupe \u00e9l\u00e9gante avec des touches modernes<br \/>\nAccoudoirs avec passepoil<br \/>\nPieds fusel\u00e9s en bois avec finition Portobello<br \/>\nCanap\u00e9 et causeuse Addison \u00e9galement disponibles.<br \/>\nVous avez des questions sur ce produit ?<br \/>\nNos designers sont l\u00e0 pour vous aider.<br \/>\nAppelez-nous au (514) 340-9351<\/p>\n","protected":false},"excerpt":{"rendered":"<p>Con\u00e7u pour offrir une sophistication et un confort sans pr\u00e9c\u00e9dent, le fauteuil Addison pr\u00e9sente une coupe \u00e9l\u00e9gante et des touches modernes. La soudure court le long des bras et du dossier pour un aspect poli, tandis que les accoudoirs et les pieds effil\u00e9s apportent une touche contemporaine. Un coussin de dossier en fibre et un coussin en T en duvet d&rsquo;oie offrent un soutien luxueux.  <\/p>\n","protected":false},"featured_media":402751,"template":"","meta":{"_kad_blocks_custom_css":"","_kad_blocks_head_custom_js":"","_kad_blocks_body_custom_js":"","_kad_blocks_footer_custom_js":"","_kad_post_transparent":"","_kad_post_title":"","_kad_post_layout":"","_kad_post_sidebar_id":"","_kad_post_content_style":"","_kad_post_vertical_padding":"","_kad_post_feature":"","_kad_post_feature_position":"","_kad_post_header":false,"_kad_post_footer":false,"_kad_post_classname":""},"product_brand":[],"product_cat":[1320],"product_tag":[1851],"class_list":{"0":"post-403867","1":"product","2":"type-product","3":"status-publish","4":"has-post-thumbnail","6":"product_cat-fauteuils","7":"product_tag-barcelona-fr","9":"first","10":"instock","11":"taxable","12":"shipping-taxable","13":"product-type-simple","14":"entry","15":"content-bg","16":"loop-entry"},"taxonomy_info":{"product_cat":[{"value":1320,"label":"Fauteuils"}],"product_tag":[{"value":1851,"label":"BARCELONA"}]},"featured_image_src_large":["https:\/\/www.avenuedesigncanada.com\/wp-content\/uploads\/2026\/01\/B1482A_103-1024x1024.jpg",1024,1024,true],"author_info":[],"comment_info":"","_links":{"self":[{"href":"https:\/\/www.avenuedesigncanada.com\/fr\/wp-json\/wp\/v2\/product\/403867","targetHints":{"allow":["GET"]}}],"collection":[{"href":"https:\/\/www.avenuedesigncanada.com\/fr\/wp-json\/wp\/v2\/product"}],"about":[{"href":"https:\/\/www.avenuedesigncanada.com\/fr\/wp-json\/wp\/v2\/types\/product"}],"wp:featuredmedia":[{"embeddable":true,"href":"https:\/\/www.avenuedesigncanada.com\/fr\/wp-json\/wp\/v2\/media\/402751"}],"wp:attachment":[{"href":"https:\/\/www.avenuedesigncanada.com\/fr\/wp-json\/wp\/v2\/media?parent=403867"}],"wp:term":[{"taxonomy":"product_brand","embeddable":true,"href":"https:\/\/www.avenuedesigncanada.com\/fr\/wp-json\/wp\/v2\/product_brand?post=403867"},{"taxonomy":"product_cat","embeddable":true,"href":"https:\/\/www.avenuedesigncanada.com\/fr\/wp-json\/wp\/v2\/product_cat?post=403867"},{"taxonomy":"product_tag","embeddable":true,"href":"https:\/\/www.avenuedesigncanada.com\/fr\/wp-json\/wp\/v2\/product_tag?post=403867"}],"curies":[{"name":"wp","href":"https:\/\/api.w.org\/{rel}","templated":true}]}}