{"id":404489,"date":"2026-02-02T09:57:42","date_gmt":"2026-02-02T14:57:42","guid":{"rendered":"https:\/\/www.avenuedesigncanada.com\/product\/meuble-bar-loggia\/"},"modified":"2026-02-13T16:29:09","modified_gmt":"2026-02-13T21:29:09","slug":"meuble-bar-loggia","status":"publish","type":"product","link":"https:\/\/www.avenuedesigncanada.com\/fr\/product\/meuble-bar-loggia\/","title":{"rendered":"Meuble bar Loggia"},"content":{"rendered":"<p><em>Caract\u00e9ristiques du meuble bar Loggia :<\/em>Ch\u00eane bross\u00e9 en finition Aria<\/p>\n<p>Deux portes avant festonn\u00e9es \u00e0 ouverture par pouss\u00e9e<\/p>\n<p>Bandeau lumineux int\u00e9rieur avec interrupteur \u00e0 palette<\/p>\n<p>Panneau arri\u00e8re en miroir<\/p>\n<p>Porte-verres<\/p>\n<p>Deux \u00e9tag\u00e8res en verre r\u00e9glables<\/p>\n<p>Deux tiroirs \u00e0 ouverture par traction et fermeture en douceur avec un tampon envelopp\u00e9 de tissu Guardian dans chacun d&rsquo;eux.<\/p>\n<p>Tablette fixe pour le rangement des bouteilles<\/p>\n<p>Patins ajustables<\/p>\n<p>Kit anti-pointes<br \/>\nVous avez des questions sur ce produit ? Nos concepteurs sont l\u00e0 pour vous aider. Appelez-nous au (514) 340-9351.<\/p>\n","protected":false},"excerpt":{"rendered":"<p>Les courbes et les plans cr\u00e9ent un jeu d&rsquo;ombres et de lumi\u00e8res sur le meuble bar Loggia. Les cannelures marquent les deux portes tandis que la base pr\u00e9sente une courbe concave. Les portes s&rsquo;ouvrent pour r\u00e9v\u00e9ler des lumi\u00e8res, un panneau arri\u00e8re en miroir, un rangement pour les bouteilles et deux tiroirs.  <\/p>\n","protected":false},"featured_media":404379,"template":"","meta":{"_kad_blocks_custom_css":"","_kad_blocks_head_custom_js":"","_kad_blocks_body_custom_js":"","_kad_blocks_footer_custom_js":"","_kad_post_transparent":"","_kad_post_title":"","_kad_post_layout":"","_kad_post_sidebar_id":"","_kad_post_content_style":"","_kad_post_vertical_padding":"","_kad_post_feature":"","_kad_post_feature_position":"","_kad_post_header":false,"_kad_post_footer":false,"_kad_post_classname":""},"product_brand":[],"product_cat":[1301,1309],"product_tag":[1844],"class_list":{"0":"post-404489","1":"product","2":"type-product","3":"status-publish","4":"has-post-thumbnail","6":"product_cat-rangement-et-dessertes-fr","7":"product_cat-rangement-fr","8":"product_tag-barcelona-cg-fr-2","10":"first","11":"instock","12":"taxable","13":"shipping-taxable","14":"product-type-simple","15":"entry","16":"content-bg","17":"loop-entry"},"taxonomy_info":{"product_cat":[{"value":1301,"label":"Dessertes"},{"value":1309,"label":"Rangement"}],"product_tag":[{"value":1844,"label":"BARCELONA - CG"}]},"featured_image_src_large":["https:\/\/www.avenuedesigncanada.com\/wp-content\/uploads\/2026\/02\/345845_102-1024x1024.jpg",1024,1024,true],"author_info":[],"comment_info":"","_links":{"self":[{"href":"https:\/\/www.avenuedesigncanada.com\/fr\/wp-json\/wp\/v2\/product\/404489","targetHints":{"allow":["GET"]}}],"collection":[{"href":"https:\/\/www.avenuedesigncanada.com\/fr\/wp-json\/wp\/v2\/product"}],"about":[{"href":"https:\/\/www.avenuedesigncanada.com\/fr\/wp-json\/wp\/v2\/types\/product"}],"wp:featuredmedia":[{"embeddable":true,"href":"https:\/\/www.avenuedesigncanada.com\/fr\/wp-json\/wp\/v2\/media\/404379"}],"wp:attachment":[{"href":"https:\/\/www.avenuedesigncanada.com\/fr\/wp-json\/wp\/v2\/media?parent=404489"}],"wp:term":[{"taxonomy":"product_brand","embeddable":true,"href":"https:\/\/www.avenuedesigncanada.com\/fr\/wp-json\/wp\/v2\/product_brand?post=404489"},{"taxonomy":"product_cat","embeddable":true,"href":"https:\/\/www.avenuedesigncanada.com\/fr\/wp-json\/wp\/v2\/product_cat?post=404489"},{"taxonomy":"product_tag","embeddable":true,"href":"https:\/\/www.avenuedesigncanada.com\/fr\/wp-json\/wp\/v2\/product_tag?post=404489"}],"curies":[{"name":"wp","href":"https:\/\/api.w.org\/{rel}","templated":true}]}}