{"id":404490,"date":"2026-02-02T09:57:35","date_gmt":"2026-02-02T14:57:35","guid":{"rendered":"https:\/\/www.avenuedesigncanada.com\/product\/armoire-de-rangement-sharaab\/"},"modified":"2026-02-13T16:29:32","modified_gmt":"2026-02-13T21:29:32","slug":"armoire-de-rangement-sharaab","status":"publish","type":"product","link":"https:\/\/www.avenuedesigncanada.com\/fr\/product\/armoire-de-rangement-sharaab\/","title":{"rendered":"Armoire de rangement Sharaab"},"content":{"rendered":"<p><emsharaab storage=\"\" cabinet=\"\" original=\"PC9lbT4=\" features:=\"\"><\/emsharaab>PSarmoire de rangement avec technique d&rsquo;argent allemand en finition Argent antique<\/p>\n<p>Finition int\u00e9rieure peinte<\/p>\n<p>Deux portes \u00e0 ouverture par pression avec motif g\u00e9om\u00e9trique multi-hauteur sur les fa\u00e7ades<\/p>\n<p>A l&rsquo;int\u00e9rieur se trouvent deux tablettes r\u00e9glables et une tablette centrale fixe<\/p>\n<p>Patins r\u00e9glables<\/p>\n<p>Kit anti-basculement<br \/>\nVous avez des questions sur ce produit ? Nos designers sont l\u00e0 pour vous aider. Appelez-nous au (514) 340-9351.<\/p>\n","protected":false},"excerpt":{"rendered":"<p>Inspir\u00e9 par le mouvement brutaliste, le meuble de rangement Sharaab pr\u00e9sente un design dimensionnel de formes g\u00e9om\u00e9triques sur deux portes \u00e0 ouverture par pression. Rev\u00eatu d&rsquo;un superbe argent allemand, l&rsquo;\u00e9clat m\u00e9tallique doux cr\u00e9e un style moderne convaincant sur un socle. Les portes s&rsquo;ouvrent pour r\u00e9v\u00e9ler un int\u00e9rieur peint avec deux \u00e9tag\u00e8res r\u00e9glables et une \u00e9tag\u00e8re fixe.  <\/p>\n","protected":false},"featured_media":404330,"template":"","meta":{"_kad_blocks_custom_css":"","_kad_blocks_head_custom_js":"","_kad_blocks_body_custom_js":"","_kad_blocks_footer_custom_js":"","_kad_post_transparent":"","_kad_post_title":"","_kad_post_layout":"","_kad_post_sidebar_id":"","_kad_post_content_style":"","_kad_post_vertical_padding":"","_kad_post_feature":"","_kad_post_feature_position":"","_kad_post_header":false,"_kad_post_footer":false,"_kad_post_classname":""},"product_brand":[],"product_cat":[1309],"product_tag":[1844],"class_list":{"0":"post-404490","1":"product","2":"type-product","3":"status-publish","4":"has-post-thumbnail","6":"product_cat-rangement-fr","7":"product_tag-barcelona-cg-fr-2","9":"first","10":"instock","11":"taxable","12":"shipping-taxable","13":"product-type-simple","14":"entry","15":"content-bg","16":"loop-entry"},"taxonomy_info":{"product_cat":[{"value":1309,"label":"Rangement"}],"product_tag":[{"value":1844,"label":"BARCELONA - CG"}]},"featured_image_src_large":["https:\/\/www.avenuedesigncanada.com\/wp-content\/uploads\/2026\/02\/357817_102-1024x1024.jpg",1024,1024,true],"author_info":[],"comment_info":"","_links":{"self":[{"href":"https:\/\/www.avenuedesigncanada.com\/fr\/wp-json\/wp\/v2\/product\/404490","targetHints":{"allow":["GET"]}}],"collection":[{"href":"https:\/\/www.avenuedesigncanada.com\/fr\/wp-json\/wp\/v2\/product"}],"about":[{"href":"https:\/\/www.avenuedesigncanada.com\/fr\/wp-json\/wp\/v2\/types\/product"}],"wp:featuredmedia":[{"embeddable":true,"href":"https:\/\/www.avenuedesigncanada.com\/fr\/wp-json\/wp\/v2\/media\/404330"}],"wp:attachment":[{"href":"https:\/\/www.avenuedesigncanada.com\/fr\/wp-json\/wp\/v2\/media?parent=404490"}],"wp:term":[{"taxonomy":"product_brand","embeddable":true,"href":"https:\/\/www.avenuedesigncanada.com\/fr\/wp-json\/wp\/v2\/product_brand?post=404490"},{"taxonomy":"product_cat","embeddable":true,"href":"https:\/\/www.avenuedesigncanada.com\/fr\/wp-json\/wp\/v2\/product_cat?post=404490"},{"taxonomy":"product_tag","embeddable":true,"href":"https:\/\/www.avenuedesigncanada.com\/fr\/wp-json\/wp\/v2\/product_tag?post=404490"}],"curies":[{"name":"wp","href":"https:\/\/api.w.org\/{rel}","templated":true}]}}