{"id":404492,"date":"2026-02-02T09:57:33","date_gmt":"2026-02-02T14:57:33","guid":{"rendered":"https:\/\/www.avenuedesigncanada.com\/product\/coffre-a-tiroirs-axiom\/"},"modified":"2026-02-02T10:20:42","modified_gmt":"2026-02-02T15:20:42","slug":"coffre-a-tiroirs-axiom","status":"publish","type":"product","link":"https:\/\/www.avenuedesigncanada.com\/fr\/product\/coffre-a-tiroirs-axiom\/","title":{"rendered":"Coffre \u00e0 tiroirs Axiom"},"content":{"rendered":"<p><em>Commode Axiom<br \/>\n Caract\u00e9ristiques :<\/em><br \/>\nBois massif de peuplier et placage de faux anigre d&rsquo;ing\u00e9nierie<br \/>\nFini blanc lin\u00e9aire sur les fa\u00e7ades de la caisse et des tiroirs<br \/>\nCinq tiroirs<br \/>\nFini gris lin\u00e9aire sur la bordure inf\u00e9rieure de la caisse et la base du socle<br \/>\nPatins r\u00e9glables<br \/>\nKit anti-basculement<\/p>\n<p>Vous avez des questions sur ce produit ?<br \/>\nNos concepteurs sont l\u00e0 pour vous aider.<br \/>\nAppelez-nous au (514) 340-9373.<\/p>\n","protected":false},"excerpt":{"rendered":"<p>La grande commode Axiom est une pi\u00e8ce de transition glamour \u00e0 l&rsquo;allure moderne. Deux finitions soyeuses mais peu lustr\u00e9es sont appliqu\u00e9es sur le peuplier massif et les placages en faux anigre. Pour rehausser l&rsquo;attrait visuel, la fa\u00e7ade doucement arqu\u00e9e pr\u00e9sente un motif de pyramide invers\u00e9e \u00e0 travers les tiroirs de la face fantaisie. L&rsquo;acrylique transparent s&rsquo;associe au m\u00e9tal pour une quincaillerie \u00e0 l&rsquo;aspect frais et unique. Avec ses lignes pures et sa forme \u00e9l\u00e9gante, cette commode \u00e0 cinq tiroirs reste un \u00e9l\u00e9ment de base chaleureux et accueillant pour la chambre \u00e0 coucher.    <\/p>\n","protected":false},"featured_media":404272,"template":"","meta":{"_kad_blocks_custom_css":"","_kad_blocks_head_custom_js":"","_kad_blocks_body_custom_js":"","_kad_blocks_footer_custom_js":"","_kad_post_transparent":"","_kad_post_title":"","_kad_post_layout":"","_kad_post_sidebar_id":"","_kad_post_content_style":"","_kad_post_vertical_padding":"","_kad_post_feature":"","_kad_post_feature_position":"","_kad_post_header":false,"_kad_post_footer":false,"_kad_post_classname":""},"product_brand":[],"product_cat":[1298],"product_tag":[1844],"class_list":{"0":"post-404492","1":"product","2":"type-product","3":"status-publish","4":"has-post-thumbnail","6":"product_cat-commodes","7":"product_tag-barcelona-cg-fr-2","9":"first","10":"instock","11":"taxable","12":"shipping-taxable","13":"product-type-simple","14":"entry","15":"content-bg","16":"loop-entry"},"taxonomy_info":{"product_cat":[{"value":1298,"label":"Commodes"}],"product_tag":[{"value":1844,"label":"BARCELONA - CG"}]},"featured_image_src_large":["https:\/\/www.avenuedesigncanada.com\/wp-content\/uploads\/2026\/01\/381119_102-1024x1024.jpg",1024,1024,true],"author_info":[],"comment_info":"","_links":{"self":[{"href":"https:\/\/www.avenuedesigncanada.com\/fr\/wp-json\/wp\/v2\/product\/404492","targetHints":{"allow":["GET"]}}],"collection":[{"href":"https:\/\/www.avenuedesigncanada.com\/fr\/wp-json\/wp\/v2\/product"}],"about":[{"href":"https:\/\/www.avenuedesigncanada.com\/fr\/wp-json\/wp\/v2\/types\/product"}],"wp:featuredmedia":[{"embeddable":true,"href":"https:\/\/www.avenuedesigncanada.com\/fr\/wp-json\/wp\/v2\/media\/404272"}],"wp:attachment":[{"href":"https:\/\/www.avenuedesigncanada.com\/fr\/wp-json\/wp\/v2\/media?parent=404492"}],"wp:term":[{"taxonomy":"product_brand","embeddable":true,"href":"https:\/\/www.avenuedesigncanada.com\/fr\/wp-json\/wp\/v2\/product_brand?post=404492"},{"taxonomy":"product_cat","embeddable":true,"href":"https:\/\/www.avenuedesigncanada.com\/fr\/wp-json\/wp\/v2\/product_cat?post=404492"},{"taxonomy":"product_tag","embeddable":true,"href":"https:\/\/www.avenuedesigncanada.com\/fr\/wp-json\/wp\/v2\/product_tag?post=404492"}],"curies":[{"name":"wp","href":"https:\/\/api.w.org\/{rel}","templated":true}]}}