{"id":404493,"date":"2026-02-02T09:57:31","date_gmt":"2026-02-02T14:57:31","guid":{"rendered":"https:\/\/www.avenuedesigncanada.com\/product\/coffre-a-tiroirs-east-hampton\/"},"modified":"2026-02-13T16:29:31","modified_gmt":"2026-02-13T21:29:31","slug":"coffre-a-tiroirs-east-hampton","status":"publish","type":"product","link":"https:\/\/www.avenuedesigncanada.com\/fr\/product\/coffre-a-tiroirs-east-hampton\/","title":{"rendered":"Coffre \u00e0 tiroirs East Hampton"},"content":{"rendered":"<p><em>Commode East Hampton Caract\u00e9ristiques :<\/em><br \/>\nSolides et placages de fr\u00eane au fini Cerused Linen<br \/>\nTrois tiroirs avec recouvrement vertical fa\u00e7onn\u00e9<br \/>\nPatins r\u00e9glables<br \/>\nKit anti-basculement<\/p>\n<p>Vous avez des questions sur ce produit ?<br \/>\nNos designers sont l\u00e0 pour vous aider.<br \/>\nAppelez-nous au (514) 340-9351<\/p>\n","protected":false},"excerpt":{"rendered":"<p>Le meuble d&rsquo;entr\u00e9e East Hampton \u00e0 trois tiroirs pr\u00e9sente des superpositions verticales fa\u00e7onn\u00e9es qui ajoutent de la profondeur et de la dimension au design minimaliste. Les placages en fr\u00eane quarr\u00e9 sont pr\u00e9sent\u00e9s dans une finition Cerused Linen, cr\u00e9\u00e9e \u00e0 l&rsquo;aide de techniques l\u00e9g\u00e8res de brossage m\u00e9tallique et de c\u00e9rusage pour mettre en \u00e9vidence le grain lin\u00e9aire du bois. La douceur de la finition se marie avec la courbure subtile des superpositions pour cr\u00e9er un look l\u00e9g\u00e8rement f\u00e9minin. Les pieds effil\u00e9s contribuent \u00e0 l&rsquo;esth\u00e9tique \u00e9pur\u00e9e et moderne.   <\/p>\n","protected":false},"featured_media":404264,"template":"","meta":{"_kad_blocks_custom_css":"","_kad_blocks_head_custom_js":"","_kad_blocks_body_custom_js":"","_kad_blocks_footer_custom_js":"","_kad_post_transparent":"","_kad_post_title":"","_kad_post_layout":"","_kad_post_sidebar_id":"","_kad_post_content_style":"","_kad_post_vertical_padding":"","_kad_post_feature":"","_kad_post_feature_position":"","_kad_post_header":false,"_kad_post_footer":false,"_kad_post_classname":""},"product_brand":[],"product_cat":[1298],"product_tag":[1844],"class_list":{"0":"post-404493","1":"product","2":"type-product","3":"status-publish","4":"has-post-thumbnail","6":"product_cat-commodes","7":"product_tag-barcelona-cg-fr-2","9":"first","10":"instock","11":"taxable","12":"shipping-taxable","13":"product-type-simple","14":"entry","15":"content-bg","16":"loop-entry"},"taxonomy_info":{"product_cat":[{"value":1298,"label":"Commodes"}],"product_tag":[{"value":1844,"label":"BARCELONA - CG"}]},"featured_image_src_large":["https:\/\/www.avenuedesigncanada.com\/wp-content\/uploads\/2026\/01\/395115_102-1024x1024.jpg",1024,1024,true],"author_info":[],"comment_info":"","_links":{"self":[{"href":"https:\/\/www.avenuedesigncanada.com\/fr\/wp-json\/wp\/v2\/product\/404493","targetHints":{"allow":["GET"]}}],"collection":[{"href":"https:\/\/www.avenuedesigncanada.com\/fr\/wp-json\/wp\/v2\/product"}],"about":[{"href":"https:\/\/www.avenuedesigncanada.com\/fr\/wp-json\/wp\/v2\/types\/product"}],"wp:featuredmedia":[{"embeddable":true,"href":"https:\/\/www.avenuedesigncanada.com\/fr\/wp-json\/wp\/v2\/media\/404264"}],"wp:attachment":[{"href":"https:\/\/www.avenuedesigncanada.com\/fr\/wp-json\/wp\/v2\/media?parent=404493"}],"wp:term":[{"taxonomy":"product_brand","embeddable":true,"href":"https:\/\/www.avenuedesigncanada.com\/fr\/wp-json\/wp\/v2\/product_brand?post=404493"},{"taxonomy":"product_cat","embeddable":true,"href":"https:\/\/www.avenuedesigncanada.com\/fr\/wp-json\/wp\/v2\/product_cat?post=404493"},{"taxonomy":"product_tag","embeddable":true,"href":"https:\/\/www.avenuedesigncanada.com\/fr\/wp-json\/wp\/v2\/product_tag?post=404493"}],"curies":[{"name":"wp","href":"https:\/\/api.w.org\/{rel}","templated":true}]}}